{"id":30321,"date":"2024-10-31T14:08:23","date_gmt":"2024-10-31T13:08:23","guid":{"rendered":"https:\/\/testshop.igel.wovodo.de\/product\/ansaugset-8-inkl-5m-schlauch\/"},"modified":"2025-01-27T12:29:48","modified_gmt":"2025-01-27T11:29:48","slug":"ansaugset-8-inkl-5m-schlauch","status":"publish","type":"product","link":"https:\/\/testshop.igel.wovodo.de\/es\/product\/ansaugset-8-inkl-5m-schlauch\/","title":{"rendered":"Ansaugset 8 (inkl. 5m Schlauch)"},"content":{"rendered":"<div class=\"sale_application\">\n<ul>\n<li>zur automatischen Brauchwasserversorgung in Haus und Garten<\/li>\n<li>Aprovechamiento del agua de lluvia<\/li>\n<li>f\u00fcr Kreiselpumpen geeignet<\/li>\n<\/ul><\/div>\n<div class=\"sale_description\">\n<p>Die schwimmende Ansaugung wird an die Saugseite einer Pumpe angeschlossen. Das Set sorgt daf\u00fcr, dass keine Sedimente, schlimmstenfalls Sand, angesaugt werden und die Laufr\u00e4der der Pumpe besch\u00e4digen k\u00f6nnen. Das mitgelieferte R\u00fcckschlagventil verhindert ein leerlaufen der Saugleitung<\/p>\n<p>Der Ansaugkorb ist an einer Schwimmerkugel befestigt und saugt etwa 10cm unter der Wasseroberfl\u00e4che sauberes Regenwasser an. Der grobmaschige Ansaugkorb (ca. 1mm) verhindert eine rasche Zusetzung und vorzeitige Pumpenausf\u00e4lle.<\/p>\n<\/div>\n<h3>Muchas buenas razones para comprar este producto:<\/h3>\n<div class=\"sale_motive\">\n<ul>\n<li>  verhindert Sch\u00e4den an der Pumpe<\/li>\n<li>knickstabiler Schlauch<\/li>\n<li> mit hochwertigen Messing-Anschlussteilen<\/li>\n<li> leicht zu montieren<\/li>\n<\/ul>\n<\/div>","protected":false},"excerpt":{"rendered":"<p>zur automatischen Brauchwasserversorgung in Haus und Garten Regenwassernutzung f\u00fcr Kreiselpumpen geeignet Die schwimmende Ansaugung wird an die Saugseite einer Pumpe<\/p>","protected":false},"featured_media":32473,"comment_status":"open","ping_status":"closed","template":"","meta":[],"product_brand":[],"product_cat":[269,199,203],"product_tag":[],"class_list":{"0":"post-30321","1":"product","2":"type-product","3":"status-publish","4":"has-post-thumbnail","6":"product_cat-ansaug-sets","7":"product_cat-zubehoer-hww","8":"product_cat-zubehoer-kreiselpumpe","10":"first","11":"instock","12":"taxable","13":"shipping-taxable","14":"purchasable","15":"product-type-simple"},"_links":{"self":[{"href":"https:\/\/testshop.igel.wovodo.de\/es\/wp-json\/wp\/v2\/product\/30321","targetHints":{"allow":["GET"]}}],"collection":[{"href":"https:\/\/testshop.igel.wovodo.de\/es\/wp-json\/wp\/v2\/product"}],"about":[{"href":"https:\/\/testshop.igel.wovodo.de\/es\/wp-json\/wp\/v2\/types\/product"}],"replies":[{"embeddable":true,"href":"https:\/\/testshop.igel.wovodo.de\/es\/wp-json\/wp\/v2\/comments?post=30321"}],"version-history":[{"count":1,"href":"https:\/\/testshop.igel.wovodo.de\/es\/wp-json\/wp\/v2\/product\/30321\/revisions"}],"predecessor-version":[{"id":34937,"href":"https:\/\/testshop.igel.wovodo.de\/es\/wp-json\/wp\/v2\/product\/30321\/revisions\/34937"}],"wp:featuredmedia":[{"embeddable":true,"href":"https:\/\/testshop.igel.wovodo.de\/es\/wp-json\/wp\/v2\/media\/32473"}],"wp:attachment":[{"href":"https:\/\/testshop.igel.wovodo.de\/es\/wp-json\/wp\/v2\/media?parent=30321"}],"wp:term":[{"taxonomy":"product_brand","embeddable":true,"href":"https:\/\/testshop.igel.wovodo.de\/es\/wp-json\/wp\/v2\/product_brand?post=30321"},{"taxonomy":"product_cat","embeddable":true,"href":"https:\/\/testshop.igel.wovodo.de\/es\/wp-json\/wp\/v2\/product_cat?post=30321"},{"taxonomy":"product_tag","embeddable":true,"href":"https:\/\/testshop.igel.wovodo.de\/es\/wp-json\/wp\/v2\/product_tag?post=30321"}],"curies":[{"name":"wp","href":"https:\/\/api.w.org\/{rel}","templated":true}]}}