{"id":30328,"date":"2024-10-31T14:08:27","date_gmt":"2024-10-31T13:08:27","guid":{"rendered":"https:\/\/testshop.igel.wovodo.de\/product\/regentonne-felsbrocken-natur-gruen-das-original-mit-300liter\/"},"modified":"2025-01-27T12:29:49","modified_gmt":"2025-01-27T11:29:49","slug":"regentonne-felsbrocken-natur-gruen-das-original-mit-300liter","status":"publish","type":"product","link":"https:\/\/testshop.igel.wovodo.de\/es\/product\/regentonne-felsbrocken-natur-gruen-das-original-mit-300liter\/","title":{"rendered":"Regentonne Felsbrocken natur-gr\u00fcn &#8211; das ORIGINAL mit 300Liter!"},"content":{"rendered":"<div class=\"sale_application\">\n<ul>\n<li>Longlife-Regentonne zur Regenwassernutzung in Haus und Garten<\/li>\n<\/ul>\n<\/div>\n<div class=\"sale_description\">\n<p><b>Regentonne Felsbrocken &#8211; DAS FROSTSICHERE ORIGINAL MIT 300 Litern!<\/b><br \/>\n  Der Gallier Obelix h\u00e4tte bestimmt seine helle Freude an dieser au\u00dfergew\u00f6hnlichen Designer-Regentonne. Sie ist zwar nicht so schwer wie ein Hinkelstein, sieht daf\u00fcr aber t\u00e4uschend echt aus. Ob als Gartenzierde, Pumpengeh\u00e4use oder Abdeckung f\u00fcr Teichfilter &#8211; in jedem Fall ein Schmuckst\u00fcck f\u00fcr Ihren Garten und n\u00fctzlich zugleich.<\/p>\n<p>Bedingt durch das besondere innovative Fertigungsverfahren &#8220;Rotationssinter-Technik&#8221; und Materialauswahl sind unsere  Produkte echte &#8220;LONG-LIFE!&#8221; &#8211; Regentonnen.<\/p>\n<p><b>Einmal richtig installiert und angeschlossen &#8211; und Sie haben sehr, sehr lange Freude an dieser hochwertigen, frostfesten Regenwassertonne!<\/b> Kein Billigm\u00fcll, der nach 2-3 Jahren auf dem Bauhof landet und die M\u00fcllhalden f\u00fcllt. Die Tonnen sind nicht billig, aber in jedem Fall das Geld wert!<\/p>\n<p><b>Deckel mit kindersicherem Bajonett-Verschluss und Auslauf-Hahn<\/b> <\/p>\n<p>Im Lieferumfang dieser hochwertigen Regentonne im formsch\u00f6nen Design sind ein Deckel und ein Auslauf-Hahn enthalten. Beim Verschluss des Regentonnen-Deckels handelt es sich um einen kindersichereren Bajonett-Verschluss. Diesen speziellen Verschluss finden sie bei unseren Modellen Regentonne Eichenfass, Regentonne Baum und Regentonne Fels. Der Auslaufhahn f\u00fcr Regentonnen in schwarz aus PE-Kunststoff hat einen 3\/4-Zoll-Anschluss. Er kann optimal an den dezent vorgeformten Stellen am Regenfass f\u00fcr den Wasser-Zu- und Ablauf angebracht werden.<\/p>\n<h3>Produkt-Empfehlung<\/h3>\n<p>Zu den Regentonnen empfehlen wir, stets das passende Anschlu\u00df-Zubeh\u00f6r mitzubestellen:<\/p>\n<ul>\n<li><b>Entweder den Filter T33<\/b> (Lieferung inkl. allem Zubeh\u00f6r, damit das Wasser in die Regentonne kommt) oder als<\/li>\n<li><b>Bef\u00fcll- und Entnahmeset<\/b> (Lieferung inkl. Filter T33 und allem Zubeh\u00f6r, wie oben sowie dem Entnahmeset, mit dem Sie das Wasser aus der Tonne restlos entnehmen k\u00f6nnen).<\/li>\n<li>Einen <b>Auslaufhahn \/ Wasserhahn,<\/b> matt oder poliert in 3\/4 Zoll mit Schlaucht\u00fclle 12mm oder 17mm<\/li>\n<\/ul>\n<p>Der Filter T33 bef\u00fcllt Ihre Regentonne automatisch mit sauberem Wasser, auch wenn Sie nicht zu Hause sind! <\/p>\n<p>Der Regenfilter wird in das Fallrohr der Regenrinne eingebaut. Dort filtert er Bl\u00e4tter, Insekten, Sandk\u00f6rner und andere Partikel aus dem Regenwasser. So wird die Regentonne stets mit sauberem Wasser bef\u00fcllt.<\/p>\n<p>Der Filter ist mit einer <font color =\"#FF0000\"><strong>&#8220;F\u00fcll-Stopp-Automatik&#8221;<\/strong><\/font> ausgestattet. In der entsprechenden H\u00f6he in das Fallrohr eingebaut (Montageanleitung beachten) sorgt der Filter automatisch daf\u00fcr, dass die Regentonne nicht \u00fcberl\u00e4uft. Dadurch werden teuere Wassersch\u00e4den an Haus und Kellerwand zuverl\u00e4ssig vermieden.<\/p>\n<p style=\"font-size:11px;\"><b>Aviso legal:<\/b> Nuestros productos se colorean individualmente a mano, por lo que no pueden evitarse las desviaciones de color. Adem\u00e1s, debido a las condiciones de iluminaci\u00f3n durante la fotograf\u00eda del producto y a los diferentes ajustes de la pantalla, es posible que el color del producto no se reproduzca con autenticidad, por lo que no es motivo de reclamaci\u00f3n.<\/p>\n<p><p><b>Nota:<\/b> Leider kommen beim Transport und Handling von Tanks sowie Regentonnen leichte Kratzer sowie Scheuerstellen vor. Diese sind unvermeidbar. Sie stellen keinen Reklamationsgrund dar und berechtigen nicht zu Abz\u00fcgen oder Rechnungsminderung.<\/p>\n<p>Sicherheitshinweis: Wir empfehlen eine Entleerung und Reinigung der Regentonne im Winter.<\/p>\n<\/div>\n<h3>Muchas buenas razones para comprar este producto:<\/h3>\n<div class=\"sale_motive\">\n<ul>\n<li>Hochwertige Regentonne aus PE-Kunststoff<\/li>\n<li>N\u00fctzlich &amp; dekorativ<\/li>\n<li>Dauerhaft dicht &amp; langlebig<\/li>\n<li>Stabil, bruch- und schlagfest<\/li>\n<li>Frostsicher, witterungsfest &amp; UV-best\u00e4ndig<\/li>\n<li>Inkl. Deckel mit kindersicherem Bajonett-Verschluss<\/li>\n<li>Inkl. 3\/4&#8243;-Auslaufhahn<\/li>\n<\/ul>\n<\/div>","protected":false},"excerpt":{"rendered":"<p>Regentonne &#8220;Fels&#8221; 300l<br \/>\nin &#8220;natur-gr\u00fcn&#8221;<br \/>\naus hochwertigem PE-Kunststoff<br \/>\n  mit Deckel + Hahn<\/p>\n<p><b>Das frostfeste Original! Stabil, UV-best\u00e4ndig, langlebig!<br \/>\n  Inkl. Deckel mit kindersicherem Bajonett-Verschluss<\/b><\/p>","protected":false},"featured_media":32495,"comment_status":"open","ping_status":"closed","template":"","meta":[],"product_brand":[],"product_cat":[422,421],"product_tag":[],"class_list":{"0":"post-30328","1":"product","2":"type-product","3":"status-publish","4":"has-post-thumbnail","6":"product_cat-fels","7":"product_cat-regentonne-fels","9":"first","10":"instock","11":"taxable","12":"shipping-taxable","13":"purchasable","14":"product-type-simple"},"_links":{"self":[{"href":"https:\/\/testshop.igel.wovodo.de\/es\/wp-json\/wp\/v2\/product\/30328","targetHints":{"allow":["GET"]}}],"collection":[{"href":"https:\/\/testshop.igel.wovodo.de\/es\/wp-json\/wp\/v2\/product"}],"about":[{"href":"https:\/\/testshop.igel.wovodo.de\/es\/wp-json\/wp\/v2\/types\/product"}],"replies":[{"embeddable":true,"href":"https:\/\/testshop.igel.wovodo.de\/es\/wp-json\/wp\/v2\/comments?post=30328"}],"version-history":[{"count":1,"href":"https:\/\/testshop.igel.wovodo.de\/es\/wp-json\/wp\/v2\/product\/30328\/revisions"}],"predecessor-version":[{"id":34944,"href":"https:\/\/testshop.igel.wovodo.de\/es\/wp-json\/wp\/v2\/product\/30328\/revisions\/34944"}],"wp:featuredmedia":[{"embeddable":true,"href":"https:\/\/testshop.igel.wovodo.de\/es\/wp-json\/wp\/v2\/media\/32495"}],"wp:attachment":[{"href":"https:\/\/testshop.igel.wovodo.de\/es\/wp-json\/wp\/v2\/media?parent=30328"}],"wp:term":[{"taxonomy":"product_brand","embeddable":true,"href":"https:\/\/testshop.igel.wovodo.de\/es\/wp-json\/wp\/v2\/product_brand?post=30328"},{"taxonomy":"product_cat","embeddable":true,"href":"https:\/\/testshop.igel.wovodo.de\/es\/wp-json\/wp\/v2\/product_cat?post=30328"},{"taxonomy":"product_tag","embeddable":true,"href":"https:\/\/testshop.igel.wovodo.de\/es\/wp-json\/wp\/v2\/product_tag?post=30328"}],"curies":[{"name":"wp","href":"https:\/\/api.w.org\/{rel}","templated":true}]}}