{"id":30338,"date":"2024-10-31T14:08:33","date_gmt":"2024-10-31T13:08:33","guid":{"rendered":"https:\/\/testshop.igel.wovodo.de\/product\/diesel-star-160-4-2-automatic-12v\/"},"modified":"2025-01-27T12:29:52","modified_gmt":"2025-01-27T11:29:52","slug":"diesel-star-160-4-2-automatic-12v","status":"publish","type":"product","link":"https:\/\/testshop.igel.wovodo.de\/es\/product\/diesel-star-160-4-2-automatic-12v\/","title":{"rendered":"Diesel STAR 160-4.2 Automatic 12V"},"content":{"rendered":"<div class=\"sale_application\">\n<ul>\n<li>Bef\u00fcllen, Umpumpen, Umf\u00fcllen, Entleeren von Diesel- und Heiz\u00f6ltanks<\/li>\n<li>mit Klemmen zum Anschluss an 12V-Batterien<\/li>\n<\/ul>\n<\/div>\n<div class=\"sale_description\">\n<p>Die DIESEL STAR 160-4.2 &#8211; Automatic ist eine selbstansaugende<b> elektrische 12-Volt-Dieselpumpe. Mit den mitgelieferten Klemmen kann die saugstarke Dieselpumpe einfach und \u00fcberall an eine 12V Batterie angeschlossen werden. So macht das Umtanken Spa\u00df und bleibt eine saubere Sache!<\/b><\/p>\n<p><iframe width=\"560\" height=\"315\" src=\"https:\/\/www.youtube-nocookie.com\/embed\/qrQrBsyESlg?si=kKX56hAeGx8UW9BP&#038;rel=0\" title=\"Reproductor de v\u00eddeo YouTube\" frameborder=\"0\" allow=\"accelerometer; autoplay; clipboard-write; encrypted-media; gyroscope; picture-in-picture; web-share\" allowfullscreen=\"\"><\/iframe><\/p>\n<p>Die 12V Dieselpumpe <b>mit START\/STOP Automatik<\/b> ist <b>selbstansaugend<\/b> nach erster Bef\u00fcllung\/Entl\u00fcftung. Die maximale F\u00f6rderleistung der 12-Volt-Dieselpumpe betr\u00e4gt 2700 l\/ h, die maximale F\u00f6rderh\u00f6he 10 m.\n<\/p>\n<p>Die Automatik-Pumpe <b>mit R\u00fcckschlagventil<\/b> schaltet sich beim Bet\u00e4tigen der Zapfpistole selbst\u00e4ndig an und schaltet sich ab, wenn die Zapfpistole geschlossen wird. Das ist nicht nur bequem, sondern sch\u00fctzt die Pumpe vor unn\u00f6tigem Verschlei\u00df. So h\u00e4lt diese Pumpe l\u00e4nger!<\/p>\n<p>Bitte beachten: Die F\u00f6rderleistung nimmt bei steigender F\u00f6rderh\u00f6he entsprechend ab.<\/p>\n<p>Das isolierende Kunststoffgeh\u00e4use der 12-Volt-Dieselpumpe sorgt f\u00fcr eine sichere Handhabung. Der Ein- und Ausschalter hat eine Sicherheitsvorrichtung.<\/p>\n<p>Alle Pumpen sind EINZELST\u00dcCK-gepr\u00fcft auf Ihre Funktion. Daher k\u00f6nnen Reste der Pr\u00fcffl\u00fcssigkeit in der Pumpe \/ Verpackung vorhanden sein.<\/p>\n<p>Hinweis: Die Pumpen und die Saugleitung sind bei der Inbetriebnahme blasenfrei mit Diesel zu bef\u00fcllen. Das R\u00fcckschlagventil muss unbedingt am Ende der Saugleitung montiert und dicht sein.<\/p>\n<\/div>\n<h3>Muchas buenas razones para comprar este producto:<\/h3>\n<div class=\"sale_motive\">\n<ul>\n<li><b><font color=\"#ff0000\">Mit START\/STOP Automatik f\u00fcr optimale Handhabung und Pumpenschutz<\/font><\/b><\/li>\n<li>Saugstark, selbstansaugend und bequem<\/li>\n<li>Ideal f\u00fcr den mobilen Einsatz<\/li>\n<li>Bew\u00e4hrte Qualit\u00e4t<\/li>\n<li>F\u00f6rdermenge max. 2.700l\/h<\/li>\n<li>Sichere Handhabung durch isolierendes Kunststoff-Geh\u00e4use<\/li>\n<li>&#8220;Ein&#8221;-und &#8220;Aus&#8221;-Schalter mit Sicherheitsvorrichtung<\/li>\n<\/ul>\n<\/div>","protected":false},"excerpt":{"rendered":"<p>Dieselpumpe mit 2 T\u00fcllen und mit Klemmen zum Anschluss an 12-Volt-Batterie<br \/>\nmax. F\u00f6rdermenge 2700 l\/ h | max. F\u00f6rderh\u00f6he 10 m<\/p>\n<p>Neu! Mit weiterer Zubeh\u00f6r-Auswahl!<\/p>","protected":false},"featured_media":37637,"comment_status":"open","ping_status":"closed","template":"","meta":[],"product_brand":[],"product_cat":[324,287,436],"product_tag":[],"class_list":{"0":"post-30338","1":"product","2":"type-product","3":"status-publish","4":"has-post-thumbnail","6":"product_cat-12v-pumpen","7":"product_cat-diesel-pumpen","8":"product_cat-automatic-pumpen","10":"first","11":"instock","12":"taxable","13":"shipping-taxable","14":"purchasable","15":"product-type-simple"},"_links":{"self":[{"href":"https:\/\/testshop.igel.wovodo.de\/es\/wp-json\/wp\/v2\/product\/30338","targetHints":{"allow":["GET"]}}],"collection":[{"href":"https:\/\/testshop.igel.wovodo.de\/es\/wp-json\/wp\/v2\/product"}],"about":[{"href":"https:\/\/testshop.igel.wovodo.de\/es\/wp-json\/wp\/v2\/types\/product"}],"replies":[{"embeddable":true,"href":"https:\/\/testshop.igel.wovodo.de\/es\/wp-json\/wp\/v2\/comments?post=30338"}],"version-history":[{"count":2,"href":"https:\/\/testshop.igel.wovodo.de\/es\/wp-json\/wp\/v2\/product\/30338\/revisions"}],"predecessor-version":[{"id":38384,"href":"https:\/\/testshop.igel.wovodo.de\/es\/wp-json\/wp\/v2\/product\/30338\/revisions\/38384"}],"wp:featuredmedia":[{"embeddable":true,"href":"https:\/\/testshop.igel.wovodo.de\/es\/wp-json\/wp\/v2\/media\/37637"}],"wp:attachment":[{"href":"https:\/\/testshop.igel.wovodo.de\/es\/wp-json\/wp\/v2\/media?parent=30338"}],"wp:term":[{"taxonomy":"product_brand","embeddable":true,"href":"https:\/\/testshop.igel.wovodo.de\/es\/wp-json\/wp\/v2\/product_brand?post=30338"},{"taxonomy":"product_cat","embeddable":true,"href":"https:\/\/testshop.igel.wovodo.de\/es\/wp-json\/wp\/v2\/product_cat?post=30338"},{"taxonomy":"product_tag","embeddable":true,"href":"https:\/\/testshop.igel.wovodo.de\/es\/wp-json\/wp\/v2\/product_tag?post=30338"}],"curies":[{"name":"wp","href":"https:\/\/api.w.org\/{rel}","templated":true}]}}