{"id":30375,"date":"2024-10-31T14:08:52","date_gmt":"2024-10-31T13:08:52","guid":{"rendered":"https:\/\/testshop.igel.wovodo.de\/product\/regentonne-eichenfass-120l\/"},"modified":"2025-01-27T12:30:06","modified_gmt":"2025-01-27T11:30:06","slug":"regentonne-eichenfass-120l","status":"publish","type":"product","link":"https:\/\/testshop.igel.wovodo.de\/es\/product\/regentonne-eichenfass-120l\/","title":{"rendered":"Regentonne Eichenfass 120L"},"content":{"rendered":"<div class=\"sale_description\">\n<p>Unsere rustikalen &#8220;Eichen-F\u00e4sser&#8221; in voller Sch\u00f6nheit! Als Regentonne, als Garten-Theke, als Ordnungskiste f\u00fcr Spielzeug oder Gartenutensilien oder&#8230;oder&#8230;oder&#8230; Ein Schmuckst\u00fcck f\u00fcr Heim und Garten &#8211; und n\u00fctzlich! Diese Regentonne \u00fcberzeugt nicht nur in Funktion, sondern auch im Design und den langlebigen Produkteigenschaften. Durch das einzigartige Herstellungsverfahren wurde die Holzstruktur nicht nur optisch, sondern auch f\u00fchlbar nachgebildet. Sie werden begeistert sein! Die Regentonne Eichenfass ist eine einmalige Anschaffung, die selbst nach Jahren noch dauerhaft dicht und witterungsbest\u00e4ndig ist.<\/p>\n<p><strong>Material und Herstellung<\/strong><br \/>\n  Die Regentonnen werden aus Polyethylen (PE-Kunststoff) hergestellt. Das innovative Herstellungsverfahren der Rotations-Inter-Technik und das Herstellungsmaterial macht unsere Regenwasserf\u00e4sser zu echten LONG-LIFE-Regentonnen. Bei der Rotations-Inter-Fertigungstechnik wird jedes Regenfass in einem St\u00fcck hergestellt. Ohne Schweissn\u00e4hte! Das Herstellungsverfahren und die Materialauswahl verleihen unseren Regentonnen eine Top-Qualit\u00e4t und viele gute Eigenschaften: Die Regentonnen sind <b>frostfest, dauerelastisch, bruch- und schlagfest, UV- und witterungsbest\u00e4ndig sowie dauerhaft dicht, stabil und langlebig.<\/b><\/p>\n<p>Dezent angeformte flache Stellen sind f\u00fcr Wasserzulauf und -ablauf vorgesehen. Im Bedarfsfall k\u00f6nnen diese bauseitig aufgebohrt werden. Einmal richtig installiert und angeschlossen &#8211; und Sie haben sehr, sehr lange Freude daran! Kein Billigm\u00fcll, der nach 2-3 Jahren auf dem Bauhof landet und die M\u00fcllhalden f\u00fcllt. Die Tonnen sind nicht billig, aber in jedem Fall das Geld wert!<\/p>\n<p>Jede Regentonne ist ein &#8220;Unikat!&#8221; Sie werden viel Spass und Freude an diesem Produkt haben!<\/p>\n<p><strong>Deckel mit kindersicherem Bajonett-Verschluss und Auslauf-Hahn<\/strong><br \/>\n  Im Lieferumfang dieser hochwertigen Regentonne im formsch\u00f6nen Design sind ein Deckel und ein Auslauf-Hahn enthalten. Beim Verschluss des Regentonnen-Deckels handelt es sich um einen kindersichereren Bajonett-Verschluss. Diesen speziellen Verschluss finden sie bei unseren Modellen Regentonne Eichenfass, Regentonne Baum und Regentonne Fels. Der Auslaufhahn f\u00fcr Regentonnen in schwarz aus PE-Kunststoff hat einen 3\/4-Zoll-Anschluss. Er kann optimal an den dezent vorgeformten Stellen am Regenfass f\u00fcr den Wasser-Zu- und Ablauf angebracht werden.<\/p>\n<p><strong>Produkt-Empfehlung<\/strong><br \/>\n  Zu den Regentonnen empfehlen wir, stets das passende Anschlu\u00df-Zubeh\u00f6r mitzubestellen:<\/p>\n<ul>\n<li>Entweder den Filter T33 (Lieferung inkl. allem Zubeh\u00f6r, damit das Wasser in die Regentonne kommt) oder als<\/li>\n<li>Einen <b>Auslaufhahn \/ Wasserhahn,<\/b> matt oder poliert in 3\/4 Zoll mit Schlaucht\u00fclle 12mm oder 17mm<\/li>\n<li>Bef\u00fcll- und Entnahmeset (Lieferung inkl. Filter T33 und allem Zubeh\u00f6r, wie oben sowie dem Entnahmeset, mit dem Sie das Wasser aus der Tonne restlos entnehmen k\u00f6nnen).<\/li>\n<\/ul>\n<p>Der Filter T33 bef\u00fcllt Ihre Regentonne automatisch mit sauberem Wasser, auch wenn Sie nicht zu Hause sind!<br \/>\nDer Regenfilter wird in das Fallrohr der Regenrinne eingebaut. Dort filtert er Bl\u00e4tter, Insekten, Sandk\u00f6rner und andere Partikel aus dem Regenwasser. So wird die Regentonne stets mit sauberem Wasser bef\u00fcllt.<br \/>\nDer Filter ist mit einer &#8220;F\u00fcll-Stopp-Automatik&#8221; ausgestattet. In der entsprechenden H\u00f6he in das Fallrohr eingebaut (Montageanleitung beachten) sorgt der Filter automatisch daf\u00fcr, dass die Regentonne nicht \u00fcberl\u00e4uft. Dadurch werden teuere Wassersch\u00e4den an Haus und Kellerwand zuverl\u00e4ssig vermieden.<br \/>\n  Der Filtersieb sollte ca. 2-3mal im Jahr kontrolliert und ggf. im Wasserstrahl mit B\u00fcrste gereinigt werden. Im Winterbetrieb wird der mitgelieferte Stopfen von INNEN eingesetzt, damit kein Wasser in die Tonne flie\u00dft. Das Regenfass sollte vor dem Winter entleert werden, so k\u00f6nnen Filter und Regentonne angeschlossen bis zum Fr\u00fchjahr \u00fcberwintern. Nach Ende der Frostperiode den Stopfen wieder entnehmen. Der Filter verf\u00fcgt \u00fcber sehr gute Selbstreinigungs-Eigenschaften. Der Wirkungsgrad ist mit \u00fcber 90% sehr hoch und vergleichbar mit einer Fallrohrklappe. Das l\u00e4stige Bedienen der Fallrohrklappe entf\u00e4llt jedoch komplett!<\/p>\n<p style=\"font-size:11px;\"><b> Nota: <\/b> Leider kommen beim Transport und Handling von Tanks sowie Regentonnen leichte Kratzer sowie Scheuerstellen vor. Diese sind unvermeidbar. Sie stellen keinen Reklamationsgrund dar und berechtigen nicht zu Abz\u00fcgen oder zur Rechnungsminderung. * Bitte pr\u00fcfen Sie die Sendung sofort! Ein von au\u00dfen erkennbarer Schaden wird von der Versicherung nicht mehr anerkannt, wenn Sie den Empfang der unbesch\u00e4digten Sendung durch Unterschrift best\u00e4tigen. Also: wenn die Sendung bei der \u00dcbergabe von au\u00dfen schon besch\u00e4digt ist, bitte das vom \u00dcberbringer schriftlich best\u00e4tigen lassen. Schreiben Sie den Namen und ggf. Kfz-Kennzeichen des \u00dcberbringers auf und teilen uns das SOFORT schriftlich mit. * Melden Sie sich bitte bei von au\u00dfen nicht erkennbaren Sch\u00e4den unverz\u00fcglich (innerhalb von 5 Werktagen) mit Hilfe des Service-Bogens bei uns!<\/p>\n<p style=\"font-size:11px;\"><b>Aviso legal:<\/b> Nuestros productos se colorean individualmente a mano, por lo que no pueden evitarse las desviaciones de color. Adem\u00e1s, debido a las condiciones de iluminaci\u00f3n durante la fotograf\u00eda del producto y a los diferentes ajustes de la pantalla, es posible que el color del producto no se reproduzca con autenticidad, por lo que no es motivo de reclamaci\u00f3n.<\/p>\n<p><p><b>Empfehlung:<\/b> Wir empfehlen, Regentonnen im Winter zu entleeren.<\/p>\n<\/div>\n<h3>Muchas buenas razones para comprar este producto:<\/h3>\n<div class=\"sale_motive\">\n<ul>\n<li>hergestellt aus hochwertigem PE im Rotationsverfahren, in einem St\u00fcck ohne Schwei\u00dfn\u00e4hte, dauerelastisch, bruch- und schlagfest<\/li>\n<li>frostsicher bis -10\u00b0C<\/li>\n<li>dauerhaft dicht und kein Durchfaulen wie bei Holzf\u00e4ssern<\/li>\n<li>kein Pflegeaufwand (Streich- und Abdichtarbeiten), da selbst nach Jahren keine Witterungssch\u00e4den auftreten<\/li>\n<li>kindersicherer Bajonettverschluss<\/li>\n<li>optisch einmaliges und ansprechendes Design<\/li>\n<li>eingepr\u00e4gte f\u00fchlbare Nachbildung der Holzstruktur<\/li>\n<li>100% Dichtigkeit auch nach Jahren<\/li>\n<li>stabil und standsicher<\/li>\n<li>rustikal und urgem\u00fctlich<\/li>\n<li>alternativ als Vorratsbeh\u00e4lter, Ordnungskiste oder Sitzgarnitur im Au\u00dfenbereich verwendbar<\/li>\n<li>Holzsplitter? Nein Danke!<\/li>\n<li>WERTARBEIT &#8211; Design in DEUTSCHLAND!<\/li>\n<\/ul>\n<\/div>","protected":false},"excerpt":{"rendered":"<p>PE-Eichenfass 120l<\/p>\n<p><strong>Einmaliges Design!<\/strong><\/p>","protected":false},"featured_media":37640,"comment_status":"open","ping_status":"closed","template":"","meta":[],"product_brand":[],"product_cat":[222,219,367],"product_tag":[],"class_list":{"0":"post-30375","1":"product","2":"type-product","3":"status-publish","4":"has-post-thumbnail","6":"product_cat-fass","7":"product_cat-regentonne-eichenfass","8":"product_cat-sale","10":"first","11":"instock","12":"sale","13":"taxable","14":"shipping-taxable","15":"purchasable","16":"product-type-simple"},"_links":{"self":[{"href":"https:\/\/testshop.igel.wovodo.de\/es\/wp-json\/wp\/v2\/product\/30375","targetHints":{"allow":["GET"]}}],"collection":[{"href":"https:\/\/testshop.igel.wovodo.de\/es\/wp-json\/wp\/v2\/product"}],"about":[{"href":"https:\/\/testshop.igel.wovodo.de\/es\/wp-json\/wp\/v2\/types\/product"}],"replies":[{"embeddable":true,"href":"https:\/\/testshop.igel.wovodo.de\/es\/wp-json\/wp\/v2\/comments?post=30375"}],"version-history":[{"count":1,"href":"https:\/\/testshop.igel.wovodo.de\/es\/wp-json\/wp\/v2\/product\/30375\/revisions"}],"predecessor-version":[{"id":34990,"href":"https:\/\/testshop.igel.wovodo.de\/es\/wp-json\/wp\/v2\/product\/30375\/revisions\/34990"}],"wp:featuredmedia":[{"embeddable":true,"href":"https:\/\/testshop.igel.wovodo.de\/es\/wp-json\/wp\/v2\/media\/37640"}],"wp:attachment":[{"href":"https:\/\/testshop.igel.wovodo.de\/es\/wp-json\/wp\/v2\/media?parent=30375"}],"wp:term":[{"taxonomy":"product_brand","embeddable":true,"href":"https:\/\/testshop.igel.wovodo.de\/es\/wp-json\/wp\/v2\/product_brand?post=30375"},{"taxonomy":"product_cat","embeddable":true,"href":"https:\/\/testshop.igel.wovodo.de\/es\/wp-json\/wp\/v2\/product_cat?post=30375"},{"taxonomy":"product_tag","embeddable":true,"href":"https:\/\/testshop.igel.wovodo.de\/es\/wp-json\/wp\/v2\/product_tag?post=30375"}],"curies":[{"name":"wp","href":"https:\/\/api.w.org\/{rel}","templated":true}]}}