{"id":30434,"date":"2024-10-31T14:09:31","date_gmt":"2024-10-31T13:09:31","guid":{"rendered":"https:\/\/testshop.igel.wovodo.de\/product\/mehrfach-maske-ffp2-kn-95-gross-aus-silikon-mit-austauschbarem-5-fach-filter-ventil-und-10-stck-ersatzfilter\/"},"modified":"2025-01-27T12:30:26","modified_gmt":"2025-01-27T11:30:26","slug":"mehrfach-maske-ffp2-kn-95-gross-aus-silikon-mit-austauschbarem-5-fach-filter-ventil-und-10-stck-ersatzfilter","status":"publish","type":"product","link":"https:\/\/testshop.igel.wovodo.de\/es\/product\/mehrfach-maske-ffp2-kn-95-gross-aus-silikon-mit-austauschbarem-5-fach-filter-ventil-und-10-stck-ersatzfilter\/","title":{"rendered":"Mehrfach-Maske &#8211; FFP2\/KN 95 gro\u00df aus Silikon mit austauschbarem 5-fach Filter, Ventil und 10 Stck Ersatzfilter"},"content":{"rendered":"<div class=\"sale_application\">\n<ul>\n<li>Mehrfach-Maske &#8211; gross gem\u00e4\u00df KN95-Standard gegen Viren (<b>einschl. Corona-Virus<\/b>), Bakterien und Staub<\/li>\n<\/ul>\n<\/div>\n<div class=\"sale_description\">\n<p>Diese Maske entspricht dem von Wissenschaftlern und Gesundheitsbeh\u00f6rden empfohlenem Standard. Richtig getragen, sch\u00fctzt die Silikon-Maske mit 5-fach-Filter vor Bakterien und Viren (auch vor Covid-19\/ Corona-Virus).<\/p>\n<p>Entwickelt nach neuesten Erkenntnissen aus der Corona-Krise in China, verhindert die Viren-Schutzmaske durch am Rand eng anliegende und fl\u00e4chenhafte Abdichtung nachweislich eine Ansteckung und bietet gleichzeitig hohen Tragekomfort.<\/p>\n<p>Die Mehrfach-Maske l\u00e4sst sich leicht sterilisieren: Einfach 30 Minuten lang im Wasserbad bei 100\u00b0 Grad Celsius kochen oder mit Desinfektionsmittel (mit mind. 75 % Alkohol) reinigen.<\/p>\n<p>Die Schutzmaske gegen Viren ist mit einem 5-fach-Filter ausgestattet. Dieser Filter ist austauschbar. 10 Ersatzfilter sind im Lieferumfang enthalten.<\/p>\n<p><i><\/p>\n<p>Wichtige Info: Filter von Atemschutzmasken unterliegen diversen Vorschriften und Standards auf der ganzen Welt. Diese Standards spezifizieren bestimmte erforderliche Eigenschaften und Leistungsmerkmale, welche die Atemschutzmasken einhalten m\u00fcssen, um dem entsprechenden Standard zu gen\u00fcgen.<br \/>\n  Diese Atemschutzmasken sch\u00fctzen vor Viren wie bspw. das Coronavirus: FFP2, FFP3, N95, KN95.<br \/>\n  Hier erhalten Sie eine Schutzmaske des Typs KN 95.<\/p>\n<p><\/i><\/p>\n<p><b><font color=\"FF0000\">Bitte beachten:<\/font> Bei diesem Artikel ist die R\u00fcckgabe aus hygienischen Gr\u00fcnden nicht m\u00f6glich.<\/b><\/p>\n<\/div>\n<h3>Muchas buenas razones para comprar este producto:<\/h3>\n<div class=\"sale_motive\">\n<ul>\n<li>Sicherer Schutz vor Viren (z.B. Covid-19)<\/li>\n<li>Sicherer Schutz vor Bakterien<\/li>\n<li>Sicherer Schutz der Atemwege vor Staub<\/li>\n<li>Entspricht dem von Wissenschaftlern empfohlenen Standard KN95<\/li>\n<li>Bester Schutz durch rundum anliegende fl\u00e4chenhafte Abdichtung<\/li>\n<li>Erh\u00f6hte Sicherheit durch doppeltes Zugband<\/li>\n<li>Optimaler Tragekomfort<\/li>\n<li>Geringe Anschaffungskosten &#8211; hoher Schutz<\/li>\n<li>Umweltfreundlicher als Einweg-Masken<\/li>\n<li>Reduziert M\u00fcllberge und Entsorgungskosten<\/li>\n<li>Mehrfach nutzbare Maske vermeidet Nachschubprobleme und reduziert laufende Kosten<\/li>\n<li>Entwickelt nach neuesten Erkenntnissen aus der Corona-Krise in China<\/li>\n<li>Leicht sterilisierbar durch Auskochen (30 Min. bei 100\u00b0)<\/li>\n<li>Leicht zu reinigen mit Desinfektionsmittel (mit mind. 75% Alkohol)<\/li>\n<\/ul>\n<\/div>","protected":false},"excerpt":{"rendered":"<p>Mehrfach-Maske &#8211; gross gem\u00e4\u00df KN95-Standard gegen Viren (einschl. Corona-Virus), Bakterien und Staub Diese Maske entspricht dem von Wissenschaftlern und Gesundheitsbeh\u00f6rden<\/p>","protected":false},"featured_media":32865,"comment_status":"open","ping_status":"closed","template":"","meta":[],"product_brand":[],"product_cat":[275,257,276],"product_tag":[],"class_list":{"0":"post-30434","1":"product","2":"type-product","3":"status-publish","4":"has-post-thumbnail","6":"product_cat-silikon-maske","7":"product_cat-zubehoer-profi-airbrush","8":"product_cat-corona-virenschutz","10":"first","11":"instock","12":"taxable","13":"shipping-taxable","14":"purchasable","15":"product-type-simple"},"_links":{"self":[{"href":"https:\/\/testshop.igel.wovodo.de\/es\/wp-json\/wp\/v2\/product\/30434","targetHints":{"allow":["GET"]}}],"collection":[{"href":"https:\/\/testshop.igel.wovodo.de\/es\/wp-json\/wp\/v2\/product"}],"about":[{"href":"https:\/\/testshop.igel.wovodo.de\/es\/wp-json\/wp\/v2\/types\/product"}],"replies":[{"embeddable":true,"href":"https:\/\/testshop.igel.wovodo.de\/es\/wp-json\/wp\/v2\/comments?post=30434"}],"version-history":[{"count":1,"href":"https:\/\/testshop.igel.wovodo.de\/es\/wp-json\/wp\/v2\/product\/30434\/revisions"}],"predecessor-version":[{"id":35049,"href":"https:\/\/testshop.igel.wovodo.de\/es\/wp-json\/wp\/v2\/product\/30434\/revisions\/35049"}],"wp:featuredmedia":[{"embeddable":true,"href":"https:\/\/testshop.igel.wovodo.de\/es\/wp-json\/wp\/v2\/media\/32865"}],"wp:attachment":[{"href":"https:\/\/testshop.igel.wovodo.de\/es\/wp-json\/wp\/v2\/media?parent=30434"}],"wp:term":[{"taxonomy":"product_brand","embeddable":true,"href":"https:\/\/testshop.igel.wovodo.de\/es\/wp-json\/wp\/v2\/product_brand?post=30434"},{"taxonomy":"product_cat","embeddable":true,"href":"https:\/\/testshop.igel.wovodo.de\/es\/wp-json\/wp\/v2\/product_cat?post=30434"},{"taxonomy":"product_tag","embeddable":true,"href":"https:\/\/testshop.igel.wovodo.de\/es\/wp-json\/wp\/v2\/product_tag?post=30434"}],"curies":[{"name":"wp","href":"https:\/\/api.w.org\/{rel}","templated":true}]}}