{"id":30435,"date":"2024-10-31T14:09:31","date_gmt":"2024-10-31T13:09:31","guid":{"rendered":"https:\/\/testshop.igel.wovodo.de\/product\/dieselpumpe-diesel-star-160-1-4-12v-pumpe-mit-vorfilter-und-2-stck-tuellen\/"},"modified":"2025-01-27T12:32:59","modified_gmt":"2025-01-27T11:32:59","slug":"dieselpumpe-diesel-star-160-1-4-12v-pumpe-mit-vorfilter-und-2-stck-tuellen","status":"publish","type":"product","link":"https:\/\/testshop.igel.wovodo.de\/es\/product\/dieselpumpe-diesel-star-160-1-4-12v-pumpe-mit-vorfilter-und-2-stck-tuellen\/","title":{"rendered":"Dieselpumpe Diesel-Star 160-1-4 &#8211; 12V Pumpe mit Vorfilter und 2 Stck T\u00fcllen"},"content":{"rendered":"<div class=\"sale_application\">\n<ul>\n<li>Bef\u00fcllen, Umpumpen, Umf\u00fcllen, Entleeren von Diesel- und Heiz\u00f6ltanks<\/li>\n<li>mit Klemmen zum Anschluss an 12V-Batterien<\/li>\n<\/ul>\n<\/div>\n<div class=\"sale_description\">\n<p>Die DIESEL STAR 160 ist eine elektrische 12-Volt-Dieselpumpe. Mit den mitgelieferten Klemmen kann die saugstarke Dieselpumpe einfach und \u00fcberall an eine 12V Batterie angeschlossen werden. So macht das Umtanken Spa\u00df und bleibt eine saubere Sache!<\/p>\n<p>Die Dieselpumpe 12V ist selbstansaugend nach erster Bef\u00fcllung\/Entl\u00fcftung. Die maximale F\u00f6rderleistung der 12-Volt-Dieselpumpe betr\u00e4gt 2400 l\/ h, die maximale F\u00f6rderh\u00f6he 10 m und der maximale F\u00f6rderdruck liegt bei 1,2 bar. Bitte beachten: Die F\u00f6rderleistung nimmt bei steigender F\u00f6rderh\u00f6he entsprechend ab.<\/p>\n<p>Das isolierende Kunststoffgeh\u00e4use der 12-Volt-Dieselpumpe sorgt f\u00fcr eine sichere Handhabung. Der Ein- und Ausschalter hat eine Sicherheitsvorrichtung.<\/p>\n<p>Alle Pumpen sind EINZELST\u00dcCK-gepr\u00fcft auf Ihre Funktion. Daher k\u00f6nnen Reste der Pr\u00fcffl\u00fcssigkeit in der Pumpe \/ Verpackung vorhanden sein.<\/p>\n<p>Die Pumpen und die Saugleitung sind bei der Inbetriebnahme blasenfrei mit Diesel zu bef\u00fcllen. Das R\u00fcckschlagventil <b>(NICHT im Lieferumfang enthalten)<\/b> muss unbedingt am Ende der Saugleitung montiert und dicht sein.<\/p>\n<p>Bei diesem Angebot k\u00f6nnen Sie das passende Zubeh\u00f6r zur Dieselpumpen mitbestellen und so Frachtkosten sparen!<\/p>\n<p>ACHTUNG: Bei l\u00e4ngeren Einschaltzeiten von max. 30 Minuten bei 20\u00b0C kann die Motortemperatur steigen und den Motor besch\u00e4digen. Nach 30-min\u00fctiger Nutzung muss das Ger\u00e4t ausgeschaltet werden und 30 Minuten lange Abk\u00fchlen. Bei h\u00f6heren Temperaturen reduziert sich die Betriebsdauer entsprechend.<\/p>\n<\/p>\n<div class=\"embed-responsive embed-responsive-16by9\">\n<iframe src=\"https:\/\/www.youtube-nocookie.com\/embed\/ZJhnuGgvZqM?rel=0\" title=\"Reproductor de v\u00eddeo YouTube\" allow=\"accelerometer; autoplay; clipboard-write; encrypted-media; gyroscope; picture-in-picture\" allowfullscreen=\"\" width=\"560\" height=\"315\" frameborder=\"0\"><\/iframe>\n<\/div>\n<div class=\"embed-responsive embed-responsive-16by9\">\n<iframe src=\"https:\/\/www.youtube-nocookie.com\/embed\/ZJhnuGgvZqM?rel=0\" title=\"Reproductor de v\u00eddeo YouTube\" allow=\"accelerometer; autoplay; clipboard-write; encrypted-media; gyroscope; picture-in-picture\" allowfullscreen=\"\" width=\"560\" height=\"315\" frameborder=\"0\"><\/iframe>\n<\/div>\n<\/div>\n<h3>Muchas buenas razones para comprar este producto:<\/h3>\n<div class=\"sale_motive\">\n<ul>\n<li>saugstark<\/li>\n<li>ideal f\u00fcr den mobilen Einsatz<\/li>\n<li>bew\u00e4hrte Qualit\u00e4t<\/li>\n<li>F\u00f6rdermenge max. 2.400l\/h<\/li>\n<li>sichere Handhabung durch isolierendes Kunststoff-Geh\u00e4use<\/li>\n<li>&#8220;Ein&#8221;-und &#8220;Aus&#8221;-Schalter mit Sicherheitsvorrichtung<\/li>\n<\/ul>\n<\/div>","protected":false},"excerpt":{"rendered":"<p>Dieselpumpe mit 2 T\u00fcllen und mit Klemmen zum Anschluss an 12-Volt-Batterie<br \/>\n  max. F\u00f6rdermenge 2400 l\/ h | max. F\u00f6rderh\u00f6he 10 m | max. F\u00f6rderdruck 1,2 bar<\/p>\n<p>Neu! Mit weiterer Zubeh\u00f6r-Auswahl!<\/p>","protected":false},"featured_media":37788,"comment_status":"open","ping_status":"closed","template":"","meta":[],"product_brand":[],"product_cat":[324,287],"product_tag":[],"class_list":{"0":"post-30435","1":"product","2":"type-product","3":"status-publish","4":"has-post-thumbnail","6":"product_cat-12v-pumpen","7":"product_cat-diesel-pumpen","9":"first","10":"instock","11":"taxable","12":"shipping-taxable","13":"purchasable","14":"product-type-simple"},"_links":{"self":[{"href":"https:\/\/testshop.igel.wovodo.de\/es\/wp-json\/wp\/v2\/product\/30435","targetHints":{"allow":["GET"]}}],"collection":[{"href":"https:\/\/testshop.igel.wovodo.de\/es\/wp-json\/wp\/v2\/product"}],"about":[{"href":"https:\/\/testshop.igel.wovodo.de\/es\/wp-json\/wp\/v2\/types\/product"}],"replies":[{"embeddable":true,"href":"https:\/\/testshop.igel.wovodo.de\/es\/wp-json\/wp\/v2\/comments?post=30435"}],"version-history":[{"count":4,"href":"https:\/\/testshop.igel.wovodo.de\/es\/wp-json\/wp\/v2\/product\/30435\/revisions"}],"predecessor-version":[{"id":38525,"href":"https:\/\/testshop.igel.wovodo.de\/es\/wp-json\/wp\/v2\/product\/30435\/revisions\/38525"}],"wp:featuredmedia":[{"embeddable":true,"href":"https:\/\/testshop.igel.wovodo.de\/es\/wp-json\/wp\/v2\/media\/37788"}],"wp:attachment":[{"href":"https:\/\/testshop.igel.wovodo.de\/es\/wp-json\/wp\/v2\/media?parent=30435"}],"wp:term":[{"taxonomy":"product_brand","embeddable":true,"href":"https:\/\/testshop.igel.wovodo.de\/es\/wp-json\/wp\/v2\/product_brand?post=30435"},{"taxonomy":"product_cat","embeddable":true,"href":"https:\/\/testshop.igel.wovodo.de\/es\/wp-json\/wp\/v2\/product_cat?post=30435"},{"taxonomy":"product_tag","embeddable":true,"href":"https:\/\/testshop.igel.wovodo.de\/es\/wp-json\/wp\/v2\/product_tag?post=30435"}],"curies":[{"name":"wp","href":"https:\/\/api.w.org\/{rel}","templated":true}]}}