{"id":30457,"date":"2024-10-31T14:09:44","date_gmt":"2024-10-31T13:09:44","guid":{"rendered":"https:\/\/testshop.igel.wovodo.de\/product\/automatisches-solar-bewaesserungssystem-solar-drop-p25\/"},"modified":"2025-01-27T12:30:34","modified_gmt":"2025-01-27T11:30:34","slug":"automatisches-solar-bewaesserungssystem-solar-drop-p25","status":"publish","type":"product","link":"https:\/\/testshop.igel.wovodo.de\/es\/product\/automatisches-solar-bewaesserungssystem-solar-drop-p25\/","title":{"rendered":"Automatisches Solar-Bew\u00e4sserungssystem SOLAR-DROP P25"},"content":{"rendered":"<div class=\"sale_application\">\n<p>Automatisches Solar-Bew\u00e4sserungssystem zur intelligenten Tr\u00f6pfchenbew\u00e4sserung von Blumen- und Gem\u00fcsebeeten, Rasenfl\u00e4chen, Blument\u00f6pfen, Obstb\u00e4umen und mehr<\/p>\n<\/p><\/div>\n<div class=\"sale_description\">\n<p>Das <b>Solar-Bew\u00e4sserungssystem<\/b> SOLAR-DROP P25 nutzt die Kraft der Sonne und bew\u00e4ssert Blumen-, Gem\u00fcsebeete, Rasenfl\u00e4chen, Blument\u00f6pfe, Obstb\u00e4ume und mehr <b>automatisch<\/b>. Mit dieser Solar-Tr\u00f6pfchen-Bew\u00e4sserung sparen Sie Zeit, M\u00fche und Wasser. Sie k\u00f6nnen mit unserem <b>Solar-Bew\u00e4sserungssystem<\/b> SOLAR-DROP P25 bis zu <b>24 Bew\u00e4sserungsstellen<\/b> versorgen. Die Bew\u00e4sserung kann dem individuellem Wasserbedarf der Pflanzen angepasst werden.<\/p>\n<p>Das System arbeitet mit Zyklusfunktion: Es erkennt die Abendstunden und beginnt mit der Bew\u00e4sserung. Im Vergleich zur Gartenschlauch-Methode oder anderen Bew\u00e4sserungsarten spart der SOLAR-DROP P25 unm\u00e4ngen an Wasser ein.<\/p>\n<p>Anschluss und Instandhaltung sind einfach. Der <b>Smart Controller <\/b>SOLAR-DROP P25 wird an einer Regentonne oder einem anderen Wassbeh\u00e4lter angeschlossen. Dabei wird die Steuereinheit stets \u00fcber einem Regenwasserbeh\u00e4lter angebracht. Der Schlauch, die Erdspie\u00dfe und die Tropfer werden mit der Quelle verbunden und an den zu bew\u00e4ssernden Beeten oder Gef\u00e4\u00dfen ausgerichtet. Den Rest macht das automatische Solar-Bew\u00e4sserungssystem selbst: Die integrierte Pumpe saugt das Wasser an und f\u00f6rdert es zu den Pflanzen. Eine Bew\u00e4sserung findet automatisch je nach eingestelltem Zyklus <b>alle 24\/48\/72 Stunden<\/b> f\u00fcr <b>1\/2\/3\/5\/8\/12 Minuten<\/b> statt.<\/p>\n<p>F\u00fcr den Schutz des Systems sorgen der Wasserstandssensor, der die Pumpe bei einem niedrigen Wasserstand automatisch ausschaltet, und das Anti-Syphon-Ger\u00e4t, das bei den Bew\u00e4sserungseinheiten, die h\u00f6her als die Wasserquelle liegen, Luft- und Wasseransaugung ausgleicht.<\/p>\n<p>Mit dem <b>Smart Controller<\/b> SOLAR-DROP P25 erhalten Sie ein <b>Komplett-Set<\/b>, bestehend aus einer Steuereinheit, einer selbstansaugenden Solarpumpe mit Pumpenfilter, Anti-Syphon-Ger\u00e4t, Wasserstandssensor, <b>10m Schlauch<\/b> und allem Anschluss-Zubeh\u00f6r.<\/p>\n<\/div>\n<h3>Muchas buenas razones para comprar este producto:<\/h3>\n<div class=\"sale_motive\">\n<ul>\n<li>Automatisches Zyglisches Bew\u00e4ssserungssystem<\/li>\n<li>Versorgung Ihrer Pflanzen mit Wasser (nicht zu viel, nicht zu wenig)<\/li>\n<li>Individuell einstellbare Wassermenge f\u00fcr jede Pflanze<\/li>\n<li>Intelligente Tr\u00f6pfchen-Bew\u00e4sserung spart bis zu 90% Wasser<\/li>\n<li>Sch\u00fctzt Pflanzen, Gem\u00fcse, Obst und Rasen vor dem Austrocknen<\/li>\n<li>Automatische Bew\u00e4sserung w\u00e4hrend Sie im Urlaub sind<\/li>\n<li>Spart Ihnen Arbeit, Aufwand und unn\u00f6tige Wasserkosten\n<\/li>\n<li>Komplett-Set mit umfangreichen Zubeh\u00f6r<\/li>\n<li>Mit Anti-Syphon-Ger\u00e4t zum Sytemschutz<\/li>\n<li>Leichte Installation und Bedienung<\/li>\n<li>Effiziente, umweltfreundliche, \u00f6kologische, innovative Bew\u00e4sserungsmethode<\/li>\n<\/ul>\n<\/div>","protected":false},"excerpt":{"rendered":"<p>Einfach zu bedienendes Solar-Bew\u00e4sserungssystem zur automatischen, intelligenten Tr\u00f6pfchenbew\u00e4sserung von <b>bis zu 25 Pflanzen<\/b> \/ Bew\u00e4sserungseinheiten.<br \/>\n<b>Komplett-Set:<\/b> Smart Controller | Solarpanel,&nbsp; Pumpe, Filter, Schlauch, Verbindungsst\u00fccke und weiteres Zubeh\u00f6r<\/p>","protected":false},"featured_media":32933,"comment_status":"open","ping_status":"closed","template":"","meta":[],"product_brand":[],"product_cat":[335,382,452,282,329,453,388,390,421,219],"product_tag":[],"class_list":{"0":"post-30457","1":"product","2":"type-product","3":"status-publish","4":"has-post-thumbnail","6":"product_cat-regentonne-saeule","7":"product_cat-regentonne-amphore-maja","8":"product_cat-solar-bewaesserung","9":"product_cat-zubehoer-regentonnen","10":"product_cat-regentonne-brunnen","11":"product_cat-solar-bewaesserung-regentonnen","12":"product_cat-regentonne-baum","13":"product_cat-regentonne-nizza","14":"product_cat-regentonne-fels","15":"product_cat-regentonne-eichenfass","17":"first","18":"instock","19":"taxable","20":"shipping-taxable","21":"purchasable","22":"product-type-simple"},"_links":{"self":[{"href":"https:\/\/testshop.igel.wovodo.de\/es\/wp-json\/wp\/v2\/product\/30457","targetHints":{"allow":["GET"]}}],"collection":[{"href":"https:\/\/testshop.igel.wovodo.de\/es\/wp-json\/wp\/v2\/product"}],"about":[{"href":"https:\/\/testshop.igel.wovodo.de\/es\/wp-json\/wp\/v2\/types\/product"}],"replies":[{"embeddable":true,"href":"https:\/\/testshop.igel.wovodo.de\/es\/wp-json\/wp\/v2\/comments?post=30457"}],"version-history":[{"count":1,"href":"https:\/\/testshop.igel.wovodo.de\/es\/wp-json\/wp\/v2\/product\/30457\/revisions"}],"predecessor-version":[{"id":35071,"href":"https:\/\/testshop.igel.wovodo.de\/es\/wp-json\/wp\/v2\/product\/30457\/revisions\/35071"}],"wp:featuredmedia":[{"embeddable":true,"href":"https:\/\/testshop.igel.wovodo.de\/es\/wp-json\/wp\/v2\/media\/32933"}],"wp:attachment":[{"href":"https:\/\/testshop.igel.wovodo.de\/es\/wp-json\/wp\/v2\/media?parent=30457"}],"wp:term":[{"taxonomy":"product_brand","embeddable":true,"href":"https:\/\/testshop.igel.wovodo.de\/es\/wp-json\/wp\/v2\/product_brand?post=30457"},{"taxonomy":"product_cat","embeddable":true,"href":"https:\/\/testshop.igel.wovodo.de\/es\/wp-json\/wp\/v2\/product_cat?post=30457"},{"taxonomy":"product_tag","embeddable":true,"href":"https:\/\/testshop.igel.wovodo.de\/es\/wp-json\/wp\/v2\/product_tag?post=30457"}],"curies":[{"name":"wp","href":"https:\/\/api.w.org\/{rel}","templated":true}]}}