{"id":30459,"date":"2024-10-31T14:09:46","date_gmt":"2024-10-31T13:09:46","guid":{"rendered":"https:\/\/testshop.igel.wovodo.de\/product\/solar-brunnen-liebes-flamme-2-mit-li-ion-akku-led-licht\/"},"modified":"2025-01-27T12:30:35","modified_gmt":"2025-01-27T11:30:35","slug":"solar-brunnen-liebes-flamme-2-mit-li-ion-akku-led-licht","status":"publish","type":"product","link":"https:\/\/testshop.igel.wovodo.de\/es\/product\/solar-brunnen-liebes-flamme-2-mit-li-ion-akku-led-licht\/","title":{"rendered":"Solar &#8211; Brunnen &#8220;LIEBES-FLAMME-2&#8221;  mit Li-Ion-Akku &amp; LED-Licht"},"content":{"rendered":"<div class=\"sale_application\">\n<p>Solarbetriebener Garten-Brunnen mit Li-Ion Akku und LED-Lichter<\/p>\n<\/p><\/div>\n<div class=\"sale_description\">\n<p>En <b>Solar &#8211; Brunnen &#8220;LIEBES-FLAMME-2&#8221; <\/b> setzt die Kraft der Sonne in flie\u00dfendes Wasser um. Hochwertige Komponenten bringen das Wasser in Bewegung, sobald das Sonnenlicht die Solarfl\u00e4che erreicht. Je st\u00e4rker die Sonne, umso intensiver wird das Wasserspiel! Das beruhigende Rauschen des Wassers gibt jedem Teich eine besondere Note und das im Sonnenlicht funkelnde Wasser ist stets der perfekte Blickfang. Flie\u00dfendes Wasser sorgt f\u00fcr noch mehr Wohlgef\u00fchl in Ihrem Garten und sorgt f\u00fcr ein angenehmes Mikroklima an hei\u00dfen Sommertagen.<\/p>\n<h2>Tag- und Nachtbetrieb<\/h2>\n<p>Die im Brunnen verbaute Solarpumpe ist nicht nur f\u00fcr den Betrieb bei Sonneneinstrahlung ausgelegt, wie herk\u00f6mmliche Solarbrunnen. Dieser <b>Solar &#8211; Brunnen &#8220;LIEBES-FLAMME-2&#8221; <\/b> hat einen Akku. Die maximale F\u00f6rderleistung wird bei optimalen Bedingungen erreicht. Im Solarpanel ist ein Akku verbaut, den die Pumpe sich bei Sonnenausstrahlung aufl\u00e4dt, um den Betrieb des Solar-Wasserspiels auch nach Sonnenuntergang oder bei ung\u00fcnstigeren Lichtverh\u00e4ltnissen aufrecht zu erhalten. Die Pumpe schaltet sich am n\u00e4chsten Tag automatisch in den Solarmodus, wenn die Sonne scheint. Die Akku-Funktion kann aber auch ausgeschaltet werden.<\/p>\n<p><iframe width=\"560\" height=\"315\" src=\"https:\/\/www.youtube-nocookie.com\/embed\/WNOZA43CkQU?rel=0\" title=\"Reproductor de v\u00eddeo YouTube\" frameborder=\"0\" allow=\"accelerometer; autoplay; clipboard-write; encrypted-media; gyroscope; picture-in-picture\" allowfullscreen=\"\"><\/iframe><\/p>\n<h2>Individuelle Platzierung<\/h2>\n<p>Platzieren Sie diesen Solarbrunnen einfach an einer beliebigen Stelle in Ihrem Garten. Durch das einfache Steckprinzip und dem Solarpanel ist er schnell aufgebaut. Ein weiterer Vorteil ist das Sie an keine Steckdose gebunden sind und das l\u00e4stige Verlegen des 230V-Kabels entf\u00e4llt. Au\u00dferdem k\u00f6nnen Sie das Solarsystem nach Ihrem Geschmack effektvoll positionieren. Der Gebrauch des Solarpanels ist auch die sichere Alternative zu der 230V Steckdose. Bitte bedenken Sie, dass das Solarpanel stets im vollen Sonnenlicht zu platzieren und auszurichten ist, da sonst keine Pumpenfunktion garantiert werden kann.<\/p>\n<p><strong>Produkt-Info zum Li-Ion-Akku:<\/strong><\/p>\n<p>Die innovativen Li-Ion-Akkus haben keinen Memory-Effekt. Das ist besonders bei h\u00e4ufigen Auf- und Entladevorg\u00e4ngen wie bei Solarteichpumpen enorm wichtig, um langfristig die <strong>optimale Akku-Kapazit\u00e4t<\/strong> zu erreichen. Die Li-Ion-Akkus sind wesentlich besser bez\u00fcglich Temperaturschwankungen als herk\u00f6mmliche Akkus. Es erwartet Sie ein l\u00e4nger andauerndes und lebendigeres Wasserspiel. Die Funktion des Solar-Brunnens startet bereits bei minimaler Aufladung &#8211; automatisch! Als <strong>Schutz vor Tiefentladung<\/strong> erfolgt eine automatische Abschaltung bei Erreichen des Mindest-Endladezustands. <strong>Kein Akku-Wechsel erforderlich!<\/strong> <b><font color=\"#048610\">Insgesamt haben die Li-Ion-Akkus im Vergleich zu herk\u00f6mmlichen Akkus eine 3 mal l\u00e4ngere Laufzeit und eine bis zu 10-FACHE Lebensdauer beim Betrieb mit Solarteichpumpen!<\/font><\/b><\/p>\n<p style=\"font-size:11px;\"><b>Aviso legal:<\/b> Nuestros productos se colorean individualmente a mano, por lo que no pueden evitarse las desviaciones de color. Adem\u00e1s, debido a las condiciones de iluminaci\u00f3n durante la fotograf\u00eda del producto y a los diferentes ajustes de la pantalla, es posible que el color del producto no se reproduzca con autenticidad, por lo que no es motivo de reclamaci\u00f3n.<\/p>\n<\/div>\n<h3>Muchas buenas razones para comprar este producto:<\/h3>\n<div class=\"sale_motive\">\n<ul>\n<li>Steckfertiges Solarpumpensystem &#8211; <strong>sofort einsatzbereit<\/strong><\/li>\n<li>2 Jahre Garantie*, Lebensdauer \u00fcber 60.000 Betriebsstunden<\/li>\n<li><strong>Tag- und Nachtbetrieb<\/strong> durch Solar- und Akku-Betrieb<\/li>\n<li>Mit LED-Licht f\u00fcr den Nachtbetrieb<\/li>\n<li>F\u00fcr <strong>Garten<\/strong>, dem <strong>Balkon<\/strong> oder die <strong>Terrasse<\/strong><\/li>\n<li>Hochwertiges Solarpanel im <strong>stabilen bruchfesten ALU-RAHMEN<\/strong> mit einer Leistung von 3 Watt<\/li>\n<li>Es wird kein zus\u00e4tzlicher Strom verbraucht &#8211; Betrieb ohne Folgekosten<\/li>\n<li>Das Verlegen von 230V-Kabeln im Garten entf\u00e4llt<\/li>\n<li>Integrierter Filter sch\u00fctzt die Pumpe (l\u00e4sst sich leicht reinigen)<\/li>\n<li><strong>Sch\u00f6nes Design &#8211; der perfekte Blickfang!<\/strong><\/li>\n<li>Einstellbarer Winkel des Solarmoduls und 3 Meter Anschlusskabel machen eine optimale Platzierung des Panels im sonnigen Bereich m\u00f6glich<\/li>\n<\/ul>\n<p>*Garantie gilt nur f\u00fcr die Teichpumpe, nicht f\u00fcr das Solarpanel oder die Kabel.<\/p>\n<\/div>","protected":false},"excerpt":{"rendered":"<p>Hochwertiges, solarbetriebenes Pumpensystem f\u00fcr den Au\u00dfenbereich &#8211; mit LED-Beleuchtung.<br \/>Der perfekte Blickfang im Garten!<br \/>Tag- und Nachtbetrieb!<\/p>","protected":false},"featured_media":37666,"comment_status":"open","ping_status":"closed","template":"","meta":[],"product_brand":[],"product_cat":[278,244],"product_tag":[],"class_list":{"0":"post-30459","1":"product","2":"type-product","3":"status-publish","4":"has-post-thumbnail","6":"product_cat-brunnen-mit-solar-betrieb","7":"product_cat-startseite-pumpe","9":"first","10":"instock","11":"taxable","12":"shipping-taxable","13":"purchasable","14":"product-type-simple"},"_links":{"self":[{"href":"https:\/\/testshop.igel.wovodo.de\/es\/wp-json\/wp\/v2\/product\/30459","targetHints":{"allow":["GET"]}}],"collection":[{"href":"https:\/\/testshop.igel.wovodo.de\/es\/wp-json\/wp\/v2\/product"}],"about":[{"href":"https:\/\/testshop.igel.wovodo.de\/es\/wp-json\/wp\/v2\/types\/product"}],"replies":[{"embeddable":true,"href":"https:\/\/testshop.igel.wovodo.de\/es\/wp-json\/wp\/v2\/comments?post=30459"}],"version-history":[{"count":3,"href":"https:\/\/testshop.igel.wovodo.de\/es\/wp-json\/wp\/v2\/product\/30459\/revisions"}],"predecessor-version":[{"id":38407,"href":"https:\/\/testshop.igel.wovodo.de\/es\/wp-json\/wp\/v2\/product\/30459\/revisions\/38407"}],"wp:featuredmedia":[{"embeddable":true,"href":"https:\/\/testshop.igel.wovodo.de\/es\/wp-json\/wp\/v2\/media\/37666"}],"wp:attachment":[{"href":"https:\/\/testshop.igel.wovodo.de\/es\/wp-json\/wp\/v2\/media?parent=30459"}],"wp:term":[{"taxonomy":"product_brand","embeddable":true,"href":"https:\/\/testshop.igel.wovodo.de\/es\/wp-json\/wp\/v2\/product_brand?post=30459"},{"taxonomy":"product_cat","embeddable":true,"href":"https:\/\/testshop.igel.wovodo.de\/es\/wp-json\/wp\/v2\/product_cat?post=30459"},{"taxonomy":"product_tag","embeddable":true,"href":"https:\/\/testshop.igel.wovodo.de\/es\/wp-json\/wp\/v2\/product_tag?post=30459"}],"curies":[{"name":"wp","href":"https:\/\/api.w.org\/{rel}","templated":true}]}}