{"id":30468,"date":"2024-10-31T14:09:50","date_gmt":"2024-10-31T13:09:50","guid":{"rendered":"https:\/\/testshop.igel.wovodo.de\/product\/5w-solarpanel-fuer-solar-deko-mit-li-ion-akkus\/"},"modified":"2025-01-27T12:30:38","modified_gmt":"2025-01-27T11:30:38","slug":"5w-solarpanel-fuer-solar-deko-mit-li-ion-akkus","status":"publish","type":"product","link":"https:\/\/testshop.igel.wovodo.de\/es\/product\/5w-solarpanel-fuer-solar-deko-mit-li-ion-akkus\/","title":{"rendered":"5W &#8211; Solarpanel f\u00fcr Solar Deko mit Li-Ion Akkus"},"content":{"rendered":"<div class=\"sale_application\">\n<p>Dieses Solarpanel passt zu folgenden Solar-Gartenbrunnen und beinhaltet alle technischen Komponenten dieser Produkte &#8211; au\u00dfer dem Gartenbrunnen selbst.<\/p>\n<ul>\n<li>Solar-Brunnen &#8220;GRANIT-BLACK-3&#8243;(Art.Nr: <a class=\"headerNavigation\" href=\"https:\/\/www.profi-pumpe.de\/GARTEN-u-ZIMMER-BRUNNEN\/Brunnen-mit-Solar-Betrieb\/Solar-Brunnen-GRANIT-BLACK-3-mit-Li-Ion-Akku-LED-Licht::2409.html\">SP021114<\/a>)<\/li>\n<li>Solar-Brunnen &#8220;KLASSIK-GARTEN-3-1&#8243;(Art.Nr: <a class=\"headerNavigation\" href=\"https:\/\/www.profi-pumpe.de\/GARTEN-u-ZIMMER-BRUNNEN\/Brunnen-mit-Solar-Betrieb\/Solar-Brunnen-KLASSIK-GARTEN-3-1-mit-LiIon-Akku-LED-Licht::2420.html\">SP021116<\/a>)<\/li>\n<li>Solar-Brunnen &#8220;LADY in BLACK-3&#8243;(Art.Nr: <a class=\"headerNavigation\" href=\"https:\/\/www.profi-pumpe.de\/GARTEN-u-ZIMMER-BRUNNEN\/Brunnen-mit-Solar-Betrieb\/Solar-Brunnen-LADY-in-BLACK-3-mit-LiIon-Akku-LED-Licht::2421.html\">SP021117<\/a>)<\/li>\n<li>Solar-Brunnen LED-Solar-Set &#8220;RATTAN-3&#8243;(Art.Nr: <a class=\"headerNavigation\" href=\"https:\/\/www.profi-pumpe.de\/GARTEN-u-ZIMMER-BRUNNEN\/Brunnen-mit-Solar-Betrieb\/Solar-Brunnen-RATTAN-3-2-schwarz-mit-LiIon-Akku-LED-Licht::2410.html\">SP021119<\/a>)<\/li>\n<li>Solar-Brunnen Wasserspiel &#8220;BAUMSTUMPF &amp; TONKR\u00dcGE-3&#8243;(Art.Nr: <a class=\"headerNavigation\" href=\"https:\/\/www.profi-pumpe.de\/GARTEN-u-ZIMMER-BRUNNEN\/Brunnen-mit-Solar-Betrieb\/Solar-Brunnen-Wasserspiel-BAUMSTUMPF-TONKRUeGE-3-mit-Li-Ion-Akku-LED-Licht-Neu::2418.html\">SP021111<\/a>)<\/li>\n<li>Solar-Brunnen &#8220;DIE LIEBENDEN 200-3&#8243;(Art.Nr: <a class=\"headerNavigation\" href=\"https:\/\/www.profi-pumpe.de\/GARTEN-u-ZIMMER-BRUNNEN\/Brunnen-mit-Solar-Betrieb\/Solar-Brunnen-DIE-LIEBENDEN-200-3-mit-Li-Ion-Akku-LED-Licht::2426.html\">SP021113<\/a>)<\/li>\n<li>Solar-Brunnen &#8220;GRANIT-S\u00c4ULE &amp; SCHALEN-3&#8221;<\/li>\n<li>Solar-Brunnen &#8220;GRANITSCHALEN-KASKADE-3&#8221;<\/li>\n<li>Solar-Brunnen &#8220;LIEBESGL\u00dcCK&#8221;(Art.Nr: <a class=\"headerNavigation\" href=\"https:\/\/www.profi-pumpe.de\/GARTEN-u-ZIMMER-BRUNNEN\/Brunnen-mit-Solar-Betrieb\/Solar-Brunnen-LIEBESGLUeCK-mit-LiIon-Akku-und-LED-Licht::2079.html\">SP021121<\/a>)<\/li>\n<li>Solar-Brunnen &#8220;QUELLSTEIN&#8221;(Art.Nr: <a class=\"headerNavigation\" href=\"https:\/\/www.profi-pumpe.de\/GARTEN-u-ZIMMER-BRUNNEN\/Brunnen-mit-Solar-Betrieb\/-Solar-Brunnen-QUELLSTEIN-mit-LiIon-Akku-und-LED-Licht::2080.html\">SP021123<\/a>)<\/li>\n<li>Solar-Brunnen &#8220;WASSERFALL&#8221;(Art.Nr: <a class=\"headerNavigation\" href=\"https:\/\/www.profi-pumpe.de\/GARTEN-u-ZIMMER-BRUNNEN\/Brunnen-mit-Solar-Betrieb\/-Solar-Brunnen-WASSERFALL-mit-LiIon-Akku-und-LED-Licht::2082.html\">SP021122<\/a>)<\/li>\n<li>Solar-Brunnen &#8220;SPIRAL-KASKADE&#8221;(Art.Nr: <a class=\"headerNavigation\" href=\"https:\/\/www.profi-pumpe.de\/GARTEN-u-ZIMMER-BRUNNEN\/Brunnen-mit-Solar-Betrieb\/-Solar-Brunnen-SPIRAL-KASKADE-mit-Li-Ion-Akku-und-LED-Licht::2081.html\">SP021120<\/a>)<\/li>\n<\/ul><\/div>\n<div class=\"sale_description\">\n<p><strong>Produkt-Info zum Li-Ion-Akku:<\/strong><br \/>\n  Die innovativen Li-Ion-Akkus haben keinen Memory-Effekt. Das ist besonders bei h\u00e4ufigen Auf- und Entladevorg\u00e4ngen wie bei Solarteichpumpen enorm wichtig, um langfristig die <b>optimale Akku-Kapazit\u00e4t<\/b> zu erreichen. Die Li-Ion-Akkus sind wesentlich besser bez\u00fcglich Temperaturschwankungen als herk\u00f6mmliche Akkus. Es erwartet Sie ein l\u00e4nger andauerndes und lebendigeres Wasserspiel. Die Funktion des Solar-Brunnens startet bereits bei minimaler Aufladung &#8211; automatisch! Als <b>Schutz vor Tiefentladung<\/b> erfolgt eine automatische Abschaltung bei Erreichen des Mindest-Endladezustands. <b>Kein Akku-Wechsel erforderlich!<\/b> <b><font color=\"#008000\">Insgesamt haben die Li-Ion-Akkus im Vergleich zu herk\u00f6mmlichen Akkus eine 3 mal l\u00e4ngere Laufzeit und eine bis zu 10-FACHE Lebensdauer beim Betrieb mit Solarteichpumpen!<\/font><\/b><\/p>\n<p><b>Akku im Solarpanel nicht gen\u00fcgend aufgeladen ist, da dieses bei Auslieferung nur bis zu 30% Kapazit\u00e4t hat.<br \/>\nBitte lassen Sie das Solarpanel erst einmal 2 Tage aufladen, bevor Sie es benutzen.<\/b><\/div>\n<h3>Muchas buenas razones para comprar este producto:<\/h3>\n<div class=\"sale_motive\">\n<ul>\n<li>passend f\u00fcr Solarbrunnen mit Li-Ion-Akku<\/li>\n<li>Solarpanel mit stabilem Alu-Rahmen<\/li>\n<li>inkl. Li-Ion-Akku<\/li>\n<li>noch l\u00e4nger Freude an Ihrem Solarbrunnen<\/li>\n<\/ul>\n<\/div>","protected":false},"excerpt":{"rendered":"<p>Solarpanel mit Li-Ion Akkus<\/p>","protected":false},"featured_media":37673,"comment_status":"open","ping_status":"closed","template":"","meta":[],"product_brand":[],"product_cat":[307,350],"product_tag":[],"class_list":{"0":"post-30468","1":"product","2":"type-product","3":"status-publish","4":"has-post-thumbnail","6":"product_cat-zubehoer-brunnen-mit-solar-betrieb","7":"product_cat-solar-panels","9":"first","10":"instock","11":"taxable","12":"shipping-taxable","13":"purchasable","14":"product-type-simple"},"_links":{"self":[{"href":"https:\/\/testshop.igel.wovodo.de\/es\/wp-json\/wp\/v2\/product\/30468","targetHints":{"allow":["GET"]}}],"collection":[{"href":"https:\/\/testshop.igel.wovodo.de\/es\/wp-json\/wp\/v2\/product"}],"about":[{"href":"https:\/\/testshop.igel.wovodo.de\/es\/wp-json\/wp\/v2\/types\/product"}],"replies":[{"embeddable":true,"href":"https:\/\/testshop.igel.wovodo.de\/es\/wp-json\/wp\/v2\/comments?post=30468"}],"version-history":[{"count":1,"href":"https:\/\/testshop.igel.wovodo.de\/es\/wp-json\/wp\/v2\/product\/30468\/revisions"}],"predecessor-version":[{"id":35082,"href":"https:\/\/testshop.igel.wovodo.de\/es\/wp-json\/wp\/v2\/product\/30468\/revisions\/35082"}],"wp:featuredmedia":[{"embeddable":true,"href":"https:\/\/testshop.igel.wovodo.de\/es\/wp-json\/wp\/v2\/media\/37673"}],"wp:attachment":[{"href":"https:\/\/testshop.igel.wovodo.de\/es\/wp-json\/wp\/v2\/media?parent=30468"}],"wp:term":[{"taxonomy":"product_brand","embeddable":true,"href":"https:\/\/testshop.igel.wovodo.de\/es\/wp-json\/wp\/v2\/product_brand?post=30468"},{"taxonomy":"product_cat","embeddable":true,"href":"https:\/\/testshop.igel.wovodo.de\/es\/wp-json\/wp\/v2\/product_cat?post=30468"},{"taxonomy":"product_tag","embeddable":true,"href":"https:\/\/testshop.igel.wovodo.de\/es\/wp-json\/wp\/v2\/product_tag?post=30468"}],"curies":[{"name":"wp","href":"https:\/\/api.w.org\/{rel}","templated":true}]}}