{"id":30481,"date":"2024-10-31T14:09:59","date_gmt":"2024-10-31T13:09:59","guid":{"rendered":"https:\/\/testshop.igel.wovodo.de\/product\/hauswasserwerk-ss-600-1-mit-zubehoerauswahl\/"},"modified":"2025-01-27T12:30:42","modified_gmt":"2025-01-27T11:30:42","slug":"hauswasserwerk-ss-600-1-mit-zubehoerauswahl","status":"publish","type":"product","link":"https:\/\/testshop.igel.wovodo.de\/es\/product\/hauswasserwerk-ss-600-1-mit-zubehoerauswahl\/","title":{"rendered":"Hauswasserwerk SS-600-1 mit Zubeh\u00f6rauswahl"},"content":{"rendered":"<div class=\"sale_application\">\n<ul>\n<li>zur automatischen Brauchwasserversorgung im Haus und Garten<\/li>\n<li>ideal zur Regenwassernutzung in Garten und Haus<\/li>\n<li>zum Bew\u00e4ssern von Rasen und Beeten (auch f\u00fcr mehrere Abnehmer)<\/li>\n<li>zur Beh\u00e4lter-Umf\u00fcllung<\/li>\n<li>zur Nutzung von Wasser aus Bach, Fluss und Brunnen<\/li>\n<\/ul>\n<\/div>\n<div class=\"sale_description\">\n<p>Das Hauswasserwerk besteht aus einer <b>hochwertigen 600-Jetpumpe mit Edelstahl-Druckkessel und Edelstahl-Pumpe<\/b>. Das Hauswasserwerk hat ein integriertes Manometer sowie einen Druckschalter.<\/p>\n<p>Der eingebaute Druckschalter steuert das automatische Ein- und Abschalten der Pumpe. Wird ein Verbraucher aufgedreht, schaltet er die Hauswasserpumpe an und beim Schlie\u00dfen des Verbrauchers wieder aus.<\/p>\n<p><b>Der Einsatzbereich dieses Hauswasserwerks ist sehr vielseitig.<\/b> Es kann zur automatischen Brauchwasserversorgung in Haus &amp; Garten eingesetzt werden und ist auch ideal zur Regenwassernutzung in Haus &amp; Garten. Die Hauswasserpumpe kann verwendet werden, um Rasen und Beete zu bew\u00e4ssern und versorgt m\u00fchelos mehrere Abnehmer. Auch zur Nutzung von Wasser aus einem Bach, Fluss oder Brunnen eignet sich die Hauswasserpumpe optimal.<br \/> Die Beh\u00e4lter-Umf\u00fcllung als weiterer m\u00f6glicher Verwendungszweck ist f\u00fcr die Jetpumpe selbstverst\u00e4ndlich ein Kinderspiel.<\/p>\n<p>Sie k\u00f6nnen mit diesem Hauswasserwerk die gesamte Brauchwasserversorgung in Ihrem Haus <b>automatisiert steuern und regeln<\/b>. Das geringe Gewicht und der Tragegriff der Hauswasserpumpe erm\u00f6glichen den schnellen Standortwechsel. Das Hauswasserwerk ist somit <b>sowohl station\u00e4r als auch mobil einsetzbar<\/b>.<\/p>\n<p>Die Inbetriebnahme der Jetpumpe mit Edelstahl-Druckkessel erfolgt durch das Auff\u00fcllen der Laufradkammern und des Schlauches. Den Rest macht die Wasserpumpe selbst. Der Bef\u00fcll- und Ablass-Anschluss lassen sich werkzeuglos \u00f6ffnen.<\/p>\n<p>Die F\u00f6rdermenge der Hauswasserpumpe betr\u00e4gt <b>3.000l\/h<\/b>, der maximale Druck liegt bei <b>3,5 bar<\/b> und die Leistung bei 600 Watt. Die Ansaugh\u00f6he betr\u00e4gt 7m. Wir empfehlen ein R\u00fcckschlagventil zu verwenden.<\/p>\n<\/div>\n<h3>Muchas buenas razones para comprar este producto:<\/h3>\n<div class=\"sale_motive\">\n<ul>\n<li>F\u00f6rdermenge von 3.000 l\/h und 3,5bar bei einer Leistungsaufnahme von nur 600W<\/li>\n<li>Ansaugh\u00f6he bis 7m<\/li>\n<li>solide Verarbeitung \/ Handwerker-Qualit\u00e4t<\/li>\n<li>Edelstahlpumpe + Edelstahlkessel<\/li>\n<li>2,54 cm (1 Zoll) Anschluss auf Saug- und Druckseite<\/li>\n<li>Transportable y listo para usar r\u00e1pidamente<\/li>\n<li>integrierter thermischer Schutzschalter<\/li>\n<li>inkl. Druckschalter<\/li>\n<li>integriertes Manometer<\/li>\n<li>Bef\u00fcll- und Ablass-Anschluss werkzeuglos zu \u00f6ffnen<\/li>\n<li>Larga vida \u00fatil<\/li>\n<\/ul>\n<\/div>","protected":false},"excerpt":{"rendered":"<p>Leistung: 600 Watt | Hmax 35m | Qmax 3.000l\/h | Pmax: 3,5bar<br \/>\n<b>Werkzeuglos zu \u00f6ffnende Bef\u00fcll- und Ablasskammer<br \/>\n  Manometer &amp; Druckschalter integriert!<\/b><\/p><\/p>","protected":false},"featured_media":33066,"comment_status":"open","ping_status":"closed","template":"","meta":[],"product_brand":[],"product_cat":[266,456,264,312,243],"product_tag":[],"class_list":{"0":"post-30481","1":"product","2":"type-product","3":"status-publish","4":"has-post-thumbnail","6":"product_cat-hauswasserautomat","7":"product_cat-hauswasserwerke-zisternenpumpen","8":"product_cat-regenwasser-pumpen-regenwassernutzung-regentonne24","9":"product_cat-hauswasserwerk-jetpumpen","10":"product_cat-regenwasser-pumpen","12":"first","13":"instock","14":"taxable","15":"shipping-taxable","16":"purchasable","17":"product-type-simple"},"_links":{"self":[{"href":"https:\/\/testshop.igel.wovodo.de\/es\/wp-json\/wp\/v2\/product\/30481","targetHints":{"allow":["GET"]}}],"collection":[{"href":"https:\/\/testshop.igel.wovodo.de\/es\/wp-json\/wp\/v2\/product"}],"about":[{"href":"https:\/\/testshop.igel.wovodo.de\/es\/wp-json\/wp\/v2\/types\/product"}],"replies":[{"embeddable":true,"href":"https:\/\/testshop.igel.wovodo.de\/es\/wp-json\/wp\/v2\/comments?post=30481"}],"version-history":[{"count":1,"href":"https:\/\/testshop.igel.wovodo.de\/es\/wp-json\/wp\/v2\/product\/30481\/revisions"}],"predecessor-version":[{"id":35095,"href":"https:\/\/testshop.igel.wovodo.de\/es\/wp-json\/wp\/v2\/product\/30481\/revisions\/35095"}],"wp:featuredmedia":[{"embeddable":true,"href":"https:\/\/testshop.igel.wovodo.de\/es\/wp-json\/wp\/v2\/media\/33066"}],"wp:attachment":[{"href":"https:\/\/testshop.igel.wovodo.de\/es\/wp-json\/wp\/v2\/media?parent=30481"}],"wp:term":[{"taxonomy":"product_brand","embeddable":true,"href":"https:\/\/testshop.igel.wovodo.de\/es\/wp-json\/wp\/v2\/product_brand?post=30481"},{"taxonomy":"product_cat","embeddable":true,"href":"https:\/\/testshop.igel.wovodo.de\/es\/wp-json\/wp\/v2\/product_cat?post=30481"},{"taxonomy":"product_tag","embeddable":true,"href":"https:\/\/testshop.igel.wovodo.de\/es\/wp-json\/wp\/v2\/product_tag?post=30481"}],"curies":[{"name":"wp","href":"https:\/\/api.w.org\/{rel}","templated":true}]}}