{"id":30628,"date":"2024-10-31T14:11:29","date_gmt":"2024-10-31T13:11:29","guid":{"rendered":"https:\/\/testshop.igel.wovodo.de\/product\/regentonne-baum-grau-zzgl-befuell-und-entnahmeset-auswahl\/"},"modified":"2025-01-27T12:31:23","modified_gmt":"2025-01-27T11:31:23","slug":"regentonne-baum-grau-zzgl-befuell-und-entnahmeset-auswahl","status":"publish","type":"product","link":"https:\/\/testshop.igel.wovodo.de\/es\/product\/regentonne-baum-grau-zzgl-befuell-und-entnahmeset-auswahl\/","title":{"rendered":"Regentonne Baum grau zzgl. Bef\u00fcll &#8211; und Entnahmeset &#8211; Auswahl"},"content":{"rendered":"<div class=\"sale_description\">\n<ul>\n<li>Longlife-Regentonne zur Regenwassernutzung in Haus und Garten<\/li>\n<\/ul>\n<p>Diese Designertonnen sind nicht nur sch\u00f6n anzusehen, sie sind auch n\u00fctzlich zugleich. Ob als Regenwassertonne, Pumpengeh\u00e4use oder Abdeckung f\u00fcr Teichfilter &#8211; in jedem Fall ein Schmuckst\u00fcck f\u00fcr Ihren Garten.<\/p>\n<p><font color=\"FF0000\"><b>Jedes Regenfass ist ein &#8220;Unikat!&#8221;<\/b><\/font> <\/p>\n<p>Dezent angeformte flache Stellen sind f\u00fcr Wasserzulauf und -ablauf vorgesehen. Im Bedarfsfall k\u00f6nnen diese bauseitig aufgebohrt werden.<\/p>\n<p>Bedingt durch das besondere innovative Fertigungsverfahren <b>&#8220;Rotationssinter-Technik&#8221; und Materialauswahl<\/b> sind unsere Produkte <b>echte &#8220;LONG-LIFE!&#8221; &#8211; Regentonnen.<\/b> Einmal richtig installiert und angeschlossen &#8211; und Sie haben sehr-sehr lange Freude dran! Kein Billigm\u00fcll, der nach 2-3 Jahren auf dem Bauhof landet und die M\u00fcllhalden f\u00fcllt. <b>Die Tonnen sind nicht billig, aber in jedem Fall das Geld wert!<\/b><\/p>\n<h3>Produkt-Empfehlung<\/h3>\n<p>Zu den Regentonnen empfehlen wir, stets das passende Anschlu\u00df-Zubeh\u00f6r mitzubestellen:<\/p>\n<ul>\n<li>Den <b>Filter T33 <\/b>(Lieferung inkl. allem Zubeh\u00f6r, damit das Wasser sauber in die Regentonne kommt)<\/li>\n<li>Einen <b>Auslaufhahn \/ Wasserhahn,<\/b> matt oder poliert in 3\/4 Zoll mit Schlaucht\u00fclle 12mm oder 17mm<\/li>\n<li><b>Bef\u00fcll- und Entnahmeset<\/b> (Lieferung inkl. Filter T33 und allem Zubeh\u00f6r, wie oben sowie dem Entnahmeset, mit dem Sie das Wasser aus der Tonne restlos entnehmen k\u00f6nnen).<\/li>\n<\/ul>\n<p><b>Der Filter T33 bef\u00fcllt Ihre Regentonne automatisch mit sauberem Wasser, auch wenn Sie nicht zu Hause sind!<\/b> <\/p>\n<p>Der Regenfilter wird in das Fallrohr der Regenrinne eingebaut. Dort filtert er Bl\u00e4tter, Insekten, Sandk\u00f6rner und andere Partikel aus dem Regenwasser. So wird die Regentonne stets mit sauberem Wasser bef\u00fcllt.<\/p>\n<p>Der Filter ist mit einer <strong>&#8220;F\u00fcll-Stopp-Automatik&#8221;<\/strong> ausgestattet. In der entsprechenden H\u00f6he in das Fallrohr eingebaut (Montageanleitung beachten) sorgt der Filter automatisch daf\u00fcr, dass die Regentonne nicht \u00fcberl\u00e4uft. Dadurch werden teuere Wassersch\u00e4den an Haus und Kellerwand zuverl\u00e4ssig vermieden.<\/p>\n<p>Der Filtersieb sollte ca. 2-3mal im Jahr kontrolliert und ggf. im Wasserstrahl mit B\u00fcrste gereinigt werden. Im Winterbetrieb wird der mitgelieferte Stopfen von INNEN eingesetzt, damit kein Wasser in die Tonne flie\u00dft. Das Regenfass sollte vor dem Winter entleert werden, so k\u00f6nnen Filter und Regentonne angeschlossen bis zum Fr\u00fchjahr \u00fcberwintern. Nach Ende der Frostperiode den Stopfen wieder entnehmen. Der Filter verf\u00fcgt \u00fcber <strong>sehr gute Selbstreinigungs-Eigenschaften<\/strong>. Der <strong>Wirkungsgrad ist mit \u00fcber 90%<\/strong> sehr hoch und vergleichbar mit einer Fallrohrklappe. Das l\u00e4stige Bedienen der Fallrohrklappe entf\u00e4llt jedoch komplett!<\/p>\n<p><b>*Hinweis: <\/b>Dieses Produkt wird zuk\u00fcnftig mit einer witterungsbest\u00e4ndigen Wartungsklappe in der Farbe des Filters geliefert.<\/p>\n<\/p>\n<p>Sicherheitshinweis  Anlieferung:<br \/>\nBitte teilen Sie uns Ihre Tel.-Nr mit, damit wir Sie zwecks DHL-Anlieferung erreichen k\u00f6nnen. Pr\u00fcfen Sie bitte Ihre e-mails regelm\u00e4\u00dfig, damit Sie \u00fcber den Liefertermin informiert sind. Nutzen Sie den NEUEN DHL-SERVICE: Den Liefertermin und Lieferort k\u00f6nnen Sie nach vorheriger rechtzeitiger System-Anmeldung meistens selbst bestimmen!<\/p>\n<p>Sicherheitshinweis Entleerung:<br \/>\n  Wir empfehlen die Reinigung und Entleerung vor Wintereintritt<\/p>\n<p><b>Nota:<\/b> Leider kommen beim Transport und Handling von Tanks sowie Regentonnen leichte Kratzer sowie Scheuerstellen vor. Diese sind unvermeidbar. Sie stellen kein Reklamationsgrund dar und berechtigen nicht zu Abz\u00fcgen oder Rechnungstminderung. * Bitte pr\u00fcfen Sie die Sendung sofort! Ein von au\u00dfen erkennbarer Schaden wird von der Versicherung nicht mehr anerkannt, wenn Sie den Empfang der unbesch\u00e4digten Sendung durch Unterschrift best\u00e4tigen. Also: wenn die Sendung bei der \u00dcbergabe von au\u00dfen schon besch\u00e4digt ist, bitte das vom \u00dcberbringer schriftlich best\u00e4tigen lassen. Schreiben Sie den Namen und ggf. Kfz-Kennzeichen des \u00dcberbringers auf und teilen uns das SOFORT schriftlich mit. * Melden Sie sich bitte bei von au\u00dfen nicht erkennbaren Sch\u00e4den unverz\u00fcglich (innerhalb von 5 Werktagen) mit Hilfe des Service-Bogens bei uns! <\/p>\n<p style=\"font-size:11px;\"><b>Aviso legal:<\/b> Unsere Produkte werden im besonderen Fertigungsverfahren (keine Massenfertigung!)  St\u00fcck f\u00fcr St\u00fcck hergestellt. Gewisse Farbabweichungen lassen sich deshalb bei Einzelprodukten nicht vermeiden. Weiterhin kann es aufgrund der Lichtverh\u00e4ltnisse w\u00e4hrend der Produktfotografie und unterschiedlicher Bildschirmeinstellungen dazu kommen, dass die Farbe eines Produktes nicht authentisch wiedergegeben wird. Farbabweichungen im bestimmten Rahmen stellen keinen Reklamationsgrund dar. Bei warmer Witterung kann die Regentonne im bef\u00fcllten Zustand in Abh\u00e4ngigkeit vom Standort zu einer Bauchausbildung neigen. Das ist ein normaler Vorgang und stellt keinen Reklamations-Grund dar. <\/p>\n<\/div>\n<h3>Muchas buenas razones para comprar este producto:<\/h3>\n<div class=\"sale_motive\">\n<ul>\n<li>Hochwertige Regentonne aus PE-Kunststoff\n<\/li>\n<li>N\u00fctzlich &amp; dekorativ\n<\/li>\n<li>Dauerhaft dicht &amp; <strong>langlebig<\/strong>\n<\/li>\n<li>Stabil, bruch- und schlagfest\n<\/li>\n<li><strong>bis -20 \u00b0C frostsicher. Bei Frostgefahr m\u00fcssen die Regen-<br \/>\ntonnen entleert werden <\/strong>\n<\/li>\n<li>Inkl. Deckel mit kindersicherem Bajonett-Verschluss\n<\/li>\n<li>Inkl. 3\/4&#8243;-Auslaufhahn<\/li>\n<\/ul>\n<\/div>","protected":false},"excerpt":{"rendered":"<p>Set: Regentonne &#8220;Baum&#8221; 300l<br \/>\nin &#8220;grau&#8221;<br \/>\naus hochwertigem PE-Kunststoff<br \/>\nmit Deckel, Hahn<\/p>","protected":false},"featured_media":33545,"comment_status":"open","ping_status":"closed","template":"","meta":[],"product_brand":[],"product_cat":[388],"product_tag":[],"class_list":{"0":"post-30628","1":"product","2":"type-product","3":"status-publish","4":"has-post-thumbnail","6":"product_cat-regentonne-baum","8":"first","9":"instock","10":"taxable","11":"shipping-taxable","12":"purchasable","13":"product-type-simple"},"_links":{"self":[{"href":"https:\/\/testshop.igel.wovodo.de\/es\/wp-json\/wp\/v2\/product\/30628","targetHints":{"allow":["GET"]}}],"collection":[{"href":"https:\/\/testshop.igel.wovodo.de\/es\/wp-json\/wp\/v2\/product"}],"about":[{"href":"https:\/\/testshop.igel.wovodo.de\/es\/wp-json\/wp\/v2\/types\/product"}],"replies":[{"embeddable":true,"href":"https:\/\/testshop.igel.wovodo.de\/es\/wp-json\/wp\/v2\/comments?post=30628"}],"version-history":[{"count":1,"href":"https:\/\/testshop.igel.wovodo.de\/es\/wp-json\/wp\/v2\/product\/30628\/revisions"}],"predecessor-version":[{"id":35238,"href":"https:\/\/testshop.igel.wovodo.de\/es\/wp-json\/wp\/v2\/product\/30628\/revisions\/35238"}],"wp:featuredmedia":[{"embeddable":true,"href":"https:\/\/testshop.igel.wovodo.de\/es\/wp-json\/wp\/v2\/media\/33545"}],"wp:attachment":[{"href":"https:\/\/testshop.igel.wovodo.de\/es\/wp-json\/wp\/v2\/media?parent=30628"}],"wp:term":[{"taxonomy":"product_brand","embeddable":true,"href":"https:\/\/testshop.igel.wovodo.de\/es\/wp-json\/wp\/v2\/product_brand?post=30628"},{"taxonomy":"product_cat","embeddable":true,"href":"https:\/\/testshop.igel.wovodo.de\/es\/wp-json\/wp\/v2\/product_cat?post=30628"},{"taxonomy":"product_tag","embeddable":true,"href":"https:\/\/testshop.igel.wovodo.de\/es\/wp-json\/wp\/v2\/product_tag?post=30628"}],"curies":[{"name":"wp","href":"https:\/\/api.w.org\/{rel}","templated":true}]}}