{"id":30651,"date":"2024-10-31T14:11:43","date_gmt":"2024-10-31T13:11:43","guid":{"rendered":"https:\/\/testshop.igel.wovodo.de\/product\/profi-airbrush-carry-ii-double-action-gun-180-d-02\/"},"modified":"2025-01-27T12:31:29","modified_gmt":"2025-01-27T11:31:29","slug":"profi-airbrush-carry-ii-double-action-gun-180-d-02","status":"publish","type":"product","link":"https:\/\/testshop.igel.wovodo.de\/es\/product\/profi-airbrush-carry-ii-double-action-gun-180-d-02\/","title":{"rendered":"Profi-AirBrush Carry II &#8211; Double-Action-Gun 180 D 0,2"},"content":{"rendered":"<div class=\"sale_application\">\n<b><\/p>\n<p>Ideal para cosm\u00e9tica y belleza (decoraci\u00f3n de u\u00f1as con aer\u00f3grafo, maquillaje, coloraci\u00f3n del cabello, cuidado del cabello, bronceado en spray), arte corporal (pintura corporal, tatuaje, dise\u00f1o de m\u00e1scaras), pasatiempos (flores\/arreglos florales, modelismo, cer\u00e1mica\/alfarer\u00eda, textiles), peque\u00f1os dise\u00f1os de autom\u00f3viles (tapones de gasolina\/cascos), ilustraciones t\u00e9cnicas\/retoques fotogr\u00e1ficos y decoraci\u00f3n de alimentos (tartas\/cupcakes). Las posibilidades de la aerograf\u00eda son pr\u00e1cticamente ilimitadas.<\/p>\n<p><\/b> <\/div>\n<div class=\"sale_description\">\n<p>Sin aceite ni mantenimiento <b>Airbrush Kompressor Set Carry II<\/b> ist f\u00fcr Arbeiten mit allen<br \/>\n  handels\u00fcblichen Airbrush Farben geeignet. Mit nur 47dB erm\u00f6glicht<br \/>\n  er angenehmes Arbeiten auch in kleineren, geschlossenen R\u00e4umen (bitte f\u00fcr eine Farbnebelabsaugung sorgen).<br \/>\n  Sein kompaktes Design, geringes Gewicht und die mitgelieferte Universal-Airbrush-Pistole erleichtern<br \/>\n  den mobilen Einsatz. Dieser kompakte Kompressor ist perfekt<br \/>\n  geeignet, um kleinere Arbeiten unterwegs zu erledigen. Die<br \/>\n  Anwendungsgebiete gehen \u00fcber Nagel Design, Dekoration von<br \/>\n  Torten, Blumen und Gestecken, Makeup, Kosmetik, Body-Painting, Body Art, Spray Tanning,<br \/>\nNagelgestaltung, Tattoos, Haart\u00f6nung, Haarpflege, Maskengestaltung, Bemalung von Hobbyartikeln, Modelherstellung, Gestaltung von Keramik\/Tonwaren, Helm-Design, Textilen aller Art, T-shirt-, Koffer-, Taschen-, Jeans-, Motorrad, Kfz-, Tankdeckel-&#8230; Gestaltungen und h\u00f6ren bei technischen Illustrationen und Fotonachbesserung nicht auf. Es stehen Ihnen praktisch unbegrenzte M\u00f6glichkeiten f\u00fcr Airbrushing zur Verf\u00fcgung.<\/p>\n<p>Die Airbrush-Pistole <strong>&#8220;Gravity Double-Action-Gun 180 D 0,2&#8221;<\/strong> ist ein Zweistoff-Zerst\u00e4uber, der nach dem Prinzip einer Strahlpumpe arbeitet, wobei Druckluft als Treibmittel verwendet wird.<br \/>\n  In Abh\u00e4ngigkeit von der St\u00e4rke des Luftstroms und der Menge der Farbe, kann man mit einer Airbushpistole feinste Linien, aber auch gro\u00dfe Fl\u00e4chen malen. Man kann Farbe deckend aufspr\u00fchen, aber auch einen transparenten Farbfilm airbrushen.<\/p>\n<p>Bei einer Double-Action Airbrush werden Luft und Farbmenge mit einem Hebel gesteuert. Durch das Herunterdr\u00fccken des Hebels wird die Luftzufuhr reguliert, durch das gleichzeitige Zur\u00fcckziehen des Hebels wird die Farbmenge variiert. Die maximale Farbmenge kann hinten an der R\u00e4ndelschraube (Farbmengen-Regulierschraube) eingestellt werden.<\/p>\n<p>Bei der internen Farbmischung erfolgt die Zusammenf\u00fchrung von Luft und Farbe direkt im Luftstrom und in oder unmittelbar vor der Pistole. Die Technik ist aufwendiger und teurer, liefert aber ein wesentlich besseres Spritzbild.<\/p>\n<p>Spr\u00fchpistolen, bei denen die Farbzuf\u00fchrung von oben erfolgt, nennt man auch &#8220;Gravity&#8221;. Bauartbedingt haben diese Spritzpistolen meist einen festen oder gar keinen Farbbeh\u00e4lter oder eine (Farbmulde) von geringer Gr\u00f6\u00dfe. Die Farbe gelangt hier direkt in den Nadelschaft und in die D\u00fcse.<\/p>\n<p>Diese Airbrush-Pistole verf\u00fcgt \u00fcber eine Druckregulierung und \u00fcber eine R\u00fcckstellschraube zur Spray-Kontrolle.<\/p>\n<p><strong>Bestellen Sie HIER das Zubeh\u00f6r zum SUPER-G\u00dcNSTIGEN Peis gleich mit und sparen noch die Versandkosten!<\/strong><\/p>\n<\/p><\/div>\n<h3>Muchas buenas razones para comprar este producto:<\/h3>\n<div class=\"sale_motive\">\n<ul>\n<li><strong>vielf\u00e4ltige Einsatzgebiete mit Standard-Anforderungen<\/strong><\/li>\n<li><strong>in 5 Stufen leicht regelbare Kompressorleistung<\/strong><\/li>\n<li>Ideal para uso m\u00f3vil<\/li>\n<li>Transportable y listo para usar r\u00e1pidamente<\/li>\n<li>Single-Action Trigger Air-Paint-Control-Pistole<\/li>\n<li>\u00d6l- und wartungsfreier Kompressor<\/li>\n<li>Kompressor-Anschluss: T\u00fclle f\u00fcr Standardschlauch (passend f\u00fcr alle g\u00e4ngigen Airbrushpistolen)<\/li>\n<li><strong>fl\u00fcsterleiser Betrieb ca. 47dB<\/strong> (Zum Vergleich: ein normales Gespr\u00e4ch in 1m Abstand = 60dB)<\/li>\n<\/ul>\n<\/div>","protected":false},"excerpt":{"rendered":"<p>AIRBRUSH KOMPRESSOR SET: Mini Airbrush Kompressor CARRY II mit 5-POWER-STUFEN-Kompressor-Leistung (max. Druck 1,7 bar, max. Luftabgabemenge: 16 l\/min, Motorleistung: 12V10W) und der Airbrush-Pistole &#8220;Gravity Double-Action-Gun 180 D 0,2&#8221;<\/p>","protected":false},"featured_media":33611,"comment_status":"open","ping_status":"closed","template":"","meta":[],"product_brand":[],"product_cat":[196,185],"product_tag":[],"class_list":{"0":"post-30651","1":"product","2":"type-product","3":"status-publish","4":"has-post-thumbnail","6":"product_cat-modellbau","7":"product_cat-airbrush-sets","9":"first","10":"outofstock","11":"taxable","12":"shipping-taxable","13":"purchasable","14":"product-type-simple"},"_links":{"self":[{"href":"https:\/\/testshop.igel.wovodo.de\/es\/wp-json\/wp\/v2\/product\/30651","targetHints":{"allow":["GET"]}}],"collection":[{"href":"https:\/\/testshop.igel.wovodo.de\/es\/wp-json\/wp\/v2\/product"}],"about":[{"href":"https:\/\/testshop.igel.wovodo.de\/es\/wp-json\/wp\/v2\/types\/product"}],"replies":[{"embeddable":true,"href":"https:\/\/testshop.igel.wovodo.de\/es\/wp-json\/wp\/v2\/comments?post=30651"}],"version-history":[{"count":1,"href":"https:\/\/testshop.igel.wovodo.de\/es\/wp-json\/wp\/v2\/product\/30651\/revisions"}],"predecessor-version":[{"id":35261,"href":"https:\/\/testshop.igel.wovodo.de\/es\/wp-json\/wp\/v2\/product\/30651\/revisions\/35261"}],"wp:featuredmedia":[{"embeddable":true,"href":"https:\/\/testshop.igel.wovodo.de\/es\/wp-json\/wp\/v2\/media\/33611"}],"wp:attachment":[{"href":"https:\/\/testshop.igel.wovodo.de\/es\/wp-json\/wp\/v2\/media?parent=30651"}],"wp:term":[{"taxonomy":"product_brand","embeddable":true,"href":"https:\/\/testshop.igel.wovodo.de\/es\/wp-json\/wp\/v2\/product_brand?post=30651"},{"taxonomy":"product_cat","embeddable":true,"href":"https:\/\/testshop.igel.wovodo.de\/es\/wp-json\/wp\/v2\/product_cat?post=30651"},{"taxonomy":"product_tag","embeddable":true,"href":"https:\/\/testshop.igel.wovodo.de\/es\/wp-json\/wp\/v2\/product_tag?post=30651"}],"curies":[{"name":"wp","href":"https:\/\/api.w.org\/{rel}","templated":true}]}}