{"id":30671,"date":"2024-10-31T14:11:54","date_gmt":"2024-10-31T13:11:54","guid":{"rendered":"https:\/\/testshop.igel.wovodo.de\/product\/profi-airbrush-carry-ii-rosa-gravity-single-action-gun-2002-d-03\/"},"modified":"2025-01-27T12:31:36","modified_gmt":"2025-01-27T11:31:36","slug":"profi-airbrush-carry-ii-rosa-gravity-single-action-gun-2002-d-03","status":"publish","type":"product","link":"https:\/\/testshop.igel.wovodo.de\/es\/product\/profi-airbrush-carry-ii-rosa-gravity-single-action-gun-2002-d-03\/","title":{"rendered":"Profi-AirBrush Carry II Rosa &#8211; Gravity Single-Action-Gun 2002 D 0,3"},"content":{"rendered":"<div class=\"sale_application\">\n<b><\/p>\n<p>Ideal para cosm\u00e9tica y belleza (decoraci\u00f3n de u\u00f1as con aer\u00f3grafo, maquillaje, coloraci\u00f3n del cabello, cuidado del cabello, bronceado en spray), arte corporal (pintura corporal, tatuaje, dise\u00f1o de m\u00e1scaras), pasatiempos (flores\/arreglos florales, modelismo, cer\u00e1mica\/alfarer\u00eda, textiles), peque\u00f1os dise\u00f1os de autom\u00f3viles (tapones de gasolina\/cascos), ilustraciones t\u00e9cnicas\/retoques fotogr\u00e1ficos y decoraci\u00f3n de alimentos (tartas\/cupcakes). Las posibilidades de la aerograf\u00eda son pr\u00e1cticamente ilimitadas.<\/p>\n<p><\/b> <\/div>\n<div class=\"sale_description\">\n<p>Sin aceite ni mantenimiento <b>Airbrush Kompressor Set Carry II<\/b> ist f\u00fcr Arbeiten mit allen<br \/>\n  handels\u00fcblichen Airbrush Farben geeignet. Mit nur 47dB erm\u00f6glicht<br \/>\n  er angenehmes Arbeiten auch in kleineren, geschlossenen R\u00e4umen (bitte f\u00fcr eine Farbnebelabsaugung sorgen).<br \/>\n  Sein kompaktes Design, geringes Gewicht und die mitgelieferte Universal-Airbrush-Pistole erleichtern<br \/>\n  den mobilen Einsatz. Dieser kompakte Kompressor ist perfekt<br \/>\n  geeignet, um kleinere Arbeiten unterwegs zu erledigen. Die<br \/>\n  Anwendungsgebiete gehen \u00fcber Nagel Design, Dekoration von<br \/>\n  Torten, Blumen und Gestecken, Makeup, Kosmetik, Body-Painting, Body Art, Spray Tanning,<br \/>\nNagelgestaltung, Tattoos, Haart\u00f6nung, Haarpflege, Maskengestaltung, Bemalung von Hobbyartikeln, Modelherstellung, Gestaltung von Keramik\/Tonwaren, Helm-Design, Textilen aller Art, T-shirt-, Koffer-, Taschen-, Jeans-, Motorrad, Kfz-, Tankdeckel-&#8230; Gestaltungen und h\u00f6ren bei technischen Illustrationen und Fotonachbesserung nicht auf. Es stehen Ihnen praktisch unbegrenzte M\u00f6glichkeiten f\u00fcr Airbrushing zur Verf\u00fcgung.<\/p>\n<p>Die Airbrush-Pistole <b>Gravity Single-Action-Gun 2002 D 0,3 <\/b>ist ein Zweistoff-Zerst\u00e4uber, der nach dem Prinzip einer Strahlpumpe arbeitet, wobei Druckluft als Treibmittel verwendet wird. In Abh\u00e4ngigkeit von der St\u00e4rke des Luftstroms und der Menge der Farbe, kann man mit einer Airbushpistole feinste Linien, aber auch gro\u00dfe Fl\u00e4chen airbrushen. Man kann Farbe deckend aufspr\u00fchen, aber auch einen transparenten Farbfilm airbrushen.<\/p>\n<p>Ausgestattet mit zwei Farb-Beh\u00e4ltern mit 20ml und 40ml Fassungsverm\u00f6gen erm\u00f6glicht die Airbrush-Pistole einen schnellen Farbwechsel. Durch die beiden gro\u00dfen Farb-Beh\u00e4lter und die 0,3mm-Nadel ist die Airbrush-Pistole <b>Gravity Single-Action-Gun 2002 D 0,3 <\/b> ideal f\u00fcr kleine bis mittelgro\u00dfe Fl\u00e4chen geeignet (z.B. Airbrush Self Tanning\/ K\u00f6rper-Selbstbr\u00e4unung).<\/p>\n<p><strong>Bestellen Sie HIER das Zubeh\u00f6r zum SUPER-G\u00dcNSTIGEN Peis gleich mit und sparen noch die Versandkosten!<\/strong><\/p>\n<\/p><\/div>\n<h3>Muchas buenas razones para comprar este producto:<\/h3>\n<div class=\"sale_motive\">\n<ul>\n<li><strong>vielf\u00e4ltige Einsatzgebiete mit Standard-Anforderungen<\/strong><\/li>\n<li><strong>in 5 Stufen leicht regelbare Kompressorleistung<\/strong><\/li>\n<li>Airbrush-Pistole mit Farbbeh\u00e4lter 20ml+40ml erm\u00f6glichen einen schnellen Farbwechsel<\/li>\n<li>Ideal para uso m\u00f3vil<\/li>\n<li>Transportable y listo para usar r\u00e1pidamente<\/li>\n<li>Single-Action Trigger Air-Paint-Control-Pistole<\/li>\n<li>\u00d6l- und wartungsfreier Kompressor<\/li>\n<li>Kompressor-Anschluss: T\u00fclle f\u00fcr Standardschlauch (passend f\u00fcr alle g\u00e4ngigen Airbrushpistolen)<\/li>\n<li><strong>fl\u00fcsterleiser Betrieb ca. 47dB<\/strong> (Zum Vergleich: ein normales Gespr\u00e4ch in 1m Abstand = 60dB)<\/li>\n<\/ul>\n<\/div>","protected":false},"excerpt":{"rendered":"<p>AIRBRUSH KOMPRESSOR SET: Mini Airbrush Kompressor CARRY II mit 5-POWER-STUFEN-Kompressor-Leistung (max. Druck 1,7 bar, max. Luftabgabemenge: 16 l\/min, Motorleistung: 12V10W) und der Airbrush-Pistole &#8220;Single-Action-Gun 2002 D 0,3&#8221;<\/p>","protected":false},"featured_media":33670,"comment_status":"open","ping_status":"closed","template":"","meta":[],"product_brand":[],"product_cat":[238,185],"product_tag":[],"class_list":{"0":"post-30671","1":"product","2":"type-product","3":"status-publish","4":"has-post-thumbnail","6":"product_cat-airbrush-tanning","7":"product_cat-airbrush-sets","9":"first","10":"instock","11":"taxable","12":"shipping-taxable","13":"purchasable","14":"product-type-simple"},"_links":{"self":[{"href":"https:\/\/testshop.igel.wovodo.de\/es\/wp-json\/wp\/v2\/product\/30671","targetHints":{"allow":["GET"]}}],"collection":[{"href":"https:\/\/testshop.igel.wovodo.de\/es\/wp-json\/wp\/v2\/product"}],"about":[{"href":"https:\/\/testshop.igel.wovodo.de\/es\/wp-json\/wp\/v2\/types\/product"}],"replies":[{"embeddable":true,"href":"https:\/\/testshop.igel.wovodo.de\/es\/wp-json\/wp\/v2\/comments?post=30671"}],"version-history":[{"count":1,"href":"https:\/\/testshop.igel.wovodo.de\/es\/wp-json\/wp\/v2\/product\/30671\/revisions"}],"predecessor-version":[{"id":35281,"href":"https:\/\/testshop.igel.wovodo.de\/es\/wp-json\/wp\/v2\/product\/30671\/revisions\/35281"}],"wp:featuredmedia":[{"embeddable":true,"href":"https:\/\/testshop.igel.wovodo.de\/es\/wp-json\/wp\/v2\/media\/33670"}],"wp:attachment":[{"href":"https:\/\/testshop.igel.wovodo.de\/es\/wp-json\/wp\/v2\/media?parent=30671"}],"wp:term":[{"taxonomy":"product_brand","embeddable":true,"href":"https:\/\/testshop.igel.wovodo.de\/es\/wp-json\/wp\/v2\/product_brand?post=30671"},{"taxonomy":"product_cat","embeddable":true,"href":"https:\/\/testshop.igel.wovodo.de\/es\/wp-json\/wp\/v2\/product_cat?post=30671"},{"taxonomy":"product_tag","embeddable":true,"href":"https:\/\/testshop.igel.wovodo.de\/es\/wp-json\/wp\/v2\/product_tag?post=30671"}],"curies":[{"name":"wp","href":"https:\/\/api.w.org\/{rel}","templated":true}]}}