{"id":30675,"date":"2024-10-31T14:11:57","date_gmt":"2024-10-31T13:11:57","guid":{"rendered":"https:\/\/testshop.igel.wovodo.de\/product\/profi-airbrush-set-carry-iii-ideal-fuer-einsteiger\/"},"modified":"2025-01-27T12:31:37","modified_gmt":"2025-01-27T11:31:37","slug":"profi-airbrush-set-carry-iii-ideal-fuer-einsteiger","status":"publish","type":"product","link":"https:\/\/testshop.igel.wovodo.de\/es\/product\/profi-airbrush-set-carry-iii-ideal-fuer-einsteiger\/","title":{"rendered":"Profi-Airbrush Set Carry III &#8211; ideal f\u00fcr Einsteiger!"},"content":{"rendered":"<div class=\"sale_application\">\n<b><\/p>\n<p>Ideal para cosm\u00e9tica y belleza (decoraci\u00f3n de u\u00f1as con aer\u00f3grafo, maquillaje, coloraci\u00f3n del cabello, cuidado del cabello, bronceado en spray), arte corporal (pintura corporal, tatuaje, dise\u00f1o de m\u00e1scaras), pasatiempos (flores\/arreglos florales, modelismo, cer\u00e1mica\/alfarer\u00eda, textiles), peque\u00f1os dise\u00f1os de autom\u00f3viles (tapones de gasolina\/cascos), ilustraciones t\u00e9cnicas\/retoques fotogr\u00e1ficos y decoraci\u00f3n de alimentos (tartas\/cupcakes). Las posibilidades de la aerograf\u00eda son pr\u00e1cticamente ilimitadas.<\/p>\n<p><\/b> <\/div>\n<div class=\"sale_description\">\n<p><b>Airbrush Kompressor Carry III <\/b>&#8211; <b>Der Kleine mit POWER<\/b>, ist f\u00fcr Arbeiten mit allen handels\u00fcblichen Airbrush Farben geeignet. Mit nur 47dB erm\u00f6glicht der Mini-Airbrush-Kompressor ein angenehmes Arbeiten auch in kleineren, geschlossenen R&auml;umen (bitte f\u00fcr eine Farbnebelabsaugung sorgen). Das kompakte Design, geringe Gewicht und der integrierte Airbrushpistolen-Halter des Airbrush-Kompressores erleichtern den mobilen Einsatz. Dieser kompakte Airbrush-Kompressor ist perfekt geeignet, um kleinere Arbeiten unterwegs zu erledigen.<\/p>\n<p>Der Mini-Kompressor f\u00fcr Airbrush ist mit einer Top-Technik ausgestattet: Carry III verf\u00fcgt \u00fcber eine <b>3-Stufen-Kompressor-Leistung<\/b>, die leicht regulierbar ist. Auf diese Weise lassen sich Luft-Druck und Luft-Durchfluss der Airbrush-Anwendung bequem anpassen.<\/p>\n<p>Die Anwendungsgebiete gehen \u00fcber Nagel Design, Dekoration von Torten, Blumen und Gestecken, Makeup, Kosmetik, Body-Painting, Body Art, Spray Tanning, Nagelgestaltung, Tattoos, Haart\u00f6nung, Haarpflege, Maskengestaltung, Bemalung von Hobbyartikeln, Modelherstellung, Gestaltung von Keramik\/Tonwaren, Helm-Design, Textilen aller Art, T-shirt-, Koffer-, Taschen-, Jeans-, Motorrad, Kfz-, Tankdeckel-&#8230; Gestaltungen und h\u00f6ren bei technischen Illustrationen und Fotonachbesserung nicht auf. Es stehen Ihnen praktisch unbegrenzte M\u00f6glichkeiten f\u00fcr Airbrushing zur Verf\u00fcgung.<\/p>\n<p><\/p>\n<p>Die Airbrush-Pistole <strong>&#8220;Gravity Single-Action-Gun 207 D 0,3&#8221;<\/strong> ist ein Zweistoff-Zerst\u00e4uber, der nach dem Prinzip einer Strahlpumpe arbeitet, wobei Druckluft als Treibmittel verwendet wird.<br \/>\n  In Abh\u00e4ngigkeit von der St\u00e4rke des Luftstroms und der Menge der Farbe, kann man mit einer Airbushpistole feinste Linien, aber auch gro\u00dfe Fl\u00e4chen malen. Man kann Farbe deckend aufspr\u00fchen, aber auch einen transparenten Farbfilm airbrushen.<\/p>\n<p>Bei Single-Action wird mit dem Bedienungshebel die Luftmenge und mit einem anderen Regler die Farbmenge gesteuert. Die maximale Farbmenge kann hinten an der R\u00e4ndelschraube (Farbmengen-Regulierschraube) eingestellt werden.<\/p>\n<\/div>\n<h3>Muchas buenas razones para comprar este producto:<\/h3>\n<div class=\"sale_motive\">\n<ul>\n<li><b>Ideales Einsteiger-Set<\/b> zum Kennenlernen der Airbrush-Technik zum <b>Top-Preis!<\/b><\/li>\n<li>in <b>3 Power-Stufen<\/b> leicht regelbare Kompressorleistung<\/li>\n<li><b>Universal-Airbrush-Pistole<\/b> &#8220;Double-Action-Gun&#8221; mit 0,3 D\u00fcse <\/li>\n<li><b>Transportabel<\/b> &amp; schnell einsatzbereit: Optimal f\u00fcr den mobilen Einsatz!<\/li>\n<li>\u00d6l- und wartungsfreier Kompressor<\/li>\n<li>Kompressor-Anschluss: T\u00fclle f\u00fcr Standardschlauch (passend f\u00fcr alle g\u00e4ngigen Airbrushpistolen)<\/li>\n<li><strong>fl\u00fcsterleiser Betrieb ca. 47dB<\/strong> (Zum Vergleich: ein normales Gespr\u00e4ch in 1m Abstand = 60dB)<\/li>\n<\/ul>\n<\/div>","protected":false},"excerpt":{"rendered":"<p>AIRBRUSH KOMPRESSOR SET:  Mini-Airbrush-Kompressor CARRY III mit 3-POWER-STUFEN-Kompressor-Leistung, Netzschalter, einer Airbrush-Pistolen-Halterung ( max. Druck 3,5 bar, max. Luftabgabemenge: 13 l\/min, Motorleistung: 12V\/10W) und der Airbrush-Pistole &#8220;Gravity Double-Action-Gun Trigger Air-Paint-Control-Pistole 130 D 0,3&#8221; mit 0,3 mm D\u00fcse\/Nadel und 7ml-Gravity-Farbgeberaufsatz<\/p>","protected":false},"featured_media":33681,"comment_status":"open","ping_status":"closed","template":"","meta":[],"product_brand":[],"product_cat":[342,190,185,189],"product_tag":[],"class_list":{"0":"post-30675","1":"product","2":"type-product","3":"status-publish","4":"has-post-thumbnail","6":"product_cat-starter-set","7":"product_cat-mini-kompressor","8":"product_cat-airbrush-sets","9":"product_cat-airbrush-kompressor","11":"first","12":"instock","13":"taxable","14":"shipping-taxable","15":"purchasable","16":"product-type-simple"},"_links":{"self":[{"href":"https:\/\/testshop.igel.wovodo.de\/es\/wp-json\/wp\/v2\/product\/30675","targetHints":{"allow":["GET"]}}],"collection":[{"href":"https:\/\/testshop.igel.wovodo.de\/es\/wp-json\/wp\/v2\/product"}],"about":[{"href":"https:\/\/testshop.igel.wovodo.de\/es\/wp-json\/wp\/v2\/types\/product"}],"replies":[{"embeddable":true,"href":"https:\/\/testshop.igel.wovodo.de\/es\/wp-json\/wp\/v2\/comments?post=30675"}],"version-history":[{"count":1,"href":"https:\/\/testshop.igel.wovodo.de\/es\/wp-json\/wp\/v2\/product\/30675\/revisions"}],"predecessor-version":[{"id":35285,"href":"https:\/\/testshop.igel.wovodo.de\/es\/wp-json\/wp\/v2\/product\/30675\/revisions\/35285"}],"wp:featuredmedia":[{"embeddable":true,"href":"https:\/\/testshop.igel.wovodo.de\/es\/wp-json\/wp\/v2\/media\/33681"}],"wp:attachment":[{"href":"https:\/\/testshop.igel.wovodo.de\/es\/wp-json\/wp\/v2\/media?parent=30675"}],"wp:term":[{"taxonomy":"product_brand","embeddable":true,"href":"https:\/\/testshop.igel.wovodo.de\/es\/wp-json\/wp\/v2\/product_brand?post=30675"},{"taxonomy":"product_cat","embeddable":true,"href":"https:\/\/testshop.igel.wovodo.de\/es\/wp-json\/wp\/v2\/product_cat?post=30675"},{"taxonomy":"product_tag","embeddable":true,"href":"https:\/\/testshop.igel.wovodo.de\/es\/wp-json\/wp\/v2\/product_tag?post=30675"}],"curies":[{"name":"wp","href":"https:\/\/api.w.org\/{rel}","templated":true}]}}