{"id":30759,"date":"2024-10-31T14:12:49","date_gmt":"2024-10-31T13:12:49","guid":{"rendered":"https:\/\/testshop.igel.wovodo.de\/product\/profi-airbrush-kompressor-beauty-maxx-2\/"},"modified":"2025-01-27T12:32:04","modified_gmt":"2025-01-27T11:32:04","slug":"profi-airbrush-kompressor-beauty-maxx-2","status":"publish","type":"product","link":"https:\/\/testshop.igel.wovodo.de\/es\/product\/profi-airbrush-kompressor-beauty-maxx-2\/","title":{"rendered":"Profi-AirBrush Kompressor Beauty Maxx"},"content":{"rendered":"<div class=\"sale_application\">\n<b><\/p>\n<p>Ideal para cosm\u00e9tica y belleza (decoraci\u00f3n de u\u00f1as con aer\u00f3grafo, maquillaje, coloraci\u00f3n del cabello, cuidado del cabello, bronceado en spray), arte corporal (pintura corporal, tatuaje, dise\u00f1o de m\u00e1scaras), pasatiempos (flores\/arreglos florales, modelismo, cer\u00e1mica\/alfarer\u00eda, textiles), peque\u00f1os dise\u00f1os de autom\u00f3viles (tapones de gasolina\/cascos), ilustraciones t\u00e9cnicas\/retoques fotogr\u00e1ficos y decoraci\u00f3n de alimentos (tartas\/cupcakes). Las posibilidades de la aerograf\u00eda son pr\u00e1cticamente ilimitadas.<\/p>\n<p><\/b> <\/div>\n<div class=\"sale_description\">\n<p>Sin aceite ni mantenimiento <b>Compresor de aer\u00f3grafo<\/b> ist f\u00fcr Arbeiten mit allen handels\u00fcblichen Airbrushfarben geeignet. Mit nur 47dB erm\u00f6glicht er angenehmes Arbeiten auch in kleineren, geschlossenen R\u00e4umen. Sein kompaktes Design und der integrierte Tragegriff erleichtern den mobilen Einsatz.<\/p>\n<\/div>\n<h3>Muchas buenas razones para comprar este producto:<\/h3>\n<div class=\"sale_motive\">\n<ul>\n<li>energieeffizienter Einzel-Zylinder Kolbenkompressor<\/li>\n<li>Pflegeleichtes Geh\u00e4use mit Hitzeschutz<\/li>\n<li>\u00dcber By-Pass regelbarer Arbeits-Druck<\/li>\n<li>Integrierter Drucklufttank<\/li>\n<li>optimal f\u00fcr den mobilen Einsatz (kompakt und schnell einsatzbereit)<\/li>\n<li>Perfektes Arbeiten durch gleich bleibenden Arbeitsdruck (integr. 0,3L-Druckbeh\u00e4lter)<\/li>\n<li>G\u00e4ngiger Anschluss: 0,3cm (1\/8&#8243;) Gewinde f\u00fcr alle Airbrush Pistolen<\/li>\n<li>\u00d6l- und wartungsfrei, thermisch gesch\u00fctzt<\/li>\n<li>fl\u00fcsterleiser Betrieb ca. 48dB (Zum Vergleich: eine normale Sprache in 1m Abstand = 60dB)\n<\/li>\n<\/ul>\n<\/div>","protected":false},"excerpt":{"rendered":"<p>Ideal f\u00fcr Kosmetik &#038; Beauty (Airbrush Nail-Art, Makeup, Haart\u00f6nung, Haarpflege, Spray Tanning), K\u00f6rper-Kunst (Body-Painting, Tattoo, Maskengestaltung), Hobby (Blumen\/ Gestecke, Modellbau,<\/p>","protected":false},"featured_media":33872,"comment_status":"open","ping_status":"closed","template":"","meta":[],"product_brand":[],"product_cat":[441,271,190,270,189],"product_tag":[],"class_list":{"0":"post-30759","1":"product","2":"type-product","3":"status-publish","4":"has-post-thumbnail","6":"product_cat-kompressor-drucktank","7":"product_cat-profi-kompressor","8":"product_cat-mini-kompressor","9":"product_cat-airbrushkompressor","10":"product_cat-airbrush-kompressor","12":"first","13":"instock","14":"taxable","15":"shipping-taxable","16":"purchasable","17":"product-type-simple"},"_links":{"self":[{"href":"https:\/\/testshop.igel.wovodo.de\/es\/wp-json\/wp\/v2\/product\/30759","targetHints":{"allow":["GET"]}}],"collection":[{"href":"https:\/\/testshop.igel.wovodo.de\/es\/wp-json\/wp\/v2\/product"}],"about":[{"href":"https:\/\/testshop.igel.wovodo.de\/es\/wp-json\/wp\/v2\/types\/product"}],"replies":[{"embeddable":true,"href":"https:\/\/testshop.igel.wovodo.de\/es\/wp-json\/wp\/v2\/comments?post=30759"}],"version-history":[{"count":1,"href":"https:\/\/testshop.igel.wovodo.de\/es\/wp-json\/wp\/v2\/product\/30759\/revisions"}],"predecessor-version":[{"id":35369,"href":"https:\/\/testshop.igel.wovodo.de\/es\/wp-json\/wp\/v2\/product\/30759\/revisions\/35369"}],"wp:featuredmedia":[{"embeddable":true,"href":"https:\/\/testshop.igel.wovodo.de\/es\/wp-json\/wp\/v2\/media\/33872"}],"wp:attachment":[{"href":"https:\/\/testshop.igel.wovodo.de\/es\/wp-json\/wp\/v2\/media?parent=30759"}],"wp:term":[{"taxonomy":"product_brand","embeddable":true,"href":"https:\/\/testshop.igel.wovodo.de\/es\/wp-json\/wp\/v2\/product_brand?post=30759"},{"taxonomy":"product_cat","embeddable":true,"href":"https:\/\/testshop.igel.wovodo.de\/es\/wp-json\/wp\/v2\/product_cat?post=30759"},{"taxonomy":"product_tag","embeddable":true,"href":"https:\/\/testshop.igel.wovodo.de\/es\/wp-json\/wp\/v2\/product_tag?post=30759"}],"curies":[{"name":"wp","href":"https:\/\/api.w.org\/{rel}","templated":true}]}}