{"id":30809,"date":"2024-10-31T14:13:20","date_gmt":"2024-10-31T13:13:20","guid":{"rendered":"https:\/\/testshop.igel.wovodo.de\/product\/teichpumpen-set-oasis-2002-1\/"},"modified":"2025-01-27T12:32:22","modified_gmt":"2025-01-27T11:32:22","slug":"teichpumpen-set-oasis-2002-1","status":"publish","type":"product","link":"https:\/\/testshop.igel.wovodo.de\/es\/product\/teichpumpen-set-oasis-2002-1\/","title":{"rendered":"Teichpumpen-Set Oasis 2002-1"},"content":{"rendered":"<div class=\"sale_description\">\n<p>Das <strong>Teichpumpen-Set &#8220;Oasis 2002-1&#8221;<\/strong> setzt die Kraft der Sonne in flie\u00dfendes Wasser um. Hochwertige Komponenten bringen das Wasser in Bewegung, sobald das Sonnenlicht die Solarfl\u00e4che erreicht. Je st\u00e4rker die Sonne, umso intensiver wird das Wasserspiel! Das beruhigende Rauschen des Wassers gibt jedem Teich die besondere Note und die im Sonnenlicht funkelnde Font\u00e4ne ist stets der perfekte Blickfang. Flie\u00dfendes Wasser sorgt f\u00fcr noch mehr Wohlgef\u00fchl in Ihrem Garten und sorgt f\u00fcr ein angenehmes Mikroklima an hei\u00dfen Sommertagen.<\/p>\n<p class=\"high\"><strong>Solar OASIS 2002-1<\/strong> &#8211; Das Lebensgef\u00fchl f\u00fcr Ihre Teich-Oase!<\/p>\n<p><span style=\"COLOR: black\"><strong>Funktion<\/strong><\/span>:\n  <\/p>\n<ol>\n<li>Bei viel Sonnenlicht wird Pumpe durch Solarenergie betrieben und Akku geladen.<\/li>\n<li>Bei wenig Sonnenlicht wird Pumpe durch Akku angetrieben und Akku geladen. Pumpe l\u00e4uft so lange bis, Akku entladen ist (Spannung sinkt unter den Betriebsspannung-Wert). Anzeige &#8220;Low Battery&#8221; blinkt (wenn der Akku noch nicht ganz entladen ist) und die Pumpe wird gestoppt. Anzeige &#8220;Charging&#8221; ist an, wenn der Akku geladen wird. Wenn der Akku geladen ist, geht die Anzeige &#8220;Charging&#8221; aus und die Pumpe kann wieder laufen.<\/li>\n<li>Ohne Sonnenlicht wird Pumpe durch Akku angetrieben. Pumpe l\u00e4uft so lange bis Akku entladen ist (Spannung sinkt unter den Wert der Betriebsspannung). Ist bei Sonnenlicht der Akku wieder auf den Wert der Betriebsspannung aufgeladen, f\u00e4ngt die Pumpe von alleine an zu laufen.<\/li>\n<li>Bedientasten:<br \/>&#8211; &#8220;Power on\/off&#8221;- Damit wird das Set ein\/aus-geschaltet<br \/>&#8211; &#8220;Pump on\/off&#8221;- Damit wird die Pumpe ein\/aus-geschaltet<br \/>&#8211; &#8220;Light on\/off&#8221;- Das Licht kann &#8220;an&#8221;- und &#8220;aus&#8221;- geschaltet werden<\/li>\n<\/ol>\n<p>Das innovative Solar-Pumpensystem garantiert Ihnen jahrelange Freude. Es hat eine Lebensdauer \u00fcber 60.000 Stunden, in denen Sie die sch\u00f6nen Font\u00e4nen bewundern k\u00f6nnen, ohne an die stetig wachsenden Strompreise denken zu m\u00fcssen.<br \/>\n<b>Bitte beachten Sie, dass nach der st\u00fcndlichen Abschaltung zum Schutze des Akkus die Teichpumpe wieder manuell einzuschalten ist!<\/b><\/p>\n<p>Ein Betrieb ist nur bei klarer Sonne m\u00f6glich. Bei Bew\u00f6lkung und Dunkelheit ist der Betrieb nur \u00fcber den Akku m\u00f6glich<\/p>\n<\/div>\n<h3>Muchas buenas razones para comprar este producto:<\/h3>\n<div class=\"sale_motive\">\n<ul>\n<li><b>Zwei Solar-Panels mit je 10 Watt Leistung<\/b><\/li>\n<li>2 unterschiedliche Font\u00e4nenaufs\u00e4tze &#8211;<span class=\"high\"> 2 unterschiedliche Spritzbilder<\/span><\/li>\n<li>max. F\u00f6rderh\u00f6he 150cm<\/li>\n<li>Verbesserung der Wasserqualit\u00e4t in Ihrem Teich (Umw\u00e4lzung von Wasser und Sauerstoffanreichung)<\/li>\n<li>Steuerung \u00fcber Schaltbox<\/li>\n<li class=\"high1\">Tag- und Nachtbetrieb m\u00f6glich<\/li>\n<li>steckfertiges Solarpumpensystem &#8211; sofort einsatzbereit<\/li>\n<li>es wird kein zus\u00e4tzlicher Strom verbraucht &#8211; Betrieb ohne Folgekosten, das Verlegen von Kabeln im Garten entf\u00e4llt<\/li>\n<li>hochwertiges Solarpanel im&nbsp;<span style=\"COLOR: rgb(255,0,0)\"><strong><span style=\"COLOR: black\"><strong>stabilen bruchfesten ALU-RAHMEN<\/strong><\/span><\/strong><\/span> mit einer Leistung von 20 Watt<\/li>\n<li>einstellbarer Winkel des Solarmoduls und 5 Meter Anschlusskabel machen eine optimale Platzierung des Panels im sonnigen Bereich m\u00f6glich<\/li>\n<li>integrierter Filter sch\u00fctzt die Pumpe (l\u00e4sst sich leicht reinigen) <\/li>\n<\/ul>\n<p>*Garantie gilt nur f\u00fcr Teichpumpe, nicht f\u00fcr Solarpanel oder Kabel.<\/p>\n<\/div>","protected":false},"excerpt":{"rendered":"<p>Leistung max. 2 x 10 Watt \/ Max. F\u00f6rderh\u00f6he 150cm \/ 2 unterschiedliche Font\u00e4nenaufs\u00e4tze \/ Betrieb auch im Schatten<\/p>\n<p><b>Mit  Akku-Betrieb und Licht!<\/b><\/p>","protected":false},"featured_media":39647,"comment_status":"open","ping_status":"closed","template":"","meta":[],"product_brand":[],"product_cat":[363],"product_tag":[],"class_list":{"0":"post-30809","1":"product","2":"type-product","3":"status-publish","4":"has-post-thumbnail","6":"product_cat-solar-teichpumpen","8":"first","9":"instock","10":"taxable","11":"shipping-taxable","12":"purchasable","13":"product-type-simple"},"_links":{"self":[{"href":"https:\/\/testshop.igel.wovodo.de\/es\/wp-json\/wp\/v2\/product\/30809","targetHints":{"allow":["GET"]}}],"collection":[{"href":"https:\/\/testshop.igel.wovodo.de\/es\/wp-json\/wp\/v2\/product"}],"about":[{"href":"https:\/\/testshop.igel.wovodo.de\/es\/wp-json\/wp\/v2\/types\/product"}],"replies":[{"embeddable":true,"href":"https:\/\/testshop.igel.wovodo.de\/es\/wp-json\/wp\/v2\/comments?post=30809"}],"version-history":[{"count":3,"href":"https:\/\/testshop.igel.wovodo.de\/es\/wp-json\/wp\/v2\/product\/30809\/revisions"}],"predecessor-version":[{"id":39547,"href":"https:\/\/testshop.igel.wovodo.de\/es\/wp-json\/wp\/v2\/product\/30809\/revisions\/39547"}],"wp:featuredmedia":[{"embeddable":true,"href":"https:\/\/testshop.igel.wovodo.de\/es\/wp-json\/wp\/v2\/media\/39647"}],"wp:attachment":[{"href":"https:\/\/testshop.igel.wovodo.de\/es\/wp-json\/wp\/v2\/media?parent=30809"}],"wp:term":[{"taxonomy":"product_brand","embeddable":true,"href":"https:\/\/testshop.igel.wovodo.de\/es\/wp-json\/wp\/v2\/product_brand?post=30809"},{"taxonomy":"product_cat","embeddable":true,"href":"https:\/\/testshop.igel.wovodo.de\/es\/wp-json\/wp\/v2\/product_cat?post=30809"},{"taxonomy":"product_tag","embeddable":true,"href":"https:\/\/testshop.igel.wovodo.de\/es\/wp-json\/wp\/v2\/product_tag?post=30809"}],"curies":[{"name":"wp","href":"https:\/\/api.w.org\/{rel}","templated":true}]}}