{"id":30831,"date":"2024-10-31T14:13:36","date_gmt":"2024-10-31T13:13:36","guid":{"rendered":"https:\/\/testshop.igel.wovodo.de\/product\/reinigungsset-profi-airbrush-3-in-1-cleaningpot-777\/"},"modified":"2025-01-27T12:32:28","modified_gmt":"2025-01-27T11:32:28","slug":"reinigungsset-profi-airbrush-3-in-1-cleaningpot-777","status":"publish","type":"product","link":"https:\/\/testshop.igel.wovodo.de\/es\/product\/reinigungsset-profi-airbrush-3-in-1-cleaningpot-777\/","title":{"rendered":"Reinigungsset Profi-AirBrush 3 in 1 Cleaningpot 777"},"content":{"rendered":"<div class=\"sale_description\">\n<p>Der &#8220;Cleaning-Pot&#8221; vereinigt 3 Funktionen in einem. Er wird genutzt zum Reinigen der Spr\u00fchpistole indem Reiniger und Farbreste einfach in den  stabilen Glasbeh\u00e4lter gespr\u00fcht werden, wobei entstehende D\u00e4mpfe durch einen Filter zur\u00fcckgehalten werden. Der Filter trennt gleichzeitig Farbpartikel und Fl\u00fcssigkeit. Der Deckel kann als Wasser- oder Farbbeh\u00e4lter genutzt werden. Durch einen Schraubverschluss ist er leicht abnehmbar. Der gut zureinigende Glasbeh\u00e4lter kann zum Farbmischen verwendet werden.<\/p>\n<p><strong>Durch seinen stabilen Bau eignet sich der &#8220;Cleaning-Pot&#8221; gleichzeitig als Halter f\u00fcr AirBrush-Pistolen.<\/strong><\/p>\n<\/div>\n<h3>Muchas buenas razones para comprar este producto:<\/h3>\n<div class=\"sale_motive\">\n<ul>\n<li><strong>3 Funktionen in einem Ger\u00e4t (Reinigen, Halten, Mischen)<\/strong><\/li>\n<li>Spr\u00fchnebel und unangenehme Ger\u00fcche entfallen<\/li>\n<li>Vermeidung von Flecken und Klecksen<\/li>\n<li>Saubere und schnelle Art die Airbrushpistole zu reinigen<\/li>\n<li>Spritzbilder: Einstellung von 1 \/ 4&#8243; bis 1-1\/2&#8243; f\u00fcr max. Vielseitigkeit<\/li>\n<li>zukunftsorientierte Bauweise<\/li>\n<li>formsch\u00f6nes Design<\/li>\n<li>F\u00e1cil manejo<\/li>\n<\/ul>\n<\/div>","protected":false},"excerpt":{"rendered":"<p>3 Funktionen in einem Ger\u00e4t (Reinigen, Halten, Mischen)<\/p>","protected":false},"featured_media":37748,"comment_status":"open","ping_status":"closed","template":"","meta":[],"product_brand":[],"product_cat":[257,328,256],"product_tag":[],"class_list":{"0":"post-30831","1":"product","2":"type-product","3":"status-publish","4":"has-post-thumbnail","6":"product_cat-zubehoer-profi-airbrush","7":"product_cat-sets","8":"product_cat-zubehoer-airbrush","10":"first","11":"instock","12":"taxable","13":"shipping-taxable","14":"purchasable","15":"product-type-simple"},"_links":{"self":[{"href":"https:\/\/testshop.igel.wovodo.de\/es\/wp-json\/wp\/v2\/product\/30831","targetHints":{"allow":["GET"]}}],"collection":[{"href":"https:\/\/testshop.igel.wovodo.de\/es\/wp-json\/wp\/v2\/product"}],"about":[{"href":"https:\/\/testshop.igel.wovodo.de\/es\/wp-json\/wp\/v2\/types\/product"}],"replies":[{"embeddable":true,"href":"https:\/\/testshop.igel.wovodo.de\/es\/wp-json\/wp\/v2\/comments?post=30831"}],"version-history":[{"count":1,"href":"https:\/\/testshop.igel.wovodo.de\/es\/wp-json\/wp\/v2\/product\/30831\/revisions"}],"predecessor-version":[{"id":35440,"href":"https:\/\/testshop.igel.wovodo.de\/es\/wp-json\/wp\/v2\/product\/30831\/revisions\/35440"}],"wp:featuredmedia":[{"embeddable":true,"href":"https:\/\/testshop.igel.wovodo.de\/es\/wp-json\/wp\/v2\/media\/37748"}],"wp:attachment":[{"href":"https:\/\/testshop.igel.wovodo.de\/es\/wp-json\/wp\/v2\/media?parent=30831"}],"wp:term":[{"taxonomy":"product_brand","embeddable":true,"href":"https:\/\/testshop.igel.wovodo.de\/es\/wp-json\/wp\/v2\/product_brand?post=30831"},{"taxonomy":"product_cat","embeddable":true,"href":"https:\/\/testshop.igel.wovodo.de\/es\/wp-json\/wp\/v2\/product_cat?post=30831"},{"taxonomy":"product_tag","embeddable":true,"href":"https:\/\/testshop.igel.wovodo.de\/es\/wp-json\/wp\/v2\/product_tag?post=30831"}],"curies":[{"name":"wp","href":"https:\/\/api.w.org\/{rel}","templated":true}]}}