{"id":30843,"date":"2024-10-31T14:13:43","date_gmt":"2024-10-31T13:13:43","guid":{"rendered":"https:\/\/testshop.igel.wovodo.de\/product\/set-adblue-12v-pumpen-set-selbstansaugend-mit-saug-und-druckschlauch-adblue-zapf-pistole-und-zubehoer\/"},"modified":"2025-01-27T12:32:31","modified_gmt":"2025-01-27T11:32:31","slug":"set-adblue-12v-pumpen-set-selbstansaugend-mit-saug-und-druckschlauch-adblue-zapf-pistole-und-zubehoer","status":"publish","type":"product","link":"https:\/\/testshop.igel.wovodo.de\/es\/product\/set-adblue-12v-pumpen-set-selbstansaugend-mit-saug-und-druckschlauch-adblue-zapf-pistole-und-zubehoer\/","title":{"rendered":"Set AdBlue\u00ae 12V-Pumpen-Set, selbstansaugend, mit Saug- und Druckschlauch, Adblue-Zapf-Pistole und Zubeh\u00f6r"},"content":{"rendered":"<div class=\"sale_application\">\n<ul>\n<li>Umpumpen, Umf\u00fcllen, Entleeren von AdBlue\u00ae, Urea, anderen Harnstoffen, organischen S\u00e4uren<\/li>\n<\/ul>\n<\/div>\n<div class=\"sale_description\">\n<p>Mit unserer AdBlue\u00ae-Pumpe betanken Sie den Zusatztank bequem und einfach mit AdBlue\u00ae oder einer anderen Harnstoff-Wasser-L\u00f6sung. Sie k\u00f6nnen unsere AdBlue\u00ae-Pumpe auch zum Pumpen von Wasser, Scheibenwischwasser oder organische S\u00e4uren nutzen.<\/p>\n<p><b>Bitte beachten Sie,<\/b> dass unsere AdBlue\u00ae-Pumpen nicht zum Pumpen brennbarer Fl\u00fcssigkeiten geeignet sind.<\/p>\n<p>Unsere AdBlue\u00ae-Pumpen sind langlebig und robust. Die Installation ist einfach und schnell auszuf\u00fchren. Sie haben die Wahl zwischen Pumpen, die mit einer Spannung von 230V, bzw. 12\/24V arbeiten. So gibt es f\u00fcr jeden Bedarf die richtige Pumpe.<\/p>\n<p>Zur Einhaltung der neuen EURO-5-Richtlinie zur Reduzierung von Schadstoffemissionen werden SCR-Katalysatoren (selective catalytic reduction\/ selektive katalytische Reduktion) in Dieselfahrzeuge eingebaut, die den Gebrauch von AdBlue\u00ae vorsehen, einer L\u00f6sung aus Wasser und Harnstoff.<br \/>\nAdBlue\u00ae kann nicht direkt mit Diesel gemischt werden, denn die Chemikalie wird aus einem separaten Tank in die Abgasf\u00fchrung eingespritzt. Dort wird Ammoniak freigesetzt, der im Katalysator mit den Stickoxiden reagiert und diese in Stickstoff und Wasserdampf umwandelt.<br \/>\n  AdBlue\u00ae besteht zu 32,5% aus Harnstoff und zu 67,5% aus demineralisiertem Wasser. AdBlue\u00ae ist geruchsfrei und nicht giftig, weder brennbar, explosiv noch umweltgef\u00e4hrdend.<\/p>\n<p>Beachten Sie bitte bei einer station\u00e4ren Installation, da\u00df Sie die Saug- und Druckleitung so an die Pumpe anschlie\u00dfen, dass keine mechanische Belastung der Anschlussverbindungen erfolgt, z.B. die Leitungen durch Rohrschellen mit Gummieinlage an der Wand befestigen. Bei Frostgefahr sollte die Pumpe entleert, mit klarem Wasser gesp\u00fclt und an einem frostfreien Ort gelagert werden.<\/p>\n<p><b>HINWEIS:<\/b> AdBlue\u00ae (eingetragenes Warenzeichen vom Verband der Automobilindustrie e. V.)<\/p>\n<div class=\"embed-responsive embed-responsive-16by9\">\n<iframe src=\"https:\/\/www.youtube-nocookie.com\/embed\/sPlAg9bFubg?rel=0\" title=\"Reproductor de v\u00eddeo YouTube\" allow=\"accelerometer; autoplay; clipboard-write; encrypted-media; gyroscope; picture-in-picture\" allowfullscreen=\"\" width=\"560\" height=\"315\" frameborder=\"0\"><\/iframe>\n<\/div>\n<\/div>\n<h3>Muchas buenas razones para comprar este producto:<\/h3>\n<div class=\"sale_motive\">\n<ul>\n<li>mobiles 12V-AdBlue\u00ae-Pumpen-Set<\/li>\n<li>Komplett-Set &#8211; mit Pumpe, Schlauch, Zapfpistole, Schellen, T\u00fcllen, Filterkorb und Gummidichtungen<\/li>\n<li>hochwertige Viton-Dichtungen<\/li>\n<li>selbstansaugend<\/li>\n<li>einsetzbar mit Adblue\u00ae, Wasser, Urea, Harnstoff, organische S\u00e4uren<\/li>\n<\/ul>\n<\/div>","protected":false},"excerpt":{"rendered":"<p>12-Volt-AdBlue\u00ae-, Urea-, Wasserpumpe<br \/>\n  <b>mit umfangreichem Zubeh\u00f6r<\/b><br \/>\n  F\u00f6rdermenge max. 2100l\/h | F\u00f6rderdruck max. 2,75 bar<\/p>","protected":false},"featured_media":34087,"comment_status":"open","ping_status":"closed","template":"","meta":[],"product_brand":[],"product_cat":[304],"product_tag":[],"class_list":{"0":"post-30843","1":"product","2":"type-product","3":"status-publish","4":"has-post-thumbnail","6":"product_cat-adblue-pumpen-sets","8":"first","9":"instock","10":"taxable","11":"shipping-taxable","12":"purchasable","13":"product-type-simple"},"_links":{"self":[{"href":"https:\/\/testshop.igel.wovodo.de\/es\/wp-json\/wp\/v2\/product\/30843","targetHints":{"allow":["GET"]}}],"collection":[{"href":"https:\/\/testshop.igel.wovodo.de\/es\/wp-json\/wp\/v2\/product"}],"about":[{"href":"https:\/\/testshop.igel.wovodo.de\/es\/wp-json\/wp\/v2\/types\/product"}],"replies":[{"embeddable":true,"href":"https:\/\/testshop.igel.wovodo.de\/es\/wp-json\/wp\/v2\/comments?post=30843"}],"version-history":[{"count":3,"href":"https:\/\/testshop.igel.wovodo.de\/es\/wp-json\/wp\/v2\/product\/30843\/revisions"}],"predecessor-version":[{"id":38487,"href":"https:\/\/testshop.igel.wovodo.de\/es\/wp-json\/wp\/v2\/product\/30843\/revisions\/38487"}],"wp:featuredmedia":[{"embeddable":true,"href":"https:\/\/testshop.igel.wovodo.de\/es\/wp-json\/wp\/v2\/media\/34087"}],"wp:attachment":[{"href":"https:\/\/testshop.igel.wovodo.de\/es\/wp-json\/wp\/v2\/media?parent=30843"}],"wp:term":[{"taxonomy":"product_brand","embeddable":true,"href":"https:\/\/testshop.igel.wovodo.de\/es\/wp-json\/wp\/v2\/product_brand?post=30843"},{"taxonomy":"product_cat","embeddable":true,"href":"https:\/\/testshop.igel.wovodo.de\/es\/wp-json\/wp\/v2\/product_cat?post=30843"},{"taxonomy":"product_tag","embeddable":true,"href":"https:\/\/testshop.igel.wovodo.de\/es\/wp-json\/wp\/v2\/product_tag?post=30843"}],"curies":[{"name":"wp","href":"https:\/\/api.w.org\/{rel}","templated":true}]}}