{"id":30846,"date":"2024-10-31T14:13:45","date_gmt":"2024-10-31T13:13:45","guid":{"rendered":"https:\/\/testshop.igel.wovodo.de\/product\/dieselpumpen-zubehoer-set-zapfpistole-fuer-dieselpumpen-und-wasserpumpen-pvc-schlauch-rueckschlagventil-tuellen-und-schlauch-schellen\/"},"modified":"2025-01-27T12:32:34","modified_gmt":"2025-01-27T11:32:34","slug":"dieselpumpen-zubehoer-set-zapfpistole-fuer-dieselpumpen-und-wasserpumpen-pvc-schlauch-rueckschlagventil-tuellen-und-schlauch-schellen","status":"publish","type":"product","link":"https:\/\/testshop.igel.wovodo.de\/es\/product\/dieselpumpen-zubehoer-set-zapfpistole-fuer-dieselpumpen-und-wasserpumpen-pvc-schlauch-rueckschlagventil-tuellen-und-schlauch-schellen\/","title":{"rendered":"Dieselpumpen-Zubeh\u00f6r-Set: Zapfpistole f\u00fcr Dieselpumpen und Wasserpumpen, PVC-Schlauch, R\u00fcckschlagventil, T\u00fcllen und Schlauch-Schellen"},"content":{"rendered":"<div class=\"sale_application\">\n<ul>\n<li>Komplettes Zubeh\u00f6r-Set f\u00fcr Dieselpumpen\/ Heiz\u00f6lpumpen\/ Kraftstoffpumpen sowie Wasserpumpen<\/li>\n<\/ul><\/div>\n<div class=\"sale_description\">\n<p>Bew\u00e4hrte Qualit\u00e4t: Zubeh\u00f6r-Set f\u00fcr Dieselpumpen und Wasserpumpen! Diesel-Zapfpistole mit Schlauch, R\u00fcckschlagventil sowie Anschlusszubeh\u00f6r.<\/p>\n<p>Die Zapfpistole ist aus Aluminium gefertigt und kann sowohl bei Dieselpumpen, als auch Wasserpumpen zum Einsatz gebracht werden. Das R\u00fcckschlagventil besteht in Teilen aus hochwertigem Messing. Der PVC-Schlauch hat einen Durchmesser von 1 Zoll und eine L\u00e4nge von 6 Metern. Dieser kann problemlos selbst auf die gew\u00fcnschte L\u00e4nge zugeschnitten werden.<\/p>\n<p>Zum Dieselpumpen-Set erhalten Sie neben Zapfpistole, Schlauch und R\u00fcckschlagventil au\u00dferdem 2 Messing-T\u00fcllen (2 x 1 Zoll) und 2 Stahl-Schlauchschellen!<\/p>\n<p>Diese Aluminium-Zapfpistole mit Durchfluss-Verrastung sowie das mitgelieferte Zubeh\u00f6r sind sowohl f\u00fcr den Einsatz mit Dieselpumpen\/ Heiz\u00f6lpumpen\/ Kraftstoffpumpen, als auch f\u00fcr den Einsatz mit Wasserpumpen aller Art geeignet.<\/p>\n<\/div>\n<h3>Muchas buenas razones para comprar este producto:<\/h3>\n<div class=\"sale_motive\">\n<ul>\n<li>Komplett-Set Dieselpumpen-Zubeh\u00f6r<\/li>\n<li>NICHT NUR f\u00fcr Dieselpumpen, sondern AUCH f\u00fcr Wasserpumpen geeignet<\/li>\n<li>Zapf-Pistole aus Aluminium mit Durchfluss-Verrastung <\/li>\n<li>Anschluss \u00fcber Schlaucht\u00fclle<\/li>\n<li>Zuschneidbarer PVC-Schlauch<\/li>\n<li>Anschlusszubeh\u00f6r<\/li>\n<\/ul>\n<\/div>","protected":false},"excerpt":{"rendered":"<p>Komplettes Zubeh\u00f6r-Set f\u00fcr Dieselpumpen\/ Heiz\u00f6lpumpen\/ Kraftstoffpumpen sowie Wasserpumpen Bew\u00e4hrte Qualit\u00e4t: Zubeh\u00f6r-Set f\u00fcr Dieselpumpen und Wasserpumpen! Diesel-Zapfpistole mit Schlauch, R\u00fcckschlagventil sowie<\/p>","protected":false},"featured_media":37613,"comment_status":"open","ping_status":"closed","template":"","meta":[],"product_brand":[],"product_cat":[195],"product_tag":[],"class_list":{"0":"post-30846","1":"product","2":"type-product","3":"status-publish","4":"has-post-thumbnail","6":"product_cat-diesel-zubehoer","8":"first","9":"instock","10":"taxable","11":"shipping-taxable","12":"purchasable","13":"product-type-simple"},"_links":{"self":[{"href":"https:\/\/testshop.igel.wovodo.de\/es\/wp-json\/wp\/v2\/product\/30846","targetHints":{"allow":["GET"]}}],"collection":[{"href":"https:\/\/testshop.igel.wovodo.de\/es\/wp-json\/wp\/v2\/product"}],"about":[{"href":"https:\/\/testshop.igel.wovodo.de\/es\/wp-json\/wp\/v2\/types\/product"}],"replies":[{"embeddable":true,"href":"https:\/\/testshop.igel.wovodo.de\/es\/wp-json\/wp\/v2\/comments?post=30846"}],"version-history":[{"count":1,"href":"https:\/\/testshop.igel.wovodo.de\/es\/wp-json\/wp\/v2\/product\/30846\/revisions"}],"predecessor-version":[{"id":35452,"href":"https:\/\/testshop.igel.wovodo.de\/es\/wp-json\/wp\/v2\/product\/30846\/revisions\/35452"}],"wp:featuredmedia":[{"embeddable":true,"href":"https:\/\/testshop.igel.wovodo.de\/es\/wp-json\/wp\/v2\/media\/37613"}],"wp:attachment":[{"href":"https:\/\/testshop.igel.wovodo.de\/es\/wp-json\/wp\/v2\/media?parent=30846"}],"wp:term":[{"taxonomy":"product_brand","embeddable":true,"href":"https:\/\/testshop.igel.wovodo.de\/es\/wp-json\/wp\/v2\/product_brand?post=30846"},{"taxonomy":"product_cat","embeddable":true,"href":"https:\/\/testshop.igel.wovodo.de\/es\/wp-json\/wp\/v2\/product_cat?post=30846"},{"taxonomy":"product_tag","embeddable":true,"href":"https:\/\/testshop.igel.wovodo.de\/es\/wp-json\/wp\/v2\/product_tag?post=30846"}],"curies":[{"name":"wp","href":"https:\/\/api.w.org\/{rel}","templated":true}]}}