{"id":30848,"date":"2024-10-31T14:13:46","date_gmt":"2024-10-31T13:13:46","guid":{"rendered":"https:\/\/testshop.igel.wovodo.de\/product\/diesel-zubehoer-paket-3-mit-gummi-schlauch-automatik-zapfpistole-und-diesel-filter\/"},"modified":"2025-01-27T12:32:34","modified_gmt":"2025-01-27T11:32:34","slug":"diesel-zubehoer-paket-3-mit-gummi-schlauch-automatik-zapfpistole-und-diesel-filter","status":"publish","type":"product","link":"https:\/\/testshop.igel.wovodo.de\/es\/product\/diesel-zubehoer-paket-3-mit-gummi-schlauch-automatik-zapfpistole-und-diesel-filter\/","title":{"rendered":"Diesel Zubeh\u00f6r Paket 3 mit Gummi Schlauch, Automatik-Zapfpistole und Diesel-Filter"},"content":{"rendered":"<div class=\"sale_application\">\n<ul>\n<li>Komplettes Zubeh\u00f6r-Set f\u00fcr Dieselpumpen\/ Heiz\u00f6lpumpen\/ Kraftstoffpumpen<\/li>\n<\/ul>\n<\/div>\n<div class=\"sale_description\">\n<p><b>Umfangreiches Zubeh\u00f6r-Set<\/b> f\u00fcr Dieselpumpen und Heiz\u00f6lpumpen in bew\u00e4hrter Qualit\u00e4t: Das Diesel-Zubeh\u00f6r-Paket enth\u00e4lt eine Automatik-Diesel-Zapfpistole, einen robusten Gummi-Schlauch, einen Dieselfilter mit Geh\u00e4use, ein hochwertiges R\u00fcckschlagventil mit Bauteilen aus Messing, 2 Stahl-Schlauchschellen, 2 T\u00fcllen sowie 1 Drehgelenk.<\/p>\n<p>Bei der Diesel-Zapfpistole handelt es sich um eine <b>hochwertige Automatik-Zapfpistole mit Durchfluss-Verrastung<\/b>. Der Gummi-Schlauch hat eine L\u00e4nge von 6 Metern. Der Schlauch ist als Saug- und Druckschlauch verwendbar und kann problemlos selbst auf die passende L\u00e4nge zugeschnitten werden.<\/p>\n<p><b>Dieser Diesel-Filter spart langfristig Wartungsarbeiten und Wartungskosten<\/b>, denn der der Kraftstoff-Tank (oder andere Umf\u00fcllbeh\u00e4lter f\u00fcr Diesel\/ Heiz\u00f6l\/ Krafstoff) bleibt frei von Ablagerungen. Der Filtereinsatz des Dieselfilters ist austauschbar. Das Geh\u00e4use des Dieselfilters l\u00e4sst sich abschrauben (wie bei PKW-Filtern \u00fcblich). Dann kann der alte Filter gegen einen neuen Filtereinsatz getauscht werden. Das Kopfteil bleibt in der Dieselleitung fest montiert. Passende Ersatzfilter sind in unserem Shop erh\u00e4ltlich.<\/p>\n<p>Erg\u00e4nzt wird das praktische Zubeh\u00f6r-Paket durch <b>Anschluss-Zubeh\u00f6r<\/b> wie T\u00fcllen, Schellen, Drehgelenk sowie einem <b>R\u00fcckschlagventil mit Bauteilen aus Messing.<\/b><\/p>\n<\/div>\n<h3>Muchas buenas razones para comprar este producto:<\/h3>\n<div class=\"sale_motive\">\n<ul>\n<li>Komplett-Set Dieselpumpen-Zubeh\u00f6r<\/li>\n<li>Hochwertige Automatik-Zapfpistole mit Durchfluss-Verrastung <\/li>\n<li>inkl. austauschbarem Diesel-Filter mit Geh\u00e4use<\/li>\n<li>inkl. Gummi-Schlauch (6 Meter\/ 1 Zoll) <\/li>\n<li>inkl. umfangreichem Anschlusszubeh\u00f6r<\/li>\n<\/ul>\n<\/div>","protected":false},"excerpt":{"rendered":"<p>Diesel-Zubeh\u00f6r-Paket<br \/>\n  mit Automatik-Zapfpistole, Schlauch,<br \/>\n  R\u00fcckschlagventil, T\u00fcllen, Schellen, Drehgelenk<\/p>\n<p><b>Umfangreiches Zubeh\u00f6r-Paket f\u00fcr Diesel- und Heiz\u00f6lpumpen<\/b><\/p>","protected":false},"featured_media":37760,"comment_status":"open","ping_status":"closed","template":"","meta":[],"product_brand":[],"product_cat":[195],"product_tag":[],"class_list":{"0":"post-30848","1":"product","2":"type-product","3":"status-publish","4":"has-post-thumbnail","6":"product_cat-diesel-zubehoer","8":"first","9":"instock","10":"taxable","11":"shipping-taxable","12":"purchasable","13":"product-type-simple"},"_links":{"self":[{"href":"https:\/\/testshop.igel.wovodo.de\/es\/wp-json\/wp\/v2\/product\/30848","targetHints":{"allow":["GET"]}}],"collection":[{"href":"https:\/\/testshop.igel.wovodo.de\/es\/wp-json\/wp\/v2\/product"}],"about":[{"href":"https:\/\/testshop.igel.wovodo.de\/es\/wp-json\/wp\/v2\/types\/product"}],"replies":[{"embeddable":true,"href":"https:\/\/testshop.igel.wovodo.de\/es\/wp-json\/wp\/v2\/comments?post=30848"}],"version-history":[{"count":1,"href":"https:\/\/testshop.igel.wovodo.de\/es\/wp-json\/wp\/v2\/product\/30848\/revisions"}],"predecessor-version":[{"id":35454,"href":"https:\/\/testshop.igel.wovodo.de\/es\/wp-json\/wp\/v2\/product\/30848\/revisions\/35454"}],"wp:featuredmedia":[{"embeddable":true,"href":"https:\/\/testshop.igel.wovodo.de\/es\/wp-json\/wp\/v2\/media\/37760"}],"wp:attachment":[{"href":"https:\/\/testshop.igel.wovodo.de\/es\/wp-json\/wp\/v2\/media?parent=30848"}],"wp:term":[{"taxonomy":"product_brand","embeddable":true,"href":"https:\/\/testshop.igel.wovodo.de\/es\/wp-json\/wp\/v2\/product_brand?post=30848"},{"taxonomy":"product_cat","embeddable":true,"href":"https:\/\/testshop.igel.wovodo.de\/es\/wp-json\/wp\/v2\/product_cat?post=30848"},{"taxonomy":"product_tag","embeddable":true,"href":"https:\/\/testshop.igel.wovodo.de\/es\/wp-json\/wp\/v2\/product_tag?post=30848"}],"curies":[{"name":"wp","href":"https:\/\/api.w.org\/{rel}","templated":true}]}}