{"id":35506,"date":"2024-11-14T17:00:57","date_gmt":"2024-11-14T16:00:57","guid":{"rendered":"https:\/\/testshop.igel.wovodo.de\/product\/b-ware-durchflusswaechter-fluomac-automatic-controller-verkabelt\/"},"modified":"2025-01-27T12:31:36","modified_gmt":"2025-01-27T11:31:36","slug":"b-ware-durchflusswaechter-fluomac-automatic-controller-verkabelt","status":"publish","type":"product","link":"https:\/\/testshop.igel.wovodo.de\/es\/product\/b-ware-durchflusswaechter-fluomac-automatic-controller-verkabelt\/","title":{"rendered":"B-Ware Durchflussw\u00e4chter FLUOMAC\u00ae  Automatic-Controller verkabelt"},"content":{"rendered":"<div class=\"sale_application\">\n<h2>Anwendungsbereiche<\/h2>\n<ul>\n<li>druck-\/durchflussgesteuertes, automatisches Einschalten von Tauch- und Kreiselpumpen<\/li>\n<\/ul><\/div>\n<div class=\"sale_description\"> <font color=\"FF0000\"><b>B-Ware:<\/b><\/p>\n<ul>\n<li>leichte optische Fehler (z.B. kleine Kratzer etc.)<\/li>\n<li>voll funktionsf\u00e4higes Produkt<\/li>\n<li>reduzierte gesetzliche Gew\u00e4hrleistung auf max. 1 Jahr<\/li>\n<\/ul>\n<p><\/font><\/p>\n<p>En <b>Monitor de caudal <\/b>automatisiert und steuert das Einschalten der Kreisel- bzw. Tauchpumpe. Er \u00fcberwacht den Druck im Rohrsystem von der Pumpe bis zum Verbraucher. Bei einer Wasserentnahme aus dem Rohrsystem nimmt der Druck ab. F\u00e4llt der Druck unter 1,5bar <b>(einstellbar)<\/b> schaltet der Durchflussw\u00e4chter das angeschlossene Ger\u00e4t (z.B. Kreiselpumpe) an. Diese versorgt die Verbraucher wieder mit Wasser. Wird der Verbraucher geschlossen, verringert sich der Durchfluss und die Pumpe wird abgeschaltet.<\/p>\n<p>Das Besondere an diesem Durchflussw\u00e4chter ist der<b> eingebaute Trockenlaufschutz<\/b>. Sollte nach Einschalten der Pumpe kein Wasser (Zisterne leer) vorhanden sein, schaltet der Durchflussw\u00e4chter wieder die Pumpe<b> automatisch<\/b> aus (Trockenlaufschutz).<\/p>\n<p>Ein <b>R\u00fcckschlagventil<\/b> ist ebenfalls im Durchflussw\u00e4chter integriert. Dieser verhindert das Leerlaufen des Rohrsystems auf der Verbraucherseite.<\/p>\n<p>Der maximale Betriebsdruck dieses Druckschalters betr\u00e4gt 10bar. Der Einschaltdruck ist einstellbar (1 &#8211; 3,5bar).\n<\/p>\n<p>Das Schaltger\u00e4t ist f\u00fcr Pumpen die einen Druckaufbau deutlich unter 1,5bar haben nicht geeignet.<\/p>\n<p><b>Unsere Tipps<\/b><\/p>\n<p>Bei Einsatz von jeglichen <b>Pumpen-Schaltger\u00e4ten empfehlen wir dringend <\/b>vor dem Schaltger\u00e4t stets einen effektiven <b>Pumpen-Vorfilter\/Kartuschenfilter <\/b>einzusetzen. Dadurch lassen sich Probleme, die auf die Wasserveschmutzung zur\u00fcck zu f\u00fchren sind, deutlich reduzieren. Alle markt\u00fcblichen professionellen Schaltger\u00e4te haben eingangsseitig ein R\u00fcckschlagventil. Setzt sich ein Schmutzkorn genau zwischen den Dichtfl\u00e4chen ab, funktionieren die Schaltger\u00e4te nicht meht einwandfrei. Die Durchflussw\u00e4chter beinhalten bereits ein R\u00fcckschlagventil, zwischen Pumpe und Durchflussw\u00e4chter darf kein weiteres R\u00fcckschlagventil montiert werden da dies zu Fehlern und sogar besch\u00e4digungen an der Pumpe f\u00fchren kann.<\/p>\n<\/div>\n<h3>Muchas buenas razones para comprar este producto:<\/h3>\n<div class=\"sale_motive\">\n<h2>Muchas buenas razones para comprar este producto:<\/h2>\n<ul>\n<li>integrierter Trockenlaufschutz<\/li>\n<li>eingebautes R\u00fcckschlagventil<\/li>\n<li>Automatisierung der Pumpensteuerung reguliert durch Druck und Durchfluss<\/li>\n<li>leicht zu Handhaben<\/li>\n<li>Schonen der Pumpe<\/li>\n<\/ul>\n<\/div>","protected":false},"excerpt":{"rendered":"<p>Anwendungsbereiche druck-\/durchflussgesteuertes, automatisches Einschalten von Tauch- und Kreiselpumpen B-Ware: leichte optische Fehler (z.B. kleine Kratzer etc.) voll funktionsf\u00e4higes Produkt reduzierte<\/p>","protected":false},"featured_media":31064,"comment_status":"open","ping_status":"closed","template":"","meta":[],"product_brand":[],"product_cat":[393,392],"product_tag":[],"class_list":{"0":"post-35506","1":"product","2":"type-product","3":"status-publish","4":"has-post-thumbnail","6":"product_cat-b-ware-durchflusswaechter","7":"product_cat-b-ware-pumpensteuerung","9":"first","10":"instock","11":"sale","12":"taxable","13":"shipping-taxable","14":"purchasable","15":"product-type-simple"},"_links":{"self":[{"href":"https:\/\/testshop.igel.wovodo.de\/es\/wp-json\/wp\/v2\/product\/35506","targetHints":{"allow":["GET"]}}],"collection":[{"href":"https:\/\/testshop.igel.wovodo.de\/es\/wp-json\/wp\/v2\/product"}],"about":[{"href":"https:\/\/testshop.igel.wovodo.de\/es\/wp-json\/wp\/v2\/types\/product"}],"replies":[{"embeddable":true,"href":"https:\/\/testshop.igel.wovodo.de\/es\/wp-json\/wp\/v2\/comments?post=35506"}],"version-history":[{"count":1,"href":"https:\/\/testshop.igel.wovodo.de\/es\/wp-json\/wp\/v2\/product\/35506\/revisions"}],"predecessor-version":[{"id":39018,"href":"https:\/\/testshop.igel.wovodo.de\/es\/wp-json\/wp\/v2\/product\/35506\/revisions\/39018"}],"wp:featuredmedia":[{"embeddable":true,"href":"https:\/\/testshop.igel.wovodo.de\/es\/wp-json\/wp\/v2\/media\/31064"}],"wp:attachment":[{"href":"https:\/\/testshop.igel.wovodo.de\/es\/wp-json\/wp\/v2\/media?parent=35506"}],"wp:term":[{"taxonomy":"product_brand","embeddable":true,"href":"https:\/\/testshop.igel.wovodo.de\/es\/wp-json\/wp\/v2\/product_brand?post=35506"},{"taxonomy":"product_cat","embeddable":true,"href":"https:\/\/testshop.igel.wovodo.de\/es\/wp-json\/wp\/v2\/product_cat?post=35506"},{"taxonomy":"product_tag","embeddable":true,"href":"https:\/\/testshop.igel.wovodo.de\/es\/wp-json\/wp\/v2\/product_tag?post=35506"}],"curies":[{"name":"wp","href":"https:\/\/api.w.org\/{rel}","templated":true}]}}