{"id":36132,"date":"2024-12-03T18:06:50","date_gmt":"2024-12-03T17:06:50","guid":{"rendered":"https:\/\/testshop.igel.wovodo.de\/product\/uebergangsstueck-kunststoff-1-zoll-ag-auf-1-zoll-ig-ueberwurfmutter-laenge-ca-65mm\/"},"modified":"2025-01-27T12:27:57","modified_gmt":"2025-01-27T11:27:57","slug":"uebergangsstueck-kunststoff-1-zoll-ag-auf-1-zoll-ig-ueberwurfmutter-laenge-ca-65mm","status":"publish","type":"product","link":"https:\/\/testshop.igel.wovodo.de\/es\/product\/uebergangsstueck-kunststoff-1-zoll-ag-auf-1-zoll-ig-ueberwurfmutter-laenge-ca-65mm\/","title":{"rendered":"\u00dcbergangsst\u00fcck Kunststoff 1&#8243; Zoll AG auf 1&#8243; Zoll IG \u00dcberwurfmutter, L\u00e4nge ca. 65mm"},"content":{"rendered":"","protected":false},"excerpt":{"rendered":"","protected":false},"featured_media":31372,"comment_status":"open","ping_status":"closed","template":"","meta":[],"product_brand":[],"product_cat":[493,348,310,291],"product_tag":[],"class_list":{"0":"post-36132","1":"product","2":"type-product","3":"status-publish","4":"has-post-thumbnail","6":"product_cat-aus-kunststoff-anschluss-zubehoer-dieselpumpen","7":"product_cat-adblue-zubehoer","8":"product_cat-verbindungen-aus-kunststoff","9":"product_cat-zubehoer-pumpensteuerung","11":"first","12":"instock","13":"taxable","14":"shipping-taxable","15":"purchasable","16":"product-type-simple"},"_links":{"self":[{"href":"https:\/\/testshop.igel.wovodo.de\/es\/wp-json\/wp\/v2\/product\/36132","targetHints":{"allow":["GET"]}}],"collection":[{"href":"https:\/\/testshop.igel.wovodo.de\/es\/wp-json\/wp\/v2\/product"}],"about":[{"href":"https:\/\/testshop.igel.wovodo.de\/es\/wp-json\/wp\/v2\/types\/product"}],"replies":[{"embeddable":true,"href":"https:\/\/testshop.igel.wovodo.de\/es\/wp-json\/wp\/v2\/comments?post=36132"}],"version-history":[{"count":0,"href":"https:\/\/testshop.igel.wovodo.de\/es\/wp-json\/wp\/v2\/product\/36132\/revisions"}],"wp:featuredmedia":[{"embeddable":true,"href":"https:\/\/testshop.igel.wovodo.de\/es\/wp-json\/wp\/v2\/media\/31372"}],"wp:attachment":[{"href":"https:\/\/testshop.igel.wovodo.de\/es\/wp-json\/wp\/v2\/media?parent=36132"}],"wp:term":[{"taxonomy":"product_brand","embeddable":true,"href":"https:\/\/testshop.igel.wovodo.de\/es\/wp-json\/wp\/v2\/product_brand?post=36132"},{"taxonomy":"product_cat","embeddable":true,"href":"https:\/\/testshop.igel.wovodo.de\/es\/wp-json\/wp\/v2\/product_cat?post=36132"},{"taxonomy":"product_tag","embeddable":true,"href":"https:\/\/testshop.igel.wovodo.de\/es\/wp-json\/wp\/v2\/product_tag?post=36132"}],"curies":[{"name":"wp","href":"https:\/\/api.w.org\/{rel}","templated":true}]}}