{"id":36241,"date":"2024-12-03T18:08:30","date_gmt":"2024-12-03T17:08:30","guid":{"rendered":"https:\/\/testshop.igel.wovodo.de\/product\/universal-firnis-matt-400-ml-schmincke-50-594\/"},"modified":"2025-01-27T12:28:32","modified_gmt":"2025-01-27T11:28:32","slug":"universal-firnis-matt-400-ml-schmincke-50-594","status":"publish","type":"product","link":"https:\/\/testshop.igel.wovodo.de\/es\/product\/universal-firnis-matt-400-ml-schmincke-50-594\/","title":{"rendered":"Universal-Firnis matt 400 ml, Schmincke 50 594"},"content":{"rendered":"<div class=\"sale_description\">\n<p>Kunstharzfirnisse mit UV-Schutz f\u00fcr diverse Maltechniken (z. B. \u00d6l-, Acryl-, Gouache, aber auch f\u00fcr Inkjet-Ausdrucke, Kunstdrucke oder Fotos). matt; elastisch; nicht gilbend; alterungsbest\u00e4ndig; schnell trocknend.<\/p>\n<p>Inhalt: 400 ml<br \/>\nEnth\u00e4lt: Propan\/Butan, Acrylharz, UV-Absorber, Testbenzin, Mattierungsmittel<\/p>\n<\/div>","protected":false},"excerpt":{"rendered":"<p>Kunstharzfirnisse mit UV-Schutz<\/p>","protected":false},"featured_media":36240,"comment_status":"open","ping_status":"closed","template":"","meta":[],"product_brand":[],"product_cat":[415,426],"product_tag":[],"class_list":{"0":"post-36241","1":"product","2":"type-product","3":"status-publish","4":"has-post-thumbnail","6":"product_cat-hilfsmittel","7":"product_cat-hilfsmittel-farben-fa-schmincke-airbrush-farben-profi-airbrush","9":"first","10":"instock","11":"taxable","12":"shipping-taxable","13":"purchasable","14":"product-type-simple"},"_links":{"self":[{"href":"https:\/\/testshop.igel.wovodo.de\/es\/wp-json\/wp\/v2\/product\/36241","targetHints":{"allow":["GET"]}}],"collection":[{"href":"https:\/\/testshop.igel.wovodo.de\/es\/wp-json\/wp\/v2\/product"}],"about":[{"href":"https:\/\/testshop.igel.wovodo.de\/es\/wp-json\/wp\/v2\/types\/product"}],"replies":[{"embeddable":true,"href":"https:\/\/testshop.igel.wovodo.de\/es\/wp-json\/wp\/v2\/comments?post=36241"}],"version-history":[{"count":1,"href":"https:\/\/testshop.igel.wovodo.de\/es\/wp-json\/wp\/v2\/product\/36241\/revisions"}],"predecessor-version":[{"id":38984,"href":"https:\/\/testshop.igel.wovodo.de\/es\/wp-json\/wp\/v2\/product\/36241\/revisions\/38984"}],"wp:featuredmedia":[{"embeddable":true,"href":"https:\/\/testshop.igel.wovodo.de\/es\/wp-json\/wp\/v2\/media\/36240"}],"wp:attachment":[{"href":"https:\/\/testshop.igel.wovodo.de\/es\/wp-json\/wp\/v2\/media?parent=36241"}],"wp:term":[{"taxonomy":"product_brand","embeddable":true,"href":"https:\/\/testshop.igel.wovodo.de\/es\/wp-json\/wp\/v2\/product_brand?post=36241"},{"taxonomy":"product_cat","embeddable":true,"href":"https:\/\/testshop.igel.wovodo.de\/es\/wp-json\/wp\/v2\/product_cat?post=36241"},{"taxonomy":"product_tag","embeddable":true,"href":"https:\/\/testshop.igel.wovodo.de\/es\/wp-json\/wp\/v2\/product_tag?post=36241"}],"curies":[{"name":"wp","href":"https:\/\/api.w.org\/{rel}","templated":true}]}}