{"id":36248,"date":"2024-12-03T18:08:37","date_gmt":"2024-12-03T17:08:37","guid":{"rendered":"https:\/\/testshop.igel.wovodo.de\/product\/diesel-star-accu-160-4-2-mit-2stk-tuellen-und-ersatz-li-ion-battery\/"},"modified":"2025-01-27T12:28:35","modified_gmt":"2025-01-27T11:28:35","slug":"diesel-star-accu-160-4-2-mit-2stk-tuellen-und-ersatz-li-ion-battery","status":"publish","type":"product","link":"https:\/\/testshop.igel.wovodo.de\/es\/product\/diesel-star-accu-160-4-2-mit-2stk-tuellen-und-ersatz-li-ion-battery\/","title":{"rendered":"Diesel-Star ACCU 160-4.2  mit 2Stk T\u00fcllen und ersatz Li-Ion Battery"},"content":{"rendered":"<div class=\"sale_application\">\n<ul>\n<li>Bef\u00fcllen, Umpumpen, Umf\u00fcllen, Entleeren von Diesel- und Heiz\u00f6ltanks<\/li>\n<\/ul>\n<\/div>\n<div class=\"sale_description\">\n<p>Die Diesel-Star ACCU 160-4.2 &#8211; ist eine <b>batteriebetriebene 24-Volt<\/b> Diesel-Pumpe. Die saugstarke, selbstansaugende Dieselpumpe kann einfach und \u00fcberall mobil eingesetzt werden und eignet sich f\u00fcr Diesel und Heiz\u00f6l. Die kleine, leichte Diesel-Pumpe ist im &#8220;Handumdrehen&#8221; \u00fcberall einsatzbereit! So macht das Diesel- oder Heiz\u00f6lf\u00f6rdern, Bef\u00fcllen und Umtanken Spa\u00df und bleibt eine saubere Sache!<\/p>\n<p><iframe width=\"560\" height=\"315\" src=\"https:\/\/www.youtube-nocookie.com\/embed\/sptODXBnVnI?si=W0xIYNo1P-P_u5iz&#038;rel=0\" title=\"Reproductor de v\u00eddeo YouTube\" frameborder=\"0\" allow=\"accelerometer; autoplay; clipboard-write; encrypted-media; gyroscope; picture-in-picture; web-share\" allowfullscreen=\"\"><\/iframe><\/p>\n<p>Der kr\u00e4ftige Motor wird durch einen 24-Volt Li-Ion-Akku angetrieben. <b>Li-Ion-Akkus<\/b> zeichen sich durch \u00e4u\u00dferst geringe Selbstentladung und fast keinen &#8220;Memory-Effekt&#8221; aus. Dadurch bleibt die volle Akku-Leistung auch nach Jahren vorhanden und die Pumpe ist stets schnell einsatzbereit.<br \/>\n  <br \/>Die 24 Volt ACCU Diesel-Pumpe ist <b>selbstansaugend<\/b> nach erster Bef\u00fcllung\/Entl\u00fcftung. Die maximale F\u00f6rderleistung betr\u00e4gt 2700 l\/h, die maximale F\u00f6rderh\u00f6he 10m. Der leistungsstarke AKKU hat 2000 mAh. Die Pumpe hat drei mitgelieferte Schlaucht\u00fcllen f\u00fcr 25mm-Schlauch und Teflonband. Das hat den Vorteil, dass die Inbetriebnahme wirklich schnell erfolgen kann<\/p>\n<p>Bitte beachten: Die F\u00f6rderleistung nimmt bei steigender F\u00f6rderh\u00f6he entsprechend ab.<\/p>\n<p>Alle Pumpen sind EINZELST\u00dcCK-gepr\u00fcft auf Ihre Funktion. Daher k\u00f6nnen Reste der Pr\u00fcffl\u00fcssigkeit in der Pumpe \/ Verpackung vorhanden sein.<\/p>\n<p>Die Pumpen und die Saugleitung sind bei der Inbetriebnahme blasenfrei mit Diesel zu bef\u00fcllen. Das R\u00fcckschlagventil <b>(NICHT im Lieferumfang enthalten)<\/b> muss unbedingt am Ende der Saugleitung montiert und dicht sein.<\/p>\n<p>Bei diesem Angebot k\u00f6nnen Sie das passende Zubeh\u00f6r zur Dieselpumpen mitbestellen und so Frachtkosten sparen!<\/p>\n<\/div>\n<h3>Muchas buenas razones para comprar este producto:<\/h3>\n<div class=\"sale_motive\">\n<ul>\n<li>Saugstark und selbstansaugend<\/li>\n<li>2000 mAh ACCU f\u00fcr den Mobilen Einsatz<\/li>\n<li>Bew\u00e4hrte Qualit\u00e4t<\/li>\n<li>F\u00f6rdermenge max. 2.700l\/h<\/li>\n<\/ul>\n<\/div>","protected":false},"excerpt":{"rendered":"<p>Batteriebetriebene 24-Volt Diesel Pumpe, mit ersatz AKKU und Ladeger\u00e4t.<\/p>","protected":false},"featured_media":36247,"comment_status":"open","ping_status":"closed","template":"","meta":[],"product_brand":[],"product_cat":[228,287],"product_tag":[],"class_list":{"0":"post-36248","1":"product","2":"type-product","3":"status-publish","4":"has-post-thumbnail","6":"product_cat-diesel-pumpen-sets","7":"product_cat-diesel-pumpen","9":"first","10":"instock","11":"featured","12":"taxable","13":"shipping-taxable","14":"purchasable","15":"product-type-simple"},"_links":{"self":[{"href":"https:\/\/testshop.igel.wovodo.de\/es\/wp-json\/wp\/v2\/product\/36248","targetHints":{"allow":["GET"]}}],"collection":[{"href":"https:\/\/testshop.igel.wovodo.de\/es\/wp-json\/wp\/v2\/product"}],"about":[{"href":"https:\/\/testshop.igel.wovodo.de\/es\/wp-json\/wp\/v2\/types\/product"}],"replies":[{"embeddable":true,"href":"https:\/\/testshop.igel.wovodo.de\/es\/wp-json\/wp\/v2\/comments?post=36248"}],"version-history":[{"count":2,"href":"https:\/\/testshop.igel.wovodo.de\/es\/wp-json\/wp\/v2\/product\/36248\/revisions"}],"predecessor-version":[{"id":38349,"href":"https:\/\/testshop.igel.wovodo.de\/es\/wp-json\/wp\/v2\/product\/36248\/revisions\/38349"}],"wp:featuredmedia":[{"embeddable":true,"href":"https:\/\/testshop.igel.wovodo.de\/es\/wp-json\/wp\/v2\/media\/36247"}],"wp:attachment":[{"href":"https:\/\/testshop.igel.wovodo.de\/es\/wp-json\/wp\/v2\/media?parent=36248"}],"wp:term":[{"taxonomy":"product_brand","embeddable":true,"href":"https:\/\/testshop.igel.wovodo.de\/es\/wp-json\/wp\/v2\/product_brand?post=36248"},{"taxonomy":"product_cat","embeddable":true,"href":"https:\/\/testshop.igel.wovodo.de\/es\/wp-json\/wp\/v2\/product_cat?post=36248"},{"taxonomy":"product_tag","embeddable":true,"href":"https:\/\/testshop.igel.wovodo.de\/es\/wp-json\/wp\/v2\/product_tag?post=36248"}],"curies":[{"name":"wp","href":"https:\/\/api.w.org\/{rel}","templated":true}]}}