{"id":36417,"date":"2024-12-03T18:11:06","date_gmt":"2024-12-03T17:11:06","guid":{"rendered":"https:\/\/testshop.igel.wovodo.de\/product\/pumpenmodell-jr-600lv-2-mit-anschluss-fuer-2-lichter-12v-50hz-neues-modell\/"},"modified":"2025-01-27T12:29:35","modified_gmt":"2025-01-27T11:29:35","slug":"pumpenmodell-jr-600lv-2-mit-anschluss-fuer-2-lichter-12v-50hz-neues-modell","status":"publish","type":"product","link":"https:\/\/testshop.igel.wovodo.de\/es\/product\/pumpenmodell-jr-600lv-2-mit-anschluss-fuer-2-lichter-12v-50hz-neues-modell\/","title":{"rendered":"Pumpenmodell &#8211; JR-600LV\/2 mit Anschluss f\u00fcr 2 Lichter \/ 12V 50HZ (neues Modell)"},"content":{"rendered":"<div class=\"sale_description\">\n<p>Diese 12V-Tauchpumpe ist geeignet f\u00fcr Springbrunnen, Teiche oder als Ersatzpumpe f\u00fcr den Artikel 230V &#8211; Gartenbrunnen <\/p>\n<ul>\n<li>230V &#8211; Gartenbrunnen LIEBES-TANZ mit LED-Licht (Art.Nr: <a class=\"headerNavigation\" href=\"https:\/\/www.profi-pumpe.de\/GARTEN-u-ZIMMER-BRUNNEN\/Gartenbrunnen\/230V-Gartenbrunnen-LIEBES-TANZ-mit-LED-Licht::1762.html\">GB02176-4<\/a>)<\/li>\n<li>230V &#8211; Gartenbrunnen &#038; Zimmerbrunnen KUGEL-FANTASIE mit LED-Licht (Art.Nr: <a class=\"headerNavigation\" href=\"https:\/\/www.profi-pumpe.de\/GARTEN-u-ZIMMER-BRUNNEN\/Gartenbrunnen\/230V-Gartenbrunnen-KUGEL-FANTASIE-mit-LED-Licht::1908.html\">GB021123-4<\/a>)<\/li>\n<\/ul>\n<p>Die maximale F\u00f6rdermenge betr\u00e4gt 600 Liter pro Stunde, die maximale F\u00f6rderh\u00f6he 1,1 Meter.<\/p>\n<\/div>\n<h3>Muchas buenas razones para comprar este producto:<\/h3>\n<div class=\"sale_motive\">\n<ul>\n<li>12-Volt Tauchpumpe mit Kabel 5m<\/li>\n<li>F\u00f6rdermenge max. 600L\/Std<\/li>\n<li>F\u00f6rderh\u00f6he max. 1,1m<\/li>\n<\/ul>\n<\/div>","protected":false},"excerpt":{"rendered":"<p>Tauchpumpe f\u00fcr Springbrunnen oder Teich und als Ersatzpumpe\n  <\/p>\n<p>F\u00f6rdermenge 600L\/Std.<\/p><\/p>","protected":false},"featured_media":37632,"comment_status":"open","ping_status":"closed","template":"","meta":[],"product_brand":[],"product_cat":[255,349],"product_tag":[],"class_list":{"0":"post-36417","1":"product","2":"type-product","3":"status-publish","4":"has-post-thumbnail","6":"product_cat-zubehoer","7":"product_cat-ersatzteile-gartenbrunnen","9":"first","10":"instock","11":"taxable","12":"shipping-taxable","13":"purchasable","14":"product-type-simple"},"_links":{"self":[{"href":"https:\/\/testshop.igel.wovodo.de\/es\/wp-json\/wp\/v2\/product\/36417","targetHints":{"allow":["GET"]}}],"collection":[{"href":"https:\/\/testshop.igel.wovodo.de\/es\/wp-json\/wp\/v2\/product"}],"about":[{"href":"https:\/\/testshop.igel.wovodo.de\/es\/wp-json\/wp\/v2\/types\/product"}],"replies":[{"embeddable":true,"href":"https:\/\/testshop.igel.wovodo.de\/es\/wp-json\/wp\/v2\/comments?post=36417"}],"version-history":[{"count":1,"href":"https:\/\/testshop.igel.wovodo.de\/es\/wp-json\/wp\/v2\/product\/36417\/revisions"}],"predecessor-version":[{"id":38995,"href":"https:\/\/testshop.igel.wovodo.de\/es\/wp-json\/wp\/v2\/product\/36417\/revisions\/38995"}],"wp:featuredmedia":[{"embeddable":true,"href":"https:\/\/testshop.igel.wovodo.de\/es\/wp-json\/wp\/v2\/media\/37632"}],"wp:attachment":[{"href":"https:\/\/testshop.igel.wovodo.de\/es\/wp-json\/wp\/v2\/media?parent=36417"}],"wp:term":[{"taxonomy":"product_brand","embeddable":true,"href":"https:\/\/testshop.igel.wovodo.de\/es\/wp-json\/wp\/v2\/product_brand?post=36417"},{"taxonomy":"product_cat","embeddable":true,"href":"https:\/\/testshop.igel.wovodo.de\/es\/wp-json\/wp\/v2\/product_cat?post=36417"},{"taxonomy":"product_tag","embeddable":true,"href":"https:\/\/testshop.igel.wovodo.de\/es\/wp-json\/wp\/v2\/product_tag?post=36417"}],"curies":[{"name":"wp","href":"https:\/\/api.w.org\/{rel}","templated":true}]}}