{"id":36509,"date":"2024-12-03T18:12:27","date_gmt":"2024-12-03T17:12:27","guid":{"rendered":"https:\/\/testshop.igel.wovodo.de\/product\/tauchpumpe-fuer-230v-gartenbrunnen-zimmerbrunnen-3-stufige-stein-kaskade-mit-led-licht\/"},"modified":"2025-01-27T12:30:28","modified_gmt":"2025-01-27T11:30:28","slug":"tauchpumpe-fuer-230v-gartenbrunnen-zimmerbrunnen-3-stufige-stein-kaskade-mit-led-licht","status":"publish","type":"product","link":"https:\/\/testshop.igel.wovodo.de\/es\/product\/tauchpumpe-fuer-230v-gartenbrunnen-zimmerbrunnen-3-stufige-stein-kaskade-mit-led-licht\/","title":{"rendered":"Tauchpumpe f\u00fcr 230V &#8211; Gartenbrunnen Zimmerbrunnen 3-Stufige STEIN-KASKADE mit LED-Licht"},"content":{"rendered":"<div class=\"sale_description\">\n<p>Diese 12-Tauchpumpe ist geeignet f\u00fcr Springbrunnen, Teiche oder als Ersatzpumpe f\u00fcr den  <\/p>\n<p>230V &#8211; Gartenbrunnen Zimmerbrunnen 3-Stufige STEIN-KASKADE mit LED-Licht (Art.Nr: <a class=\"headerNavigation\" href=\"https:\/\/www.profi-pumpe.de\/GARTEN-u-ZIMMER-BRUNNEN\/230V-Gartenbrunnen-3-Stufige-STEIN-KASKADE-mit-LED-Licht::1469.html\">SB02141-4<\/a>)\n<\/p>\n<p>Die maximale F\u00f6rdermenge betr\u00e4gt 350 Liter pro Stunde, die maximale F\u00f6rderh\u00f6he 0,75 Meter.<\/p>\n<\/div>\n<h3>Muchas buenas razones para comprar este producto:<\/h3>\n<div class=\"sale_motive\">\n<ul>\n<li>12-Volt Tauchpumpe mit Kabel 5m<\/li>\n<li>F\u00f6rdermenge max. 350L\/Std<\/li>\n<li>F\u00f6rderh\u00f6he max. 0,75m<\/li>\n<\/ul>\n<\/div>","protected":false},"excerpt":{"rendered":"<p>Tauchpumpe f\u00fcr Springbrunnen oder Teich und als Ersatzpumpe\n  <\/p>\n<p>F\u00f6rdermenge 350L\/Std.<\/p><\/p>","protected":false},"featured_media":37632,"comment_status":"open","ping_status":"closed","template":"","meta":[],"product_brand":[],"product_cat":[255,349],"product_tag":[],"class_list":{"0":"post-36509","1":"product","2":"type-product","3":"status-publish","4":"has-post-thumbnail","6":"product_cat-zubehoer","7":"product_cat-ersatzteile-gartenbrunnen","9":"first","10":"instock","11":"taxable","12":"shipping-taxable","13":"purchasable","14":"product-type-simple"},"_links":{"self":[{"href":"https:\/\/testshop.igel.wovodo.de\/es\/wp-json\/wp\/v2\/product\/36509","targetHints":{"allow":["GET"]}}],"collection":[{"href":"https:\/\/testshop.igel.wovodo.de\/es\/wp-json\/wp\/v2\/product"}],"about":[{"href":"https:\/\/testshop.igel.wovodo.de\/es\/wp-json\/wp\/v2\/types\/product"}],"replies":[{"embeddable":true,"href":"https:\/\/testshop.igel.wovodo.de\/es\/wp-json\/wp\/v2\/comments?post=36509"}],"version-history":[{"count":1,"href":"https:\/\/testshop.igel.wovodo.de\/es\/wp-json\/wp\/v2\/product\/36509\/revisions"}],"predecessor-version":[{"id":39005,"href":"https:\/\/testshop.igel.wovodo.de\/es\/wp-json\/wp\/v2\/product\/36509\/revisions\/39005"}],"wp:featuredmedia":[{"embeddable":true,"href":"https:\/\/testshop.igel.wovodo.de\/es\/wp-json\/wp\/v2\/media\/37632"}],"wp:attachment":[{"href":"https:\/\/testshop.igel.wovodo.de\/es\/wp-json\/wp\/v2\/media?parent=36509"}],"wp:term":[{"taxonomy":"product_brand","embeddable":true,"href":"https:\/\/testshop.igel.wovodo.de\/es\/wp-json\/wp\/v2\/product_brand?post=36509"},{"taxonomy":"product_cat","embeddable":true,"href":"https:\/\/testshop.igel.wovodo.de\/es\/wp-json\/wp\/v2\/product_cat?post=36509"},{"taxonomy":"product_tag","embeddable":true,"href":"https:\/\/testshop.igel.wovodo.de\/es\/wp-json\/wp\/v2\/product_tag?post=36509"}],"curies":[{"name":"wp","href":"https:\/\/api.w.org\/{rel}","templated":true}]}}