{"id":36626,"date":"2024-12-03T18:14:20","date_gmt":"2024-12-03T17:14:20","guid":{"rendered":"https:\/\/testshop.igel.wovodo.de\/product\/ansaugset-1-zoll-rueckschlagventil-mit-vorfilter-und-25mm-schlauchtuelle\/"},"modified":"2025-01-27T12:32:31","modified_gmt":"2025-01-27T11:32:31","slug":"ansaugset-1-zoll-rueckschlagventil-mit-vorfilter-und-25mm-schlauchtuelle","status":"publish","type":"product","link":"https:\/\/testshop.igel.wovodo.de\/es\/product\/ansaugset-1-zoll-rueckschlagventil-mit-vorfilter-und-25mm-schlauchtuelle\/","title":{"rendered":"Ansaugset: 1&#8243; Zoll -R\u00fcckschlagventil mit Vorfilter und 25mm Schlaucht\u00fclle"},"content":{"rendered":"<div class=\"sale_description\">\n<ul>\n<li>1-Zoll-R\u00fcckschlagventil f\u00fcr Pumpen mit Filterkorb und T\u00fcllen-Anschluss f\u00fcr 25mm Schlauch. Hochwertige Qualit\u00e4t mit Bauteilen aus Messing<\/li>\n<\/ul>\n<\/div>\n<h3>Muchas buenas razones para comprar este producto:<\/h3>\n<div class=\"sale_motive\">\n<ul>\n<li>N\u00fctzliches R\u00fcckschlagventil mit g\u00e4ngigem 1&#8243;-Gewinde<\/li>\n<li>Saugkorb aus Edelstahlgewebe mit Schlauch-T\u00fclle, verschraubt (G1-Gewinde)<\/li>\n<li>Hochwertig: Mit Bauteilen aus Messing<\/li>\n<li>Unverzichtbar: Verhindert den R\u00fccklauf von Fl\u00fcssigkeiten in die Pumpe<\/li>\n<\/ul>\n<\/div>","protected":false},"excerpt":{"rendered":"<p>Ansaugset: 1&#8243; Zoll -R\u00fcckschlagventil mit Vorfilter und 25mm Schlaucht\u00fclle<\/p>","protected":false},"featured_media":37660,"comment_status":"open","ping_status":"closed","template":"","meta":[],"product_brand":[],"product_cat":[207,199,201,203,195,205],"product_tag":[],"class_list":{"0":"post-36626","1":"product","2":"type-product","3":"status-publish","4":"has-post-thumbnail","6":"product_cat-anschlussteile","7":"product_cat-zubehoer-hww","8":"product_cat-zubehoer-tauchpumpen","9":"product_cat-zubehoer-kreiselpumpe","10":"product_cat-diesel-zubehoer","11":"product_cat-zubehoer-brunnenpumpe","13":"first","14":"instock","15":"taxable","16":"shipping-taxable","17":"purchasable","18":"product-type-simple"},"_links":{"self":[{"href":"https:\/\/testshop.igel.wovodo.de\/es\/wp-json\/wp\/v2\/product\/36626","targetHints":{"allow":["GET"]}}],"collection":[{"href":"https:\/\/testshop.igel.wovodo.de\/es\/wp-json\/wp\/v2\/product"}],"about":[{"href":"https:\/\/testshop.igel.wovodo.de\/es\/wp-json\/wp\/v2\/types\/product"}],"replies":[{"embeddable":true,"href":"https:\/\/testshop.igel.wovodo.de\/es\/wp-json\/wp\/v2\/comments?post=36626"}],"version-history":[{"count":3,"href":"https:\/\/testshop.igel.wovodo.de\/es\/wp-json\/wp\/v2\/product\/36626\/revisions"}],"predecessor-version":[{"id":39550,"href":"https:\/\/testshop.igel.wovodo.de\/es\/wp-json\/wp\/v2\/product\/36626\/revisions\/39550"}],"wp:featuredmedia":[{"embeddable":true,"href":"https:\/\/testshop.igel.wovodo.de\/es\/wp-json\/wp\/v2\/media\/37660"}],"wp:attachment":[{"href":"https:\/\/testshop.igel.wovodo.de\/es\/wp-json\/wp\/v2\/media?parent=36626"}],"wp:term":[{"taxonomy":"product_brand","embeddable":true,"href":"https:\/\/testshop.igel.wovodo.de\/es\/wp-json\/wp\/v2\/product_brand?post=36626"},{"taxonomy":"product_cat","embeddable":true,"href":"https:\/\/testshop.igel.wovodo.de\/es\/wp-json\/wp\/v2\/product_cat?post=36626"},{"taxonomy":"product_tag","embeddable":true,"href":"https:\/\/testshop.igel.wovodo.de\/es\/wp-json\/wp\/v2\/product_tag?post=36626"}],"curies":[{"name":"wp","href":"https:\/\/api.w.org\/{rel}","templated":true}]}}