{"id":36642,"date":"2024-12-03T18:14:36","date_gmt":"2024-12-03T17:14:36","guid":{"rendered":"https:\/\/testshop.igel.wovodo.de\/product\/diesel-standard-4-2-automatic-mit-zubehoer-paket-3\/"},"modified":"2025-01-27T12:32:39","modified_gmt":"2025-01-27T11:32:39","slug":"diesel-standard-4-2-automatic-mit-zubehoer-paket-3","status":"publish","type":"product","link":"https:\/\/testshop.igel.wovodo.de\/es\/product\/diesel-standard-4-2-automatic-mit-zubehoer-paket-3\/","title":{"rendered":"Diesel STANDARD-4.2 Automatic mit Zubeh\u00f6r Paket 3"},"content":{"rendered":"<div class=\"sale_application\">\n<ul>\n<li>Bef\u00fcllen, Umpumpen, Umf\u00fcllen, Entleeren von Diesel- und Heiz\u00f6ltanks<\/li>\n<\/ul>\n<\/div>\n<div class=\"sale_description\">\n<p>Kraftvolle Dieself\u00f6rderung mit unserer elektrischen Dieselpumpe <b>Diesel STANDARD-4.2 Automatic&#8221;<\/b>! Diese <b>selbstansaugende 230-Volt-Pumpe<\/b> ist untentbehrlich f\u00fcr jeden Fuhrpark, KFZ-Werkst\u00e4tten, Landwirtschaft, Autoverwertung usw! Wer viele Baumaschinen zu betanken hat wird mit unserer Diesel-Pumpe seine Freude daran haben! Hiermit betanken Sie m\u00fchelos jegliche Art von Fahrzeugen und Maschinen. F\u00fcr diese Dieselpumpe <b>mit START\/STOP Automatik<\/b> ist auch das Umf\u00fcllen von Heiz\u00f6ltanks kein Problem. Dank dem <b>kr\u00e4ftigen 550W starken Motor<\/b> und der Selbstansaugung ist dies schnell erledigt. Die Motorleistung von 550W erm\u00f6glicht eine <b>Durchflussmenge von 3600l\/h <\/b>bei einer <b>maximalen Pumpenh\u00f6he von 10m.<\/b>\n<\/p>\n<p><iframe width=\"560\" height=\"315\" src=\"https:\/\/www.youtube-nocookie.com\/embed\/GWYXOCFyL80?si=1zynfNXkrf56zSx1&#038;rel=0\" title=\"Reproductor de v\u00eddeo YouTube\" frameborder=\"0\" allow=\"accelerometer; autoplay; clipboard-write; encrypted-media; gyroscope; picture-in-picture; web-share\" allowfullscreen=\"\"><\/iframe><\/p>\n<p>Diese Automatik-Pumpe schaltet sich beim Bet\u00e4tigen der Zapfpistole selbst\u00e4ndig ein und schaltet sich ab, wenn die Zapfpistole geschlossen wird. Das ist nicht nur bequem, sondern sch\u00fctzt die Pumpen vor unn\u00f6tigem Verschlei\u00df. So h\u00e4lt diese Pumpe l\u00e4nger!<\/p>\n<p>Diese Dieselpumpe hat druckseitig 2 Anschl\u00fcsse: einen waagerecht und einen senkrecht. Damit kann diese Pumpe in jeder Einbauanlage bequem angeschlossen werden.\n<\/p>\n<p><b>Alle Diesel-Pumpen sind EINZELST\u00dcCK-gepr\u00fcft auf Ihre Funktion<\/b>. Daher k\u00f6nnen Reste der Pr\u00fcffl\u00fcssigkeit in der Pumpe \/ Verpackung vorhanden sein.<\/p>\n<p>Die Dieselpumpe und die Saugleitung sind bei der Inbetriebnahme blasenfrei mit Diesel zu bef\u00fcllen. Das R\u00fcckschlagventil muss unbedingt am Ende der Saugleitung montiert und dicht sein.<\/p>\n<p><\/p>\n<h3>Inklusive Zubeh\u00f6r Paket 3<\/h3>\n<p><b>Umfangreiches Zubeh\u00f6r-Set<\/b> f\u00fcr Dieselpumpen und Heiz\u00f6lpumpen in bew\u00e4hrter Qualit\u00e4t: Das Diesel-Zubeh\u00f6r-Paket enth\u00e4lt eine Automatik-Diesel-Zapfpistole, einen robusten Gummi-Schlauch, einen Dieselfilter mit Geh\u00e4use, ein hochwertiges R\u00fcckschlagventil mit Bauteilen aus Messing, 2 Stahl-Schlauchschellen, 2 T\u00fcllen sowie 1 Drehgelenk.<\/p>\n<p>Bei der Diesel-Zapfpistole handelt es sich um eine <b>hochwertige Automatik-Zapfpistole mit Durchfluss-Verrastung<\/b>. Der Gummi-Schlauch hat eine L\u00e4nge von 6 Metern. Der Schlauch ist als Saug- und Druckschlauch verwendbar und kann problemlos selbst auf die passende L\u00e4nge zugeschnitten werden. Der robuste Gummi-Schlauch mit 1 Zoll Durchmesser ist \u00fcbrigens nicht nur f\u00fcr den Diesel- und Heiz\u00f6l-Durchfluss geeignet, sondern auch als Wasserschlauch in Anwendung mit allen Arten von Wasserpumpen (Tauchpumpen, Brunnenpumpen, Kreiselpumpen, Jetpumpen uvm.) einsetzbar.<\/p>\n<p><b>Dieser Diesel-Filter spart langfristig Wartungsarbeiten und Wartungskosten<\/b>, denn der der Kraftstoff-Tank (oder andere Umf\u00fcllbeh\u00e4lter f\u00fcr Diesel\/ Heiz\u00f6l\/ Krafstoff) bleibt frei von Ablagerungen. Der Filtereinsatz des Dieselfilters ist austauschbar. Das Geh\u00e4use des Dieselfilters l\u00e4sst sich abschrauben (wie bei PKW-Filtern \u00fcblich). Dann kann der alte Filter gegen einen neuen Filtereinsatz getauscht werden. Das Kopfteil bleibt in der Dieselleitung fest montiert. Passende Ersatzfilter sind in unserem Shop erh\u00e4ltlich.<\/p>\n<p>Erg\u00e4nzt wird das praktische Zubeh\u00f6r-Paket durch <b>Anschluss-Zubeh\u00f6r<\/b> wie T\u00fcllen, Schellen, Drehgelenk sowie einem <b>R\u00fcckschlagventil mit Bauteilen aus Messing.<\/b><\/p>\n<\/div>\n<h3>Muchas buenas razones para comprar este producto:<\/h3>\n<div class=\"sale_motive\">\n<ul>\n<li><b><font color=\"#ff0000\">Mit START\/STOP Automatik f\u00fcr optimale Handhabung und Pumpenschutz<\/font><\/b><\/li>\n<li><b>Saugstark, selbstansaugend und bequem<\/b><br \/>Selbstansaugend nach erster Bef\u00fcllung bzw. Entl\u00fcftung<\/li>\n<li>R\u00fcckschlagventil mit Filterkorb<\/li>\n<li><b>Schwere, robuste, zuverl\u00e4ssige Qualit\u00e4t<\/b><\/li>\n<li>&#8220;Ein&#8221;-und &#8220;Aus&#8221;-Schalter mit Sicherheitsvorrichtung<\/li>\n<li>mit hochwertigem, umfangreichem Zubeh\u00f6r<\/li>\n<li>mit 3 Stk. 1&#8243;AG- T\u00fcllen f\u00fcr 25mm-Schlauchanschluss<\/li>\n<\/ul>\n<ul>\n<li>mit zus\u00e4tzlichem Zubeh\u00f6r Paket 3, inkl. Schlauch, R\u00fcckschlagventil, Diesel-Filter und Zapfpistole&#8230;<\/li>\n<\/ul>\n<\/div>","protected":false},"excerpt":{"rendered":"<p>Selbstansaugende 230-Volt-Dieselpumpe  mit Zubeh\u00f6r Paket 3<br \/>\nmax. F\u00f6rdermenge 3600 l\/h | max. Saugh\u00f6he 10 m<\/p>\n<p>Mit weiterer Zubeh\u00f6r-Auswahl! <b>Top-Preis!<\/b><\/p>","protected":false},"featured_media":36641,"comment_status":"open","ping_status":"closed","template":"","meta":[],"product_brand":[],"product_cat":[228,229,436],"product_tag":[],"class_list":{"0":"post-36642","1":"product","2":"type-product","3":"status-publish","4":"has-post-thumbnail","6":"product_cat-diesel-pumpen-sets","7":"product_cat-230v-pumpen","8":"product_cat-automatic-pumpen","10":"first","11":"instock","12":"taxable","13":"shipping-taxable","14":"purchasable","15":"product-type-simple"},"_links":{"self":[{"href":"https:\/\/testshop.igel.wovodo.de\/es\/wp-json\/wp\/v2\/product\/36642","targetHints":{"allow":["GET"]}}],"collection":[{"href":"https:\/\/testshop.igel.wovodo.de\/es\/wp-json\/wp\/v2\/product"}],"about":[{"href":"https:\/\/testshop.igel.wovodo.de\/es\/wp-json\/wp\/v2\/types\/product"}],"replies":[{"embeddable":true,"href":"https:\/\/testshop.igel.wovodo.de\/es\/wp-json\/wp\/v2\/comments?post=36642"}],"version-history":[{"count":2,"href":"https:\/\/testshop.igel.wovodo.de\/es\/wp-json\/wp\/v2\/product\/36642\/revisions"}],"predecessor-version":[{"id":38497,"href":"https:\/\/testshop.igel.wovodo.de\/es\/wp-json\/wp\/v2\/product\/36642\/revisions\/38497"}],"wp:featuredmedia":[{"embeddable":true,"href":"https:\/\/testshop.igel.wovodo.de\/es\/wp-json\/wp\/v2\/media\/36641"}],"wp:attachment":[{"href":"https:\/\/testshop.igel.wovodo.de\/es\/wp-json\/wp\/v2\/media?parent=36642"}],"wp:term":[{"taxonomy":"product_brand","embeddable":true,"href":"https:\/\/testshop.igel.wovodo.de\/es\/wp-json\/wp\/v2\/product_brand?post=36642"},{"taxonomy":"product_cat","embeddable":true,"href":"https:\/\/testshop.igel.wovodo.de\/es\/wp-json\/wp\/v2\/product_cat?post=36642"},{"taxonomy":"product_tag","embeddable":true,"href":"https:\/\/testshop.igel.wovodo.de\/es\/wp-json\/wp\/v2\/product_tag?post=36642"}],"curies":[{"name":"wp","href":"https:\/\/api.w.org\/{rel}","templated":true}]}}