{"id":29952,"date":"2024-10-31T14:04:31","date_gmt":"2024-10-31T13:04:31","guid":{"rendered":"https:\/\/testshop.igel.wovodo.de\/product\/airbrushpistole-profi-airbrush-gravity-double-action-gun-182-d-05\/"},"modified":"2025-01-27T12:27:56","modified_gmt":"2025-01-27T11:27:56","slug":"airbrushpistole-profi-airbrush-gravity-double-action-gun-182-d-05","status":"publish","type":"product","link":"https:\/\/testshop.igel.wovodo.de\/fr\/product\/airbrushpistole-profi-airbrush-gravity-double-action-gun-182-d-05\/","title":{"rendered":"Airbrushpistole Profi-AirBrush Gravity Double-Action-Gun 182 D 0,5"},"content":{"rendered":"<div class=\"sale_application\">\n<b><\/p>\n<p>Id\u00e9al pour la cosm\u00e9tique et la beaut\u00e9 (airbrush nail art, maquillage, coloration des cheveux, soins capillaires, spray tanning), l'art corporel (body painting, tatouage, cr\u00e9ation de masques), les loisirs (fleurs\/arrangements floraux, mod\u00e9lisme, c\u00e9ramique\/ poterie, textiles), les petits designs automobiles (bouchons de r\u00e9servoir\/casques), les illustrations techniques\/retouches de photos et la d\u00e9coration de produits alimentaires (g\u00e2teaux\/cupcakes). Les possibilit\u00e9s d'a\u00e9rographie sont pratiquement illimit\u00e9es.<\/p>\n<p><\/b> <\/div>\n<div class=\"sale_description\">\n<p>Die Airbrush-Pistole <strong>&#8220;Gravity Double-Action-Gun 182 D 0,5&#8221;<\/strong> ist ein Zweistoff-Zerst\u00e4uber, der nach dem Prinzip einer Strahlpumpe arbeitet, wobei Druckluft als Treibmittel verwendet wird.<br \/>\n  In Abh\u00e4ngigkeit von der St\u00e4rke des Luftstroms und der Menge der Farbe, kann man mit einer Airbushpistole feinste Linien, aber auch gro\u00dfe Fl\u00e4chen malen. Man kann Farbe deckend aufspr\u00fchen, aber auch einen transparenten Farbfilm airbrushen.<\/p>\n<p>Bei einer Double-Action Airbrush werden Luft und Farbmenge mit einem Hebel gesteuert. Durch das Herunterdr\u00fccken des Hebels wird die Luftzufuhr reguliert, durch das gleichzeitige Zur\u00fcckziehen des Hebels wird die Farbmenge variiert. Die maximale Farbmenge kann hinten an der R\u00e4ndelschraube (Farbmengen-Regulierschraube) eingestellt werden.<\/p>\n<p>Bei der internen Farbmischung erfolgt die Zusammenf\u00fchrung von Luft und Farbe direkt im Luftstrom und in oder unmittelbar vor der Pistole. Die Technik ist aufwendiger und teurer, liefert aber ein wesentlich besseres Spritzbild. Mit einer D\u00fcse von 0,5mm ist diese Spr\u00fchpistole besonders f\u00fcr gro\u00dffl\u00e4chige Arbeiten geeignet. <\/p>\n<\/div>\n<h3>De nombreuses bonnes raisons d'acheter ce produit :<\/h3>\n<div class=\"sale_motive\">\n<ul>\n<li class=\"high\">brillantes Spritzbild durch interne Farbmischung <\/li>\n<li>solide Verarbeitung<\/li>\n<li>Farbbeh\u00e4lter mit 22ml <\/li>\n<li>zukunftsorientierte Bauweise <\/li>\n<li>Double-Action Trigger Air-Paint Control <\/li>\n<li>formsch\u00f6nes Design <\/li>\n<li>freier Blick auf das Arbeitsfeld, durch &#8220;unter&#8221; der Pistole angebrachtem Farbbeh\u00e4lter <\/li>\n<li>facile \u00e0 utiliser<\/li>\n<\/ul>\n<\/div>","protected":false},"excerpt":{"rendered":"<p>Spr\u00fchpistole mit gro\u00dfer D\u00fcse: 0,5mm \/ 22ml Farbbeh\u00e4lter \/ Double-Action-Trigger \/ Arbeitsdruck: 1 &#8211; 3,5bar \/ Aufbewahrungsbox \/ Druckluftschlauch<\/p>","protected":false},"featured_media":30956,"comment_status":"open","ping_status":"closed","template":"","meta":[],"product_brand":[],"product_cat":[209,210],"product_tag":[],"class_list":{"0":"post-29952","1":"product","2":"type-product","3":"status-publish","4":"has-post-thumbnail","6":"product_cat-airbrush-pistolen-set","7":"product_cat-airbrushpistolen-set","9":"first","10":"instock","11":"taxable","12":"shipping-taxable","13":"purchasable","14":"product-type-simple"},"_links":{"self":[{"href":"https:\/\/testshop.igel.wovodo.de\/fr\/wp-json\/wp\/v2\/product\/29952","targetHints":{"allow":["GET"]}}],"collection":[{"href":"https:\/\/testshop.igel.wovodo.de\/fr\/wp-json\/wp\/v2\/product"}],"about":[{"href":"https:\/\/testshop.igel.wovodo.de\/fr\/wp-json\/wp\/v2\/types\/product"}],"replies":[{"embeddable":true,"href":"https:\/\/testshop.igel.wovodo.de\/fr\/wp-json\/wp\/v2\/comments?post=29952"}],"version-history":[{"count":1,"href":"https:\/\/testshop.igel.wovodo.de\/fr\/wp-json\/wp\/v2\/product\/29952\/revisions"}],"predecessor-version":[{"id":34574,"href":"https:\/\/testshop.igel.wovodo.de\/fr\/wp-json\/wp\/v2\/product\/29952\/revisions\/34574"}],"wp:featuredmedia":[{"embeddable":true,"href":"https:\/\/testshop.igel.wovodo.de\/fr\/wp-json\/wp\/v2\/media\/30956"}],"wp:attachment":[{"href":"https:\/\/testshop.igel.wovodo.de\/fr\/wp-json\/wp\/v2\/media?parent=29952"}],"wp:term":[{"taxonomy":"product_brand","embeddable":true,"href":"https:\/\/testshop.igel.wovodo.de\/fr\/wp-json\/wp\/v2\/product_brand?post=29952"},{"taxonomy":"product_cat","embeddable":true,"href":"https:\/\/testshop.igel.wovodo.de\/fr\/wp-json\/wp\/v2\/product_cat?post=29952"},{"taxonomy":"product_tag","embeddable":true,"href":"https:\/\/testshop.igel.wovodo.de\/fr\/wp-json\/wp\/v2\/product_tag?post=29952"}],"curies":[{"name":"wp","href":"https:\/\/api.w.org\/{rel}","templated":true}]}}