{"id":29991,"date":"2024-10-31T14:04:55","date_gmt":"2024-10-31T13:04:55","guid":{"rendered":"https:\/\/testshop.igel.wovodo.de\/product\/airbrush-nail-airbrush-set\/"},"modified":"2025-01-27T12:28:09","modified_gmt":"2025-01-27T11:28:09","slug":"airbrush-nail-airbrush-set","status":"publish","type":"product","link":"https:\/\/testshop.igel.wovodo.de\/fr\/product\/airbrush-nail-airbrush-set\/","title":{"rendered":"Airbrush Nail Airbrush Set"},"content":{"rendered":"<div class=\"sale_application\">\n<p><b>Ideal f\u00fcr Nail Art, Nageldesign, Fingern\u00e4gel usw.<\/b><\/p>\n<\/p><\/div>\n<div class=\"sale_description\">\n<p>Mit dem <b>&#8220;Beauty Nail Airbrush Set&#8221;<\/b> erhalten Sie 10 trendige Airbrush-Nagel-Farben sowie 6 Schablonen mit zahlreichen Design-Vorlagen f\u00fcr die einfache und schnelle Erstellung von professionellen Nagel-Designs &#8211; lassen Sie Ihrer Kreativit\u00e4t freien Lauf!<\/p>\n<p>Vor dem Einsatz von selbst angemischten Farben in Airbrush-Pistolen bitte pr\u00fcfen, ob die Farben miteinader mischbar sind. Sind unerw\u00fcnschte Reaktionen (z.B Verklumpung) feststellbar, ist vom Einsatz in Airbrush abzusehen.<\/p>\n<p>\n<b>Anmerkung zur Produkthaltbarkeit:<\/b> Die Angabe eines Mindesthaltbarkeitsdatums ist gesetzlich vorgeschrieben. Die Haltbarkeit unserer Airbrush-Farben betr\u00e4gt mindestens zehn Jahre. Wir versichern Ihnen, dass die Verwendung der Farben &#8211; auch nach Ablauf des Mindesthaltbarkeitsdatums &#8211; f\u00fcr den jeweils empfohlenen Einsatzzweck noch jahrelang v\u00f6llig unbedenklich ist. Die \u00e4lteste bei uns f\u00fcr Testzwecke zur Haltbarkeit aufbewahrte und vollkommen intakte Farbe ist etwa 5Jahre alt.<\/p>\n<\/div>\n<h3>De nombreuses bonnes raisons d'acheter ce produit :<\/h3>\n<div class=\"sale_motive\">\n<ul>\n<li>Komplettes Zubeh\u00f6r-Set f\u00fcr Nailart<\/li>\n<li>einfach und sicher in der Anwendung<\/li>\n<li>ergiebige, leuchtstarke Farben<\/li>\n<li>auch f\u00fcr Einsteiger geeignet, dank der mitgelieferten Schablonen<\/li>\n<\/ul>\n<\/div>","protected":false},"excerpt":{"rendered":"<p>Ideal f\u00fcr Nail Art, Nageldesign, Fingern\u00e4gel usw. Mit dem &#8220;Beauty Nail Airbrush Set&#8221; erhalten Sie 10 trendige Airbrush-Nagel-Farben sowie 6<\/p>","protected":false},"featured_media":31161,"comment_status":"open","ping_status":"closed","template":"","meta":[],"product_brand":[],"product_cat":[235,193],"product_tag":[],"class_list":{"0":"post-29991","1":"product","2":"type-product","3":"status-publish","4":"has-post-thumbnail","6":"product_cat-airbrush-farben","7":"product_cat-nailart-set","9":"first","10":"instock","11":"taxable","12":"shipping-taxable","13":"purchasable","14":"product-type-simple"},"_links":{"self":[{"href":"https:\/\/testshop.igel.wovodo.de\/fr\/wp-json\/wp\/v2\/product\/29991","targetHints":{"allow":["GET"]}}],"collection":[{"href":"https:\/\/testshop.igel.wovodo.de\/fr\/wp-json\/wp\/v2\/product"}],"about":[{"href":"https:\/\/testshop.igel.wovodo.de\/fr\/wp-json\/wp\/v2\/types\/product"}],"replies":[{"embeddable":true,"href":"https:\/\/testshop.igel.wovodo.de\/fr\/wp-json\/wp\/v2\/comments?post=29991"}],"version-history":[{"count":1,"href":"https:\/\/testshop.igel.wovodo.de\/fr\/wp-json\/wp\/v2\/product\/29991\/revisions"}],"predecessor-version":[{"id":34613,"href":"https:\/\/testshop.igel.wovodo.de\/fr\/wp-json\/wp\/v2\/product\/29991\/revisions\/34613"}],"wp:featuredmedia":[{"embeddable":true,"href":"https:\/\/testshop.igel.wovodo.de\/fr\/wp-json\/wp\/v2\/media\/31161"}],"wp:attachment":[{"href":"https:\/\/testshop.igel.wovodo.de\/fr\/wp-json\/wp\/v2\/media?parent=29991"}],"wp:term":[{"taxonomy":"product_brand","embeddable":true,"href":"https:\/\/testshop.igel.wovodo.de\/fr\/wp-json\/wp\/v2\/product_brand?post=29991"},{"taxonomy":"product_cat","embeddable":true,"href":"https:\/\/testshop.igel.wovodo.de\/fr\/wp-json\/wp\/v2\/product_cat?post=29991"},{"taxonomy":"product_tag","embeddable":true,"href":"https:\/\/testshop.igel.wovodo.de\/fr\/wp-json\/wp\/v2\/product_tag?post=29991"}],"curies":[{"name":"wp","href":"https:\/\/api.w.org\/{rel}","templated":true}]}}