{"id":30057,"date":"2024-10-31T14:05:41","date_gmt":"2024-10-31T13:05:41","guid":{"rendered":"https:\/\/testshop.igel.wovodo.de\/product\/profi-airbrush-ultimate-mit-airbrushpistole-double-action-gun-134s-airbrushpistole-single-action-gun-138-schlauch-und-adapter\/"},"modified":"2025-01-27T12:28:27","modified_gmt":"2025-01-27T11:28:27","slug":"profi-airbrush-ultimate-mit-airbrushpistole-double-action-gun-134s-airbrushpistole-single-action-gun-138-schlauch-und-adapter","status":"publish","type":"product","link":"https:\/\/testshop.igel.wovodo.de\/fr\/product\/profi-airbrush-ultimate-mit-airbrushpistole-double-action-gun-134s-airbrushpistole-single-action-gun-138-schlauch-und-adapter\/","title":{"rendered":"Profi-AirBrush Ultimate mit Airbrushpistole Double Action Gun 134s, Airbrushpistole Single Action Gun 138, Schlauch und Adapter"},"content":{"rendered":"<div class=\"sale_description\">\n<p>Ce syst\u00e8me sans huile et sans entretien <b>Compresseur d'a\u00e9rographe<\/b> ist f\u00fcr Arbeiten mit allen handels\u00fcblichen Airbrushfarben geeignet. Mit nur 47dB erm\u00f6glicht er angenehmes Arbeiten auch in kleineren, geschlossenen R\u00e4umen. Sein kompaktes Design und der integrierte Tragegriff erleichtern den mobilen Einsatz.<\/p>\n<p>Der Airbrush-Kompressor ist mit einer Top-Technik ausgestattet:<br \/>Es handelt sich um einen energieeffizienten Einzel-Zylinder-Kolben-Kompressor f\u00fcr Airbrush. Er hat einen <b>integrierten Manometer, einen integrierten Luftfilter, einen integrierten Wasserabschneider sowie einen integrierten Druck- und Durchflussregler<\/b>.<\/p>\n<p>Optimal f\u00fcr einen stromsparenden und ger&auml;teschonenden Betrieb ist die <b>Auto-Stop-Automatik<\/b> (4bar-Stop | 3bar-Start). Der maximale Druck des Airbrushkompressors betr&auml;gt 4 bar. Die maximale Luftabgabemenge liegt bei 20 bis 25 Litern pro Minute. Das Geh&auml;use hat einen Hitzeschutz.<\/p>\n<p>Durch gleich bleibenden Arbeitsdruck erm\u00f6glicht der Kolbenkompressor f\u00fcr Airbrush ein perfektes Arbeiten. Sein 1\/8-Zoll-Anschluss ist f\u00fcr alle g\u00e4ngigen Airbrushpistolen geeignet.<\/p>\n<p>Die UNIVERSAL-Airbrush-Pistole <b>&#8220;Double-Action-Gun 134s&#8221;<\/b> ist einzigartig und einmalig f\u00fcr diese Preisklasse!<\/p>\n<p>Ausgestattet mit 0,2mm \/ 0,3mm \/ 0,5mm NADEL\/D\u00dcSE Kombination und 2 verschiedenen Farbbeh\u00e4ltern (7ml und 22ml) ist die Airbrush-Pistole &#8220;Double-Action-Gun 134s&#8221; besonders f\u00fcr den Beginner zum Kennenlernen der einzelnen Techniken und f\u00fcr ein z\u00fcgiges Arbeiten optimal geeignet. Damit lassen sich sowohl feine Linien ziehen, als auch gr\u00f6\u00dfere Fl\u00e4chen airbrushen. F\u00fcr gr\u00f6\u00dfere Farbmengen wird der 22ml-Glasbeh\u00e4lter und f\u00fcr kleinere Farbmengen der 7ml Metallaufsatz verwendet.<\/p>\n<p><b>Mit der UNIVERSAL-Airbrush-Pistole &#8220;Double-Action-Gun 134s&#8221; macht das Hobby richtig Spa\u00df!<\/b><\/p>\n<p>Die Airbrush-Pistole <strong>&#8220;Gravity Single-Action-Gun 138 D 0,5&#8221;<\/strong> ist ein Zweistoff-Zerst\u00e4uber, der nach dem Prinzip einer Strahlpumpe arbeitet, wobei Druckluft als Treibmittel verwendet wird.<br \/>\n  In Abh\u00e4ngigkeit von der St\u00e4rke des Luftstroms und der Menge der Farbe, kann man mit einer Airbushpistole feinste Linien, aber auch gro\u00dfe Fl\u00e4chen malen. Man kann Farbe deckend aufspr\u00fchen, aber auch einen transparenten Farbfilm airbrushen.<\/p>\n<p>Das Spr\u00fchmuster dieser Pistole weist mit einem Umfang von 1\/4 &#8211; 1 1\/2 Zoll eine gro\u00dfe Vielseitigkeit aus. F\u00fcr den Einsatz wird ein Adapter ben\u00f6tigt, um die g\u00e4ngigen 1\/4 Zoll Kompressoranschl\u00fcsse auf den kleineren Schlauchdurchmesser zu reduzieren.<\/p>\n<\/div>","protected":false},"excerpt":{"rendered":"<p>Dieser \u00f6l- und wartungsfreie Airbrush Kompressor ist f\u00fcr Arbeiten mit allen handels\u00fcblichen Airbrushfarben geeignet. Mit nur 47dB erm\u00f6glicht er angenehmes<\/p>","protected":false},"featured_media":31585,"comment_status":"open","ping_status":"closed","template":"","meta":[],"product_brand":[],"product_cat":[342,185],"product_tag":[],"class_list":{"0":"post-30057","1":"product","2":"type-product","3":"status-publish","4":"has-post-thumbnail","6":"product_cat-starter-set","7":"product_cat-airbrush-sets","9":"first","10":"instock","11":"taxable","12":"shipping-taxable","13":"purchasable","14":"product-type-simple"},"_links":{"self":[{"href":"https:\/\/testshop.igel.wovodo.de\/fr\/wp-json\/wp\/v2\/product\/30057","targetHints":{"allow":["GET"]}}],"collection":[{"href":"https:\/\/testshop.igel.wovodo.de\/fr\/wp-json\/wp\/v2\/product"}],"about":[{"href":"https:\/\/testshop.igel.wovodo.de\/fr\/wp-json\/wp\/v2\/types\/product"}],"replies":[{"embeddable":true,"href":"https:\/\/testshop.igel.wovodo.de\/fr\/wp-json\/wp\/v2\/comments?post=30057"}],"version-history":[{"count":1,"href":"https:\/\/testshop.igel.wovodo.de\/fr\/wp-json\/wp\/v2\/product\/30057\/revisions"}],"predecessor-version":[{"id":34677,"href":"https:\/\/testshop.igel.wovodo.de\/fr\/wp-json\/wp\/v2\/product\/30057\/revisions\/34677"}],"wp:featuredmedia":[{"embeddable":true,"href":"https:\/\/testshop.igel.wovodo.de\/fr\/wp-json\/wp\/v2\/media\/31585"}],"wp:attachment":[{"href":"https:\/\/testshop.igel.wovodo.de\/fr\/wp-json\/wp\/v2\/media?parent=30057"}],"wp:term":[{"taxonomy":"product_brand","embeddable":true,"href":"https:\/\/testshop.igel.wovodo.de\/fr\/wp-json\/wp\/v2\/product_brand?post=30057"},{"taxonomy":"product_cat","embeddable":true,"href":"https:\/\/testshop.igel.wovodo.de\/fr\/wp-json\/wp\/v2\/product_cat?post=30057"},{"taxonomy":"product_tag","embeddable":true,"href":"https:\/\/testshop.igel.wovodo.de\/fr\/wp-json\/wp\/v2\/product_tag?post=30057"}],"curies":[{"name":"wp","href":"https:\/\/api.w.org\/{rel}","templated":true}]}}