{"id":30059,"date":"2024-10-31T14:05:42","date_gmt":"2024-10-31T13:05:42","guid":{"rendered":"https:\/\/testshop.igel.wovodo.de\/product\/brunnen-star-automatic-560-20-ohne-sand-vorfilter\/"},"modified":"2025-01-27T12:28:29","modified_gmt":"2025-01-27T11:28:29","slug":"brunnen-star-automatic-560-20-ohne-sand-vorfilter","status":"publish","type":"product","link":"https:\/\/testshop.igel.wovodo.de\/fr\/product\/brunnen-star-automatic-560-20-ohne-sand-vorfilter\/","title":{"rendered":"BRUNNEN-STAR-AUTOMATIC 560-20 ohne SAND-VORFILTER"},"content":{"rendered":"<div class=\"sale_application\">\n<ul>\n<li>zur Hauswasser-Versorgung<\/li>\n<li>zur Brunnenwasser-Versorgung<\/li>\n<li>zur Bew\u00e4sserung<\/li>\n<li>f\u00fcr Anwendungen im Umweltschutz<\/li>\n<li>zur Regenwassernutzung<\/li>\n<li>zum Bef\u00fcllen bzw. Entleeren von Beh\u00e4ltern<\/li>\n<li>f\u00fcr Druckerh\u00f6hungsanlagen<\/li>\n<\/ul><\/div>\n<div class=\"sale_description\">\n<p>Robuste, stabile Tiefbrunnenpumpe in Handwerker-Qualit\u00e4t aus rostfreiem Edelstahl. Diese Pumpen werden f\u00fcr uns von einem europ\u00e4ischen, innovativen Qualit\u00e4ts-Unternehmen mit langj\u00e4hriger Tradition in der Pumpenfertigung entwickelt und hergestellt. Einzelne Fertigungsschritte unterliegen einer strengen Qualit\u00e4tspr\u00fcfung. Zum Einsatz kommen nur gepr\u00fcfte, qualitativ hochwertige Bauteile und Materialien. Die hochwertige EU-Brunnenpumpe ist energieeffizient und langlebig. Mit dieser Tiefbrunnenpumpe f\u00f6rdern Sie das Wasser zu optimalen Kosten.<\/p>\n<p><b>Der Motor und die Pumpe sind im gemeinsamen Geh\u00e4use integriert.<\/b> Durch diese <b>kompakte Bauart<\/b> ist die 4-Zoll-Brunnenpumpe der Probleml\u00f6ser f\u00fcr Brunnen mit niedrigem Wasserstand. Sie ist durch die besonders kompakte Bauart auch f\u00fcr den Einsatz in engen Sch\u00e4chten optimal geeignet.<\/p>\n<p>Bei einer Befestigung von ca. 1m \u00fcber dem Boden, kann die Pumpe ab ca. 2,5m Wasserstand im Brunnen eingesetzt werden.<\/p>\n<p>Pumpen mit integrierter Automatik schalten sich automatisch bei Druckabfall in der Wasserleitung ein und stoppen, wenn die Wasserentnahme beendet ist.<\/p>\n<p>Noch mehr Energie und Kosten sparen Sie, wenn Sie Ihre Pumpe mt einem <b>effizienten<\/b> Pumpen-Inverter erg\u00e4nzen. Unterst\u00fctzen Sie mit intelligenter Technik den Klima- und Umweltschutz, sparen Sie Stromkosten und sorgen teuren Reparaturen und Wartungsarbeiten vor. Die Inveter-Steuerung sorgt f\u00fcr besonders schonenden Pumpenbetrieb frei von Druckschl\u00e4gen.<\/p>\n<p>Die einzelne Fertigungsschritte unterliegen einer strengen Qualit\u00e4tspr\u00fcfung, wobei bei jeder Pumpe noch eine Endkontrolle erfolgt.<\/p>\n<p>Zum Einsatz kommen nur gepr\u00fcfte qualitativ hochwertige Bauteile und Materialien: <b>Rostfreie, robuste Edelstahlgeh\u00e4use, Mehrfach-Dichtungen, Messing-Bauteile und hochwertiger, \u00f6lgelagerter, gekapselter Motoren sorgen f\u00fcr eine lange Lebensdauer.<\/b><\/p>\n<p>Diese BRUNNEN-STAR-AUTOMATIC 560-20 ohne SAND-VORFILTER erbringt eine Leistung von <b>P2 550 Watt, P1 950 Watt<\/b>. Die maximale F\u00f6rderh\u00f6he betr\u00e4gt <b>57m<\/b>,<br \/>\ndie maximale F\u00f6rdermenge liegt bei <b>3300 Litern pro Stunde<\/b> und der maximale Druck <b>5,7 bar<\/b> und ist f\u00fcr eine elektrische Spannung von <b>230 Volt<\/b> ausgelegt.<\/p>\n<\/div>\n<h3>De nombreuses bonnes raisons d'acheter ce produit :<\/h3>\n<div class=\"sale_motive\">\n<ul>\n<li>4&#8243;-Brunnenpumpe<\/li>\n<li>Mit integriertem Motor<\/li>\n<li>Probleml\u00f6ser f\u00fcr Brunnen mit geringem Wasserstand<\/li>\n<li>Probleml\u00f6ser f\u00fcr enge Brunnen<\/li>\n<li>Kompakte Bauart f\u00fcr optimale Wasserentnahme<\/li>\n<li>Perfektion in Edelstahl!<\/li>\n<li>Spitzen-Qualit\u00e4t aus europ\u00e4ischer Fertigung nach neusten EU-Energie-Richtlinien<\/li>\n<li>Effektiv &amp; Energiesparsam<\/li>\n<\/ul>\n<\/div>","protected":false},"excerpt":{"rendered":"<p>4 Zoll Tiefbrunnenpumpe<\/p>\n<p>230 Volt | 550 Watt<\/p>\n<p>Hmax 57m | Qmax 3300l\/h | Pmax 5,7 bar<\/p>","protected":false},"featured_media":31600,"comment_status":"open","ping_status":"closed","template":"","meta":[],"product_brand":[],"product_cat":[344,215,343,267,223],"product_tag":[],"class_list":{"0":"post-30059","1":"product","2":"type-product","3":"status-publish","4":"has-post-thumbnail","6":"product_cat-4-zoll-230v","7":"product_cat-4-brunnenpumpen","8":"product_cat-tauchdruckpumpen","9":"product_cat-sandvertraeglich","10":"product_cat-eu-produktion","12":"first","13":"instock","14":"taxable","15":"shipping-taxable","16":"purchasable","17":"product-type-simple"},"_links":{"self":[{"href":"https:\/\/testshop.igel.wovodo.de\/fr\/wp-json\/wp\/v2\/product\/30059","targetHints":{"allow":["GET"]}}],"collection":[{"href":"https:\/\/testshop.igel.wovodo.de\/fr\/wp-json\/wp\/v2\/product"}],"about":[{"href":"https:\/\/testshop.igel.wovodo.de\/fr\/wp-json\/wp\/v2\/types\/product"}],"replies":[{"embeddable":true,"href":"https:\/\/testshop.igel.wovodo.de\/fr\/wp-json\/wp\/v2\/comments?post=30059"}],"version-history":[{"count":3,"href":"https:\/\/testshop.igel.wovodo.de\/fr\/wp-json\/wp\/v2\/product\/30059\/revisions"}],"predecessor-version":[{"id":39461,"href":"https:\/\/testshop.igel.wovodo.de\/fr\/wp-json\/wp\/v2\/product\/30059\/revisions\/39461"}],"wp:featuredmedia":[{"embeddable":true,"href":"https:\/\/testshop.igel.wovodo.de\/fr\/wp-json\/wp\/v2\/media\/31600"}],"wp:attachment":[{"href":"https:\/\/testshop.igel.wovodo.de\/fr\/wp-json\/wp\/v2\/media?parent=30059"}],"wp:term":[{"taxonomy":"product_brand","embeddable":true,"href":"https:\/\/testshop.igel.wovodo.de\/fr\/wp-json\/wp\/v2\/product_brand?post=30059"},{"taxonomy":"product_cat","embeddable":true,"href":"https:\/\/testshop.igel.wovodo.de\/fr\/wp-json\/wp\/v2\/product_cat?post=30059"},{"taxonomy":"product_tag","embeddable":true,"href":"https:\/\/testshop.igel.wovodo.de\/fr\/wp-json\/wp\/v2\/product_tag?post=30059"}],"curies":[{"name":"wp","href":"https:\/\/api.w.org\/{rel}","templated":true}]}}