{"id":30120,"date":"2024-10-31T14:06:23","date_gmt":"2024-10-31T13:06:23","guid":{"rendered":"https:\/\/testshop.igel.wovodo.de\/product\/profi-airbrush-set-beauty-i-hobby-maxx\/"},"modified":"2025-01-27T12:28:47","modified_gmt":"2025-01-27T11:28:47","slug":"profi-airbrush-set-beauty-i-hobby-maxx","status":"publish","type":"product","link":"https:\/\/testshop.igel.wovodo.de\/fr\/product\/profi-airbrush-set-beauty-i-hobby-maxx\/","title":{"rendered":"Kit AirBrush professionnel Beauty I Hobby Maxx"},"content":{"rendered":"<div class=\"sale_application\">\n<b><\/p>\n<p>Id\u00e9al pour la cosm\u00e9tique et la beaut\u00e9 (airbrush nail art, maquillage, coloration des cheveux, soins capillaires, spray tanning), l'art corporel (body painting, tatouage, cr\u00e9ation de masques), les loisirs (fleurs\/arrangements floraux, mod\u00e9lisme, c\u00e9ramique\/ poterie, textiles), les petits designs automobiles (bouchons de r\u00e9servoir\/casques), les illustrations techniques\/retouches de photos et la d\u00e9coration de produits alimentaires (g\u00e2teaux\/cupcakes). Les possibilit\u00e9s d'a\u00e9rographie sont pratiquement illimit\u00e9es.<\/p>\n<p><\/b> <\/div>\n<div class=\"sale_description\"><\/p>\n<p><p>Ce syst\u00e8me sans huile et sans entretien <b>Airbrush Kompressor Beauty Maxx<\/b> ist f\u00fcr Arbeiten mit allen handels\u00fcblichen Airbrush Farben geeignet und somit ideal z.B. im kosmetischen Bereich f\u00fcr Beauty Anwendungen, Tanning, Nageldesign usw. Mit nur ca. 47dB erm\u00f6glicht er angenehmes Arbeiten auch in kleineren, geschlossenen R\u00e4umen. Sein kompaktes Design und der integrierte Tragegriff erleichtern den mobilen Einsatz. Die Abschaltautomatik erm\u00f6glicht einen stromsparenden Betrieb.<\/p>\n<p>Der Airbrush-Kompressor hat ein pflegeleichtes Geh\u00e4use mit Hitzeschutz. Der Arbeitsdruck ist per By-Pass regulierbar. Au\u00dferdem ist der Airbrush-Kompressor mit einem <b>integrierten 0,3-Liter-Lufttank<\/b> ausgestattet. Durch gleich bleibenden Arbeitsdruck erm\u00f6glicht der Kolbenkompressor f\u00fcr Airbrush ein perfektes Arbeiten. Mit seinem 1\/8-Zoll-Anschluss ist dieser Airbrush-Kompressor f\u00fcr alle g\u00e4ngigen Airbrushpistolen geeignet.<\/p>\n<\/p>\n<p><b>Die UNIVERSAL-Airbrush-Pistole &#8220;Double-Action-Gun 134s&#8221; ist einzigartig und einmalig f\u00fcr diese Preisklasse!<\/b><\/p>\n<p>Die Airbrush-Pistole <b>&#8220;Double-Action-Gun 134s&#8221;<\/b> mit 0,2mm \/ 0,3mm \/ 0,5mm NADEL\/D\u00dcSE Kombination und 2 verschiedenen Farbbeh\u00e4ltern (7ccl und 22ml) ist besonders f\u00fcr den Beginner zum Kennenlernen der einzelnen Techniken und f\u00fcr ein z\u00fcgiges Arbeiten optimal geeignet. Damit lassen sich sowohl feine Linien ziehen, als auch gr\u00f6\u00dfere Fl\u00e4chen airbrushen. F\u00fcr gr\u00f6\u00dfere Farbmengen wird der 22ml-Glasbeh\u00e4lter und f\u00fcr kleinere Farbmengen der 7ccl Metallaufsatz verwendet. Mit der UNIVERSAL AIRBRUSH-PISTOLE DOUBLE-ACTION 134s macht das Hobby richtig Spa\u00df!<\/p>\n<p>Bei der <b>&#8220;Single-Action-Gun 138 D 0,5&#8221;<\/b> wird mit dem Bedienungshebel die Luftmenge und mit einem anderen Regler die Farbmenge gesteuert. Die maximale Farbmenge kann hinten an der R\u00e4ndelschraube (Farbmengen-Regulierschraube) eingestellt werden.<\/p>\n<p>  Das Spr\u00fchmuster dieser Pistole weist mit einem Umfang von 1\/4 &#8211; 1 1\/2 Zoll eine gro\u00dfe Vielseitigkeit aus. F\u00fcr den Einsatz wird ein Adapter ben\u00f6tigt, um die g\u00e4ngigen 1\/4 Zoll Kompressoranschl\u00fcsse auf den kleinern Schlauchdurchmesser zu reduzieren.<\/p>\n<p>Die Airbrush-Pistole <b>&#8220;Double-Action-Gun 134 D 0,3&#8221;<\/b> ist ein Zweistoff-Zerst\u00e4uber, der nach dem Prinzip einer Strahlpumpe arbeitet, wobei Druckluft als Treibmittel verwendet wird.<br \/>\nIn Abh\u00e4ngigkeit von der St\u00e4rke des Luftstroms und der Menge der Farbe, kann man mit einer Airbushpistole feinste Linien, aber auch gro\u00dfe Fl\u00e4chen malen. Man kann Farbe deckend aufspr\u00fchen, aber auch einen transparenten Farbfilm airbrushen.<\/p>\n<p>Bei der internen Farbmischung erfolgt die Zusammenf\u00fchrung von Luft und Farbe direkt im Luftstrom und in oder unmittelbar vor der Pistole. Die Technik ist aufwendiger und teurer, liefert aber ein wesentlich besseres Spritzbild. Die 0,3mm D\u00fcse gestattet Arbeiten bis auf Haarliniengenauigkeit. <\/p>\n<p>Die Spr\u00fchpistole bringt 1 Metal- und 1 Glasfarbmischer mit, was einen schnellen Farbwechsel gew\u00e4hrleistet. Der Metallbeh\u00e4lter kann seitlich an der Spr\u00fchpistole platziert werden.<\/p>\n<\/p>\n<p>Bei der internen Farbmischung erfolgt die Zusammenf\u00fchrung von Luft und Farbe direkt im Luftstrom und in oder unmittelbar vor der Pistole. Die Technik ist aufwendiger und teurer, liefert aber ein wesentlich besseres Spritzbild. Die 0,3mm D\u00fcse gestattet Arbeiten bis auf Haarliniengenauigkeit. <\/p>\n<p>Die Spr\u00fchpistole bringt 1 Metal- und 1 Glasfarbmischer mit, was einen schnellen Farbwechsel gew\u00e4hrleistet. Der Metallbeh\u00e4lter kann seitlich an der Spr\u00fchpistole platziert werden.<\/p>\n<p>Le site <b>&#8220;Cleaning-Pot 3 in 1&#8221;<\/b> vereinigt 3 Funktionen in einem. Er wird genutzt zum Reinigen der Spr\u00fchpistole, indem Reiniger und Farbreste einfach in den  stabilen Glasbeh\u00e4lter gespr\u00fcht werden, wobei entstehende D\u00e4mpfe durch einen Filter zur\u00fcckgehalten werden. Der Filter trennt gleichzeitig Farbpartikel und Fl\u00fcssigkeit. Der Deckel kann als Wasser- oder Farbbeh\u00e4lter genutzt werden. Durch einen Schraubverschluss ist er leicht abnehmbar. Der gut zu reinigende Glasbeh\u00e4lter kann zum Farbmischen verwendet werden. Durch seinen stabilen Bau eignet sich der &#8220;Cleaning-Pot&#8221; gleichzeitig als <b>Halter f\u00fcr AirBrush-Pistolen<\/b>.<\/p>\n<p>Das <b>Reinigungsb\u00fcrsten-Set<\/b> besteht aus 5 verschiedenen B\u00fcrsten zur gr\u00fcndlichen Reinigung von Airbrush Pistolen und ist<br \/>\n  f\u00fcr alle g\u00e4ngigen Airbrush Pistolen geeignet.<\/p>\n<\/div>\n<h3>De nombreuses bonnes raisons d'acheter ce produit :<\/h3>\n<div class=\"sale_motive\">\n<ul>\n<li>energieeffizienter Einzel-Zylinder Kolbenkompressor<\/li>\n<li>Pflegeleichtes Geh\u00e4use mit Hitzeschutz<\/li>\n<li>\u00dcber By-Pass regelbarer Arbeits-Druck<\/li>\n<li>Integrierter Drucklufttank (integr. 0,3L-Druckbeh\u00e4lter)<\/li>\n<li>optimal f\u00fcr den mobilen Einsatz (kompakt und schnell einsatzbereit)<\/li>\n<li>Perfektes Arbeiten durch gleich bleibenden Arbeitsdruck <\/li>\n<li>G\u00e4ngiger Anschluss: 0,3cm (1\/8&#8243;) Gewinde f\u00fcr alle Airbrush Pistolen<\/li>\n<li>\u00d6l- und wartungsfrei, thermisch gesch\u00fctzt<\/li>\n<li>fl\u00fcsterleiser Betrieb ca. ca. 47dB (Zum Vergleich: eine normale Sprache in 1m Abstand = 60dB)\n<\/li>\n<\/ul>\n<ul>\n<li>nombreux accessoires<\/li>\n<li><strong>3 Airbrush Pistolen<\/strong> erm\u00f6glichen ein breites Spektrum an Lackierarbeiten<\/li>\n<li><strong>brillantes Spritzbild<\/strong><\/li>\n<li>Airbrush Wasserabscheider f\u00fcr Kompressor<\/li>\n<\/li>\n<li>solide Verarbeitung<\/li>\n<li>Metall-Farbbeh\u00e4lter mit 7ml und ein Glasfarbbeh\u00e4lter mit 22l und Deckel erm\u00f6glichen einen schnellen Farbwechsel<\/li>\n<li>3 Nadeln inklusive (0,2mm \/ 0,3mm \/ 0,5mm)<\/li>\n<li>zukunftsorientierte Bauweise <\/li>\n<li>formsch\u00f6nes Design<\/li>\n<li>facile \u00e0 utiliser<\/li>\n<\/ul>\n<\/div>","protected":false},"excerpt":{"rendered":"<p>Besonders kleiner und leichter Airbrush-Kompressor mit Geh\u00e4use | max. Druck: 3bar | max. Luftabgabemenge: 20-23 l\/min<\/p>\n<p>Mit integriertem Lufttank (0,3l)!<\/p>\n<p><b>Drei Airbrush Pistolen &#8220;Double-Action 134s&#8221; mit D\u00fcse: 0,2mm \/ 0,3mm \/ 0,5mm, &#8220;Single-Action 138&#8221; und Double-Action-Gun 134 D 0,3 + 1,8m Schlauch und viel Zubeh\u00f6r<\/b><\/p>\n<p><b><br \/>\n <br \/>\nNeues Modell!<\/b><\/p>","protected":false},"featured_media":31841,"comment_status":"open","ping_status":"closed","template":"","meta":[],"product_brand":[],"product_cat":[355,193,212,185],"product_tag":[],"class_list":{"0":"post-30120","1":"product","2":"type-product","3":"status-publish","4":"has-post-thumbnail","6":"product_cat-bodypainting-set","7":"product_cat-nailart-set","8":"product_cat-airbrush-cosplay-set","9":"product_cat-airbrush-sets","11":"first","12":"instock","13":"taxable","14":"shipping-taxable","15":"purchasable","16":"product-type-simple"},"_links":{"self":[{"href":"https:\/\/testshop.igel.wovodo.de\/fr\/wp-json\/wp\/v2\/product\/30120","targetHints":{"allow":["GET"]}}],"collection":[{"href":"https:\/\/testshop.igel.wovodo.de\/fr\/wp-json\/wp\/v2\/product"}],"about":[{"href":"https:\/\/testshop.igel.wovodo.de\/fr\/wp-json\/wp\/v2\/types\/product"}],"replies":[{"embeddable":true,"href":"https:\/\/testshop.igel.wovodo.de\/fr\/wp-json\/wp\/v2\/comments?post=30120"}],"version-history":[{"count":1,"href":"https:\/\/testshop.igel.wovodo.de\/fr\/wp-json\/wp\/v2\/product\/30120\/revisions"}],"predecessor-version":[{"id":34738,"href":"https:\/\/testshop.igel.wovodo.de\/fr\/wp-json\/wp\/v2\/product\/30120\/revisions\/34738"}],"wp:featuredmedia":[{"embeddable":true,"href":"https:\/\/testshop.igel.wovodo.de\/fr\/wp-json\/wp\/v2\/media\/31841"}],"wp:attachment":[{"href":"https:\/\/testshop.igel.wovodo.de\/fr\/wp-json\/wp\/v2\/media?parent=30120"}],"wp:term":[{"taxonomy":"product_brand","embeddable":true,"href":"https:\/\/testshop.igel.wovodo.de\/fr\/wp-json\/wp\/v2\/product_brand?post=30120"},{"taxonomy":"product_cat","embeddable":true,"href":"https:\/\/testshop.igel.wovodo.de\/fr\/wp-json\/wp\/v2\/product_cat?post=30120"},{"taxonomy":"product_tag","embeddable":true,"href":"https:\/\/testshop.igel.wovodo.de\/fr\/wp-json\/wp\/v2\/product_tag?post=30120"}],"curies":[{"name":"wp","href":"https:\/\/api.w.org\/{rel}","templated":true}]}}