{"id":30158,"date":"2024-10-31T14:06:45","date_gmt":"2024-10-31T13:06:45","guid":{"rendered":"https:\/\/testshop.igel.wovodo.de\/product\/fontaenen-aufsaetze-fuer-oasis-1601r-2000-1-2002-1-2001-1\/"},"modified":"2025-01-27T12:28:58","modified_gmt":"2025-01-27T11:28:58","slug":"fontaenen-aufsaetze-fuer-oasis-1601r-2000-1-2002-1-2001-1","status":"publish","type":"product","link":"https:\/\/testshop.igel.wovodo.de\/fr\/product\/fontaenen-aufsaetze-fuer-oasis-1601r-2000-1-2002-1-2001-1\/","title":{"rendered":"Font\u00e4nen Aufs\u00e4tze f\u00fcr Oasis-1601R \/2000-1\/2002-1\/2001-1"},"content":{"rendered":"<div class=\"sale_description\">\n<p>Diese Font\u00e4nenaufs\u00e4tze passt zu folgenden Solarpumpen-Sets:<\/p>\n<ul>\n<li>Teichpumpen-Set Solar Oasis 500-1<\/li>\n<li>Teichpumpen-Set Solar Oasis 1000-1<\/li>\n<li>Teichpumpen-Set Solar Oasis 2000-1<\/li>\n<li>Teichpumpen-Set Solar Oasis 2001-1<\/li>\n<li>Teichpumpen-Set Solar Oasis 501R-1<\/li>\n<li>Teichpumpen-Set Solar Oasis 1601R-1<\/li>\n<\/ul>\n<\/div>\n<h3>De nombreuses bonnes raisons d'acheter ce produit :<\/h3>\n<div class=\"sale_motive\">\n<ul>\n<li>Komplett-Set<\/li>\n<\/ul>\n<\/div>","protected":false},"excerpt":{"rendered":"<p>Diese Font\u00e4nenaufs\u00e4tze passt zu folgenden Solarpumpen-Sets: Teichpumpen-Set Solar Oasis 500-1 Teichpumpen-Set Solar Oasis 1000-1 Teichpumpen-Set Solar Oasis 2000-1 Teichpumpen-Set Solar<\/p>","protected":false},"featured_media":31955,"comment_status":"open","ping_status":"closed","template":"","meta":[],"product_brand":[],"product_cat":[259],"product_tag":[],"class_list":{"0":"post-30158","1":"product","2":"type-product","3":"status-publish","4":"has-post-thumbnail","6":"product_cat-fontaenen-aufsaetze","8":"first","9":"instock","10":"taxable","11":"shipping-taxable","12":"purchasable","13":"product-type-simple"},"_links":{"self":[{"href":"https:\/\/testshop.igel.wovodo.de\/fr\/wp-json\/wp\/v2\/product\/30158","targetHints":{"allow":["GET"]}}],"collection":[{"href":"https:\/\/testshop.igel.wovodo.de\/fr\/wp-json\/wp\/v2\/product"}],"about":[{"href":"https:\/\/testshop.igel.wovodo.de\/fr\/wp-json\/wp\/v2\/types\/product"}],"replies":[{"embeddable":true,"href":"https:\/\/testshop.igel.wovodo.de\/fr\/wp-json\/wp\/v2\/comments?post=30158"}],"version-history":[{"count":1,"href":"https:\/\/testshop.igel.wovodo.de\/fr\/wp-json\/wp\/v2\/product\/30158\/revisions"}],"predecessor-version":[{"id":34776,"href":"https:\/\/testshop.igel.wovodo.de\/fr\/wp-json\/wp\/v2\/product\/30158\/revisions\/34776"}],"wp:featuredmedia":[{"embeddable":true,"href":"https:\/\/testshop.igel.wovodo.de\/fr\/wp-json\/wp\/v2\/media\/31955"}],"wp:attachment":[{"href":"https:\/\/testshop.igel.wovodo.de\/fr\/wp-json\/wp\/v2\/media?parent=30158"}],"wp:term":[{"taxonomy":"product_brand","embeddable":true,"href":"https:\/\/testshop.igel.wovodo.de\/fr\/wp-json\/wp\/v2\/product_brand?post=30158"},{"taxonomy":"product_cat","embeddable":true,"href":"https:\/\/testshop.igel.wovodo.de\/fr\/wp-json\/wp\/v2\/product_cat?post=30158"},{"taxonomy":"product_tag","embeddable":true,"href":"https:\/\/testshop.igel.wovodo.de\/fr\/wp-json\/wp\/v2\/product_tag?post=30158"}],"curies":[{"name":"wp","href":"https:\/\/api.w.org\/{rel}","templated":true}]}}