{"id":30170,"date":"2024-10-31T14:06:51","date_gmt":"2024-10-31T13:06:51","guid":{"rendered":"https:\/\/testshop.igel.wovodo.de\/product\/b-ware-diesel-power-600-4-pumpe-mit-zaehler-saug-und-druckschlauch-zapf-pistole-und-zubehoer\/"},"modified":"2025-01-27T12:29:01","modified_gmt":"2025-01-27T11:29:01","slug":"b-ware-diesel-power-600-4-pumpe-mit-zaehler-saug-und-druckschlauch-zapf-pistole-und-zubehoer","status":"publish","type":"product","link":"https:\/\/testshop.igel.wovodo.de\/fr\/product\/b-ware-diesel-power-600-4-pumpe-mit-zaehler-saug-und-druckschlauch-zapf-pistole-und-zubehoer\/","title":{"rendered":"B-Ware Diesel Power 600-4 Pumpe mit Z\u00e4hler, Saug- und Druckschlauch, Zapf-Pistole und Zubeh\u00f6r"},"content":{"rendered":"<div class=\"sale_description\"> <font color=\"FF0000\"><b>B-Ware :<\/b><\/p>\n<ul>\n<li>l\u00e9gers d\u00e9fauts optiques (par ex. petites rayures, etc.)<\/li>\n<li>produit enti\u00e8rement fonctionnel<\/li>\n<li>garantie l\u00e9gale r\u00e9duite \u00e0 1 an maximum<\/li>\n<\/ul>\n<p><\/font><\/p>\n<p>Professionelle Dieself\u00f6rderung &#8211; mit unserer elektrischen Dieselpumpe DIESEL POWER 04. Unentbehrlich f\u00fcr jeden Fuhrpark , KFZ-Werkst\u00e4tten, Landwirtschaft, Autoverwertung usw! Wer viele Baumaschinen zu betanken hat &#8211; wird hier seine Freude dran haben! Hiermit betanken Sie m\u00fchelos jegliche Art von Fahrzeugen und Maschinen. F\u00fcr die Pumpe ist auch das Umf\u00fcllen von Heiz\u00f6ltanks kein Problem.<\/p>\n<p>Dank dem kr\u00e4ftigen 600W starken Motor und der Selbstansaugung ist dies schnell erledigt. Die Motorleistung von 600W erm\u00f6glicht eine Durchflussmenge von 2400l\/h bei einer maximalen Pumpenh\u00f6he von 41m . Der mitgelieferte Zapfhahn, Schlauch mit R\u00fcckschlagventil und das Z\u00e4hlwerk machen das Arbeiten leicht. Kontrollieren Sie den Verbrauch der einzelnen Maschinen und rechnen Sie entsprechend ab. So werden Ihre Mitarbeiter zum sparsamen Umgang mit dem Diesel angeregt.<\/p>\n<p><b>Alle Pumpen sind EINZELST\u00dcCK-gepr\u00fcft auf Ihre Funktion.<\/b> Daher k\u00f6nnen Reste der Pr\u00fcffl\u00fcssigkeit in der Pumpe \/ Verpackung vorhanden sein. Der Gesamtz\u00e4hler zeigt daher mehr als 0,0 Liter an (meist etwa 5-12L). Die Pumpen und die Saugleitung sind bei der Inbetriebnahme blasenfrei mit Diesel zu bef\u00fcllen. Das R\u00fcckschlagventil muss unbedingt am Ende der Saugleitung montiert und dicht sein.<\/p>\n<\/div>\n<h3>De nombreuses bonnes raisons d'acheter ce produit :<\/h3>\n<div class=\"sale_motive\">\n<ul>\n<li>Komplett-Set mit Z\u00e4hler, Pistole, Schlauch und allem Zubeh\u00f6r<\/li>\n<li>Vormontierte Sauggarnitur mit 2m Saugschlauch<\/li>\n<li>selbstansaugend<\/li>\n<li>Qualit\u00e9 lourde, robuste et fiable<\/li>\n<li>Interrupteur \"marche\" et \"arr\u00eat\" avec dispositif de s\u00e9curit\u00e9<\/li>\n<\/ul>\n<\/div>","protected":false},"excerpt":{"rendered":"<p>230-Volt-Dieselpumpe mit Z\u00e4hlwerk<br \/>\nAluminium-Zapfpistole, Saug- u. Druckschlauch,<br \/>\nAnschluss-Zubeh\u00f6r<br \/>\n  max. F\u00f6rdermenge 2.400l\/h | max. F\u00f6rderh\u00f6he 41m<\/p>\n<p><b>Mit Z\u00e4hlwerk und vormontiertem Eisenrahmen!<\/b><\/p>","protected":false},"featured_media":32004,"comment_status":"open","ping_status":"closed","template":"","meta":[],"product_brand":[],"product_cat":[182,176],"product_tag":[],"class_list":{"0":"post-30170","1":"product","2":"type-product","3":"status-publish","4":"has-post-thumbnail","6":"product_cat-b-ware-dieselpumpen","7":"product_cat-b-ware","9":"first","10":"instock","11":"sale","12":"taxable","13":"shipping-taxable","14":"purchasable","15":"product-type-simple"},"_links":{"self":[{"href":"https:\/\/testshop.igel.wovodo.de\/fr\/wp-json\/wp\/v2\/product\/30170","targetHints":{"allow":["GET"]}}],"collection":[{"href":"https:\/\/testshop.igel.wovodo.de\/fr\/wp-json\/wp\/v2\/product"}],"about":[{"href":"https:\/\/testshop.igel.wovodo.de\/fr\/wp-json\/wp\/v2\/types\/product"}],"replies":[{"embeddable":true,"href":"https:\/\/testshop.igel.wovodo.de\/fr\/wp-json\/wp\/v2\/comments?post=30170"}],"version-history":[{"count":1,"href":"https:\/\/testshop.igel.wovodo.de\/fr\/wp-json\/wp\/v2\/product\/30170\/revisions"}],"predecessor-version":[{"id":34788,"href":"https:\/\/testshop.igel.wovodo.de\/fr\/wp-json\/wp\/v2\/product\/30170\/revisions\/34788"}],"wp:featuredmedia":[{"embeddable":true,"href":"https:\/\/testshop.igel.wovodo.de\/fr\/wp-json\/wp\/v2\/media\/32004"}],"wp:attachment":[{"href":"https:\/\/testshop.igel.wovodo.de\/fr\/wp-json\/wp\/v2\/media?parent=30170"}],"wp:term":[{"taxonomy":"product_brand","embeddable":true,"href":"https:\/\/testshop.igel.wovodo.de\/fr\/wp-json\/wp\/v2\/product_brand?post=30170"},{"taxonomy":"product_cat","embeddable":true,"href":"https:\/\/testshop.igel.wovodo.de\/fr\/wp-json\/wp\/v2\/product_cat?post=30170"},{"taxonomy":"product_tag","embeddable":true,"href":"https:\/\/testshop.igel.wovodo.de\/fr\/wp-json\/wp\/v2\/product_tag?post=30170"}],"curies":[{"name":"wp","href":"https:\/\/api.w.org\/{rel}","templated":true}]}}