{"id":30190,"date":"2024-10-31T14:07:02","date_gmt":"2024-10-31T13:07:02","guid":{"rendered":"https:\/\/testshop.igel.wovodo.de\/product\/pumpensteuerung-steadypres-80amp-t-t-400v-3400v-3400v-wassergekuehlter-inverter-automatic-pump-controller-unverkabelt\/"},"modified":"2025-01-27T12:29:06","modified_gmt":"2025-01-27T11:29:06","slug":"pumpensteuerung-steadypres-80amp-t-t-400v-3400v-3400v-wassergekuehlter-inverter-automatic-pump-controller-unverkabelt","status":"publish","type":"product","link":"https:\/\/testshop.igel.wovodo.de\/fr\/product\/pumpensteuerung-steadypres-80amp-t-t-400v-3400v-3400v-wassergekuehlter-inverter-automatic-pump-controller-unverkabelt\/","title":{"rendered":"Pumpensteuerung STEADYPRES\u00ae 8,0Amp T\/T &#8211; 400V &#8211; 3*400V\/3*400V &#8211; wassergek\u00fchlter Inverter-Automatic-Pump-Controller unverkabelt"},"content":{"rendered":"<div class=\"sale_application\">\n<ul>\n<li>Automatisches Einschalten von Tauch- und Kreiselpumpen mit intelligenten Selbst-\u00dcberwachungsfunktionen.<\/li>\n<li>Die bedarfsgeregelte Leistung f\u00fchrt zu einer enormen Energie-Einsparung.<\/li>\n<li>F\u00fcr Pumpen mit 400V Spannung und max. 3,0kW (3000 Watt)<\/li>\n<\/ul>\n<\/div>\n<div class=\"sale_description\">\n<p>Le site  <b>STEADYPRES\u00ae 8,0Amp T\/T &#8211; 400V<\/b> ist ein variabler Frequenz-Controller f\u00fcr Pumpen mit  400V  Spannung,  basierend auf der innovativen Inverter-Technologie. Dieser Inverter ist f\u00fcr den Betrieb von Kreisel-, Brunnen- und Tauchpumpen bis max. <b>3,0kW (3000 Watt)<\/b> Nenn-Leistung optimiert.<br \/>\n  Neueste Erkenntnisse der Pumpentechnik und Elektronik f\u00fchrten zu einem Ger\u00e4t, welches die zeitgem\u00e4\u00dfe Anforderungen an sparsamen Energieverbrauch und optimalen Pumpenbetrieb hervorragend erf\u00fcllt. Bei verbesserter Leistung sparen Sie enorm viel Energie und Geld beim Pumpenbetrieb.<br \/> Der Inverter <b>STEADYPRES\u00ae 8,0Amp T\/T &#8211; 400V<\/b> schaltet die Pumpe bedarfsgerecht ein und aus. Der vom Bediener eingestellte Druck wird unter allen Umst\u00e4nden im Arbeitsbereich des Ger\u00e4tes eingehalten. Entsprechend dem eingestellten Druck wird die Drehzahl der Pumpe hoch- oder runter geregelt. Wird wenig Wasser entnommen, &#8220;dreht&#8221; die Pumpe langsam. Mit steigendem Durchfluss dreht sich der Pumpenmotor immer schneller. Die Pumpe nimmt immer nur soviel Energie aus dem Netz auf, wie gerade ben\u00f6tigt wird, um den eingestellten Druck zu halten. Dies f\u00fchrt zu einer <b>enormen Energie-Einsparung<\/b>.<br \/>Der Inverter ist wassergek\u00fchlt. Das hat den Vorteil, dass dieser sowohl im Sommer bei hohen Au\u00dfentemperaturen als auch bei beengten Einbauverh\u00e4ltnisse sicher funktioniert. Im Unterschied dazu, muss bei luftgek\u00fchlten Invertern in solchen F\u00e4llen f\u00fcr zus\u00e4tzliche Zwangsk\u00fchlung gesorgt werden, was erhebliche Kosten verursacht.<\/p>\n<p>In der Inverter-Steuerung <b>STEADYPRES\u00ae 8,0Amp T\/T &#8211; 400V<\/b> sind vielf\u00e4ltige, intelligente Pumpen-\u00dcberwachungsfunktionen integriert: System-Leckkontrolle, Trockenlaufschutz, \u00dcber &#8211; und Unterspannnung-Schutz, Maximal-Strombegrenzung u.v.m.<\/p>\n<p>Die Elektronik des Inverters ist wasserdicht versiegelt, was einen wesentlich verbesserten Kondenswasserschutz und zus\u00e4tzliche Betriebssicherheit bedeutet.<\/p>\n<p><b>Zubeh\u00f6r-Empfehlung:<\/b><\/p>\n<ol>\n<li>Wir empfehlen die Installation eines 2Liter Wasser-Vorfilters mit einem Durchflu\u00df von 5000L\/H vor dem Ger\u00e4t.<\/li>\n<li>Wir empfehlen einen Single phase filter, <b>wenn die Kabelleitung zwischen Pumpe und Inverter mehr als 15m betr\u00e4gt<\/b>.<\/li>\n<li>Ein Ausdehnungsgef\u00e4\u00df kann in der Druckleitung installiert werden.<\/li>\n<\/ol>\n<p><b>Unser Praxis-Tipp:<\/b>\n<\/p>\n<p>Ein tropfender Wasserhahn oder ein nicht 100%-dichtes WC-Ventil verursachen das Takten der Pumpe. Dadurch entstehen hohe Stromkosten. Zus\u00e4tzlich werden adurch i.d.R. sehr teure Pumpensch\u00e4den verursacht. Die Pumpen k\u00f6nnen irreparabel besch\u00e4digt werden. Die intelligente Selbst\u00fcberwachung der <b>INVERTER-STEADYPRES\u00ae 8,0Amp T\/T &#8211; 400V<\/b> registriert das Takten der Pumpe und unterbricht den Pumpen-Betrieb, um Sch\u00e4den zu vermeiden. Nach \u00dcberpr\u00fcfung der Betriebsbedingungen wird der Pumpbetrieb nach M\u00f6glichkeit fortgesetzt und die Fehlerdiagnose angezeigt. So werden Sch\u00e4den durch geplatzte Wasser-Leitungen und \u00fcberlaufende Keller sicher vermieden!<\/p>\n<p>Da die Inverter-Pumpensteuerung bereits ein R\u00fcckschlagventil beinhaltet, darf kein weiteres R\u00fcckschlagventil zwischen Pumpe und Inverter montiert werden. Das kann zu Fehlern und sogar zu Besch\u00e4digungen an der Pumpe f\u00fchren.<\/p>\n<\/div>\n<h3>De nombreuses bonnes raisons d'acheter ce produit :<\/h3>\n<div class=\"sale_motive\">\n<ul>\n<li>Automatisches bedarfsorientiertes Ein- und Ausschalten der Pumpe<\/li>\n<li>ENERGIESPARENDER Pumpen-Betrieb bei optimaler Pumpenleistung<\/li>\n<li>bis zu 85% Energie-Einsparung bei Pumpen-Betrieb mit wechselnder Belastung<\/li>\n<li>Sorgt f\u00fcr konstanten Wasserdruck in den Leitungen<\/li>\n<li>Druck einstellbar von 1 &minus; 9 bar<\/li>\n<li>Begrenzt den Wasserdruck in den Leitungen auf den gew\u00fcnschten Wert<\/li>\n<li>Minimiert die durchschnittliche Ger\u00e4uschentwicklung<\/li>\n<li>Druckminderer-Funktion: reduziert den max. Pumpendruck auf den eingestellten Druck im Leitungssystem<\/li>\n<li>Wassergek\u00fchlter Inverter: kann auch bei eingeschr\u00e4nkter Luftk\u00fchlung eingesetzt werden.<\/li>\n<li>Vermeidet gef\u00e4hrliche Druckschl\u00e4ge in den Wasserleitungen<\/li>\n<li>Erh\u00f6ht wesentlich die Pumpenlebensdauer<\/li>\n<li>integrierter Trockenlaufschutz mit einstellbarem Auto-Start<\/li>\n<li>intelligente Selbst-\u00dcberwachungsfunktionen<\/li>\n<li>leicht zu bedienen durch voreingestellte Standard-Werte<\/li>\n<li>eingebautes R\u00fcckschlagventil<\/li>\n<\/ul>\n<\/div>","protected":false},"excerpt":{"rendered":"<p>F\u00fcr einen automatisierten, bedarfsorientierten Pumpenbetrieb mit<br \/>\n  bis zu <b>85% Energie-Ersparnis!<\/b><\/p>\n<p>Einstellbarer Einschaltdruck (1 &minus; 9 bar) | Integrierer Trockenlaufschutz | Eingebautes R\u00fcckschlagventil | f\u00fcr Pumpen bis 3,0kW (3000 Watt)<\/p>\n<p><b>Qualit\u00e4t &#8211; made in Europe<\/b><\/p>","protected":false},"featured_media":31559,"comment_status":"open","ping_status":"closed","template":"","meta":[],"product_brand":[],"product_cat":[337,340,400,298,201,203,296,401,205,315],"product_tag":[],"class_list":{"0":"post-30190","1":"product","2":"type-product","3":"status-publish","4":"has-post-thumbnail","6":"product_cat-inverter-steuerung","7":"product_cat-eu-fertigung","8":"product_cat-400-volt-400-volt-dreiphasen","9":"product_cat-druckschalter-einstellbar","10":"product_cat-zubehoer-tauchpumpen","11":"product_cat-zubehoer-kreiselpumpe","12":"product_cat-eu-fertigung-druckschalter","13":"product_cat-400v-400v-dreiphasen","14":"product_cat-zubehoer-brunnenpumpe","15":"product_cat-inverter-pumpensteuerung-inverter-pumpe","17":"first","18":"instock","19":"taxable","20":"shipping-taxable","21":"purchasable","22":"product-type-simple"},"_links":{"self":[{"href":"https:\/\/testshop.igel.wovodo.de\/fr\/wp-json\/wp\/v2\/product\/30190","targetHints":{"allow":["GET"]}}],"collection":[{"href":"https:\/\/testshop.igel.wovodo.de\/fr\/wp-json\/wp\/v2\/product"}],"about":[{"href":"https:\/\/testshop.igel.wovodo.de\/fr\/wp-json\/wp\/v2\/types\/product"}],"replies":[{"embeddable":true,"href":"https:\/\/testshop.igel.wovodo.de\/fr\/wp-json\/wp\/v2\/comments?post=30190"}],"version-history":[{"count":1,"href":"https:\/\/testshop.igel.wovodo.de\/fr\/wp-json\/wp\/v2\/product\/30190\/revisions"}],"predecessor-version":[{"id":34807,"href":"https:\/\/testshop.igel.wovodo.de\/fr\/wp-json\/wp\/v2\/product\/30190\/revisions\/34807"}],"wp:featuredmedia":[{"embeddable":true,"href":"https:\/\/testshop.igel.wovodo.de\/fr\/wp-json\/wp\/v2\/media\/31559"}],"wp:attachment":[{"href":"https:\/\/testshop.igel.wovodo.de\/fr\/wp-json\/wp\/v2\/media?parent=30190"}],"wp:term":[{"taxonomy":"product_brand","embeddable":true,"href":"https:\/\/testshop.igel.wovodo.de\/fr\/wp-json\/wp\/v2\/product_brand?post=30190"},{"taxonomy":"product_cat","embeddable":true,"href":"https:\/\/testshop.igel.wovodo.de\/fr\/wp-json\/wp\/v2\/product_cat?post=30190"},{"taxonomy":"product_tag","embeddable":true,"href":"https:\/\/testshop.igel.wovodo.de\/fr\/wp-json\/wp\/v2\/product_tag?post=30190"}],"curies":[{"name":"wp","href":"https:\/\/api.w.org\/{rel}","templated":true}]}}