{"id":30214,"date":"2024-10-31T14:07:18","date_gmt":"2024-10-31T13:07:18","guid":{"rendered":"https:\/\/testshop.igel.wovodo.de\/product\/b-ware-gartenbrunnen-wasserspiel-granitschalen-kaskade-4-mit-led-licht\/"},"modified":"2025-01-27T12:29:11","modified_gmt":"2025-01-27T11:29:11","slug":"b-ware-gartenbrunnen-wasserspiel-granitschalen-kaskade-4-mit-led-licht","status":"publish","type":"product","link":"https:\/\/testshop.igel.wovodo.de\/fr\/product\/b-ware-gartenbrunnen-wasserspiel-granitschalen-kaskade-4-mit-led-licht\/","title":{"rendered":"B-Ware Gartenbrunnen &amp; Wasserspiel &#8220;GRANITSCHALEN-KASKADE-4&#8221; mit LED-Licht"},"content":{"rendered":"<div class=\"sale_application\">\n<ul>\n<li>LED-Gartenbrunnen f\u00fcr den Innen- und Au\u00dfenbereich mit 230\/12V-Netzadapter<\/li>\n<\/ul><\/div>\n<div class=\"sale_description\"> <font color=\"FF0000\"><b>B-Ware :<\/b><\/p>\n<ul>\n<li>l\u00e9gers d\u00e9fauts optiques (par ex. petites rayures, etc.)<\/li>\n<li>produit enti\u00e8rement fonctionnel<\/li>\n<li>garantie l\u00e9gale r\u00e9duite \u00e0 1 an maximum<\/li>\n<\/ul>\n<p><\/font><\/p>\n<p><b>D\u00e9coratif &amp; bienfaisant<\/b><\/p>\n<p>Der klassische <b>B-Ware Gartenbrunnen &amp; Wasserspiel &#8220;GRANITSCHALEN-KASKADE-4&#8221; mit LED-Licht<\/b> ist f\u00fcr den Innen- und Au\u00dfenbereich geeignet. Betrieben wird der zwei-farbige Garten- und Zimmerbrunnen mit einem 230\/12-Volt Netzadapter. Mit dem zeitlosen, klassischen Design zaubert der &#8220;GRANITSCHALEN-KASKADE-4&#8221; immer eine tolle Atmosph\u00e4re. Das Lebenselixier Wasser belebt Wohnzimmer, Esszimmer, Flure und Eingangsbereiche, Winterg\u00e4rten oder Balkone, Terrassen und G\u00e4rten im privaten wie gewerblichen Umfeld.<\/p>\n<p><iframe src=\"https:\/\/www.youtube-nocookie.com\/embed\/52lvdaStEmc?rel=0\" title=\"Lecteur vid\u00e9o YouTube\" allow=\"accelerometer; autoplay; clipboard-write; encrypted-media; gyroscope; picture-in-picture\" allowfullscreen=\"\" width=\"560\" height=\"315\" frameborder=\"0\"><\/iframe><\/p>\n<p><b>Remarque :<\/b> Le gel peut endommager la fontaine de jardin et la pompe. En cas de risque de gel, il faut <b>la fontaine de jardin et la pompe doivent \u00eatre vid\u00e9es<\/b>Rinc\u00e9s \u00e0 l'eau claire, ils doivent \u00eatre stock\u00e9s au sec. Vous en profiterez alors tr\u00e8s longtemps !<\/p>\n<p><b>Un accroche-regard parfait<\/b><\/p>\n<p>Der Gartenbrunnen ist sowohl bei Tag als auch bei Nacht der perfekte Blickfang. Die mitgelieferte LED-Beleuchtung sorgt f\u00fcr die perfekte Illumination. <\/p>\n<p><b>Steckfertiges Komplett-Set<\/b><\/p>\n<p>Der Zimmer- und Gartenbrunnen kommt als Komplett-Set und l\u00e4sst sich leicht instandsetzen.<\/p>\n<p><b>Valeur s\u00fbre, durabilit\u00e9 et s\u00e9curit\u00e9 de fonctionnement<\/b><\/p>\n<p>Der rustikale Zierbrunnen &#8220;GRANITSCHALEN-KASKADE-4&#8221; ist f\u00fcr den 230-Volt-Betrieb vorgesehen. Die Pumpe und die LEDs werden mit sicherer 12V-Niederspannung betrieben (Adapter im Lieferumfang enthalten). Alle Kabelverbindungen sind verpolungssicher, wasserdicht, absolut funktionssicher. Dank praktischer Steckverbindungen sind alle Komponenten jederzeit austauschbar. So k\u00f6nnen Sie den Wasserbrunnen &#8220;GRANITSCHALEN-KASKADE-4&#8221; und das flie\u00dfende Wasser jahrelang genie\u00dfen!<\/p>\n<p style=\"font-size:11px;\"><b>Avis juridique :<\/b> Nos produits sont color\u00e9s individuellement \u00e0 la main, des diff\u00e9rences de couleur ne peuvent donc pas \u00eatre \u00e9vit\u00e9es. En outre, en raison des conditions d'\u00e9clairage lors de la photographie du produit et des diff\u00e9rents r\u00e9glages de l'\u00e9cran, il peut arriver que la couleur du produit ne soit pas reproduite de mani\u00e8re authentique et ne constitue donc pas un motif de r\u00e9clamation.<\/p>\n<\/p>\n<\/div>\n<h3>De nombreuses bonnes raisons d'acheter ce produit :<\/h3>\n<div class=\"sale_motive\">\n<ul>\n<li>steckfertiger, sofort einsatzbereiter Gartenbrunnen &#8220;GRANITSCHALEN-KASKADE-4&#8221;<\/li>\n<li>Klassischer Kaskadenbrunnen im modernen Duo-Farben-Design<\/li>\n<li>a un effet vivifiant sur les sens<\/li>\n<li>am\u00e9liore la qualit\u00e9 de l'air<\/li>\n<li>d\u00e9coratif et utile<\/li>\n<li>Fontaines de jardin d'int\u00e9rieur et d'ext\u00e9rieur<\/li>\n<li>Avec raccordement 230V\/12V<\/li>\n<li>Komplett-Set inkl. Pumpe und LED-Beleuchtung<\/li>\n<\/ul>\n<\/div>","protected":false},"excerpt":{"rendered":"<p>Klassischer Kaskadenbrunnen im modernen Duo-Farben-Design<br \/>Komplett-Set inkl. Pumpe und LED-Beleuchtung<\/p>","protected":false},"featured_media":39478,"comment_status":"open","ping_status":"closed","template":"","meta":[],"product_brand":[],"product_cat":[183,177,179,180],"product_tag":[],"class_list":{"0":"post-30214","1":"product","2":"type-product","3":"status-publish","4":"has-post-thumbnail","6":"product_cat-230v","7":"product_cat-b-ware-gartenbrunnen","8":"product_cat-b-ware-garten-u-zimmer-brunnen","9":"product_cat-winter-angebote","11":"first","12":"instock","13":"sale","14":"taxable","15":"shipping-taxable","16":"purchasable","17":"product-type-simple"},"_links":{"self":[{"href":"https:\/\/testshop.igel.wovodo.de\/fr\/wp-json\/wp\/v2\/product\/30214","targetHints":{"allow":["GET"]}}],"collection":[{"href":"https:\/\/testshop.igel.wovodo.de\/fr\/wp-json\/wp\/v2\/product"}],"about":[{"href":"https:\/\/testshop.igel.wovodo.de\/fr\/wp-json\/wp\/v2\/types\/product"}],"replies":[{"embeddable":true,"href":"https:\/\/testshop.igel.wovodo.de\/fr\/wp-json\/wp\/v2\/comments?post=30214"}],"version-history":[{"count":4,"href":"https:\/\/testshop.igel.wovodo.de\/fr\/wp-json\/wp\/v2\/product\/30214\/revisions"}],"predecessor-version":[{"id":38674,"href":"https:\/\/testshop.igel.wovodo.de\/fr\/wp-json\/wp\/v2\/product\/30214\/revisions\/38674"}],"wp:featuredmedia":[{"embeddable":true,"href":"https:\/\/testshop.igel.wovodo.de\/fr\/wp-json\/wp\/v2\/media\/39478"}],"wp:attachment":[{"href":"https:\/\/testshop.igel.wovodo.de\/fr\/wp-json\/wp\/v2\/media?parent=30214"}],"wp:term":[{"taxonomy":"product_brand","embeddable":true,"href":"https:\/\/testshop.igel.wovodo.de\/fr\/wp-json\/wp\/v2\/product_brand?post=30214"},{"taxonomy":"product_cat","embeddable":true,"href":"https:\/\/testshop.igel.wovodo.de\/fr\/wp-json\/wp\/v2\/product_cat?post=30214"},{"taxonomy":"product_tag","embeddable":true,"href":"https:\/\/testshop.igel.wovodo.de\/fr\/wp-json\/wp\/v2\/product_tag?post=30214"}],"curies":[{"name":"wp","href":"https:\/\/api.w.org\/{rel}","templated":true}]}}