{"id":30273,"date":"2024-10-31T14:07:55","date_gmt":"2024-10-31T13:07:55","guid":{"rendered":"https:\/\/testshop.igel.wovodo.de\/product\/b-ware-solar-gartenbrunnen-froschparadies-2\/"},"modified":"2025-01-27T12:29:35","modified_gmt":"2025-01-27T11:29:35","slug":"b-ware-solar-gartenbrunnen-froschparadies-2","status":"publish","type":"product","link":"https:\/\/testshop.igel.wovodo.de\/fr\/product\/b-ware-solar-gartenbrunnen-froschparadies-2\/","title":{"rendered":"B-Ware Solar &#8211; Gartenbrunnen FROSCHPARADIES-2"},"content":{"rendered":"<div class=\"sale_application\">\n<p>Solarbetriebener Garten-Brunnen<\/p>\n<\/p><\/div>\n<div class=\"sale_description\"> <font color=\"FF0000\"><b>B-Ware :<\/b><\/p>\n<ul>\n<li>l\u00e9gers d\u00e9fauts optiques (par ex. petites rayures, etc.)<\/li>\n<li>produit enti\u00e8rement fonctionnel<\/li>\n<li>garantie l\u00e9gale r\u00e9duite \u00e0 1 an maximum<\/li>\n<\/ul>\n<p><\/font><\/p>\n<p>Le site <b>Solar Gartenbrunnen FROSCHPARADIES-2 <\/b> besticht durch die gl\u00e4nzende Keramik-Optik in nat\u00fcrlichem tannengr\u00fcn und den zufrieden wirkenden Frosch am Beckenrand. Die solarbetriebene Pumpe f\u00f6rdert das Wasser aus dem Mund des Frosches in das ca. 35x27cm kleine Becken. Dieses Solar-Wasserspiel ist nicht nur der Hingucker, sondern l\u00e4sst auch eine angenehme Atmosph\u00e4re entstehen. Das pl\u00e4tschernde Wasser gibt Ihrem Garten, Balkon oder Terrasse eine besondere Note. Durch seine Gr\u00f6\u00dfe passt dieser Solarbrunnen in den kleinsten Garten und sorgt dort an hei\u00dfen Sommertagen f\u00fcr ein angenehmes Mikroklima.<\/p>\n<p>Durch die gewonnene Energie aus dem Solarpanel wird das Wasser zum Flie\u00dfen gebracht. Die hochwertig verbauten Komponenten bringen das Wasser in Bewegung, sobald das Sonnenlicht die Solarfl\u00e4che erreicht. Je st\u00e4rker die Sonne scheint, desto lebendiger ist das Wasserspiel! Das beruhigende Rauschen des Wassers gibt jeder Umgebung eine besondere Note und das im Sonnenlicht funkelnde Wasser ist stets der perfekte Blickfang. Der <b>Solar Gartenbrunnen FROSCHPARADIES-2 <\/b> bringt Lebendigkeit und Wohlgef\u00fchl in Ihren Garten, zumal er auch als Vogeltr\u00e4nke dienen kann.<\/p>\n<h3>\u00dcber 60.000 Wohlf\u00fchlstunden in Ihrem Garten<\/h3>\n<p>Das innovative Solar-Pumpensystem garantiert Ihnen jahrelange Freude. Es hat eine Lebensdauer von \u00fcber 60.000 Stunden, in denen Sie die sch\u00f6nen Wasserl\u00e4ufe bewundern k\u00f6nnen. Dank dem Solarpanel m\u00fcssen Sie sich auch keine Gedanken mehr um die stetig wachsenden Strompreise machen.<\/p>\n<h2>Individuelle Platzierung<\/h2>\n<p>Das solarbetriebene System k\u00f6nnen Sie an jeder Stelle in Ihrem Garten platzieren. Sie sind an keine Steckdose gebunden und das l\u00e4stige Verlegen des 230V-Kabels entf\u00e4llt. Au\u00dferdem k\u00f6nnen Sie das Solarsystem nach Ihrem Geschmack effektvoll Positionieren. Eine sichere Nutzung ist durch den Anschluss an das Solarpanel gegeben (gegen\u00fcber der 230V Steckdose). Kein \u00c4rger mehr mit den durch Nagetiere besch\u00e4digten Kabeln und dadurch verursachten Stromausf\u00e4llen. Bitte bedenken Sie, dass das Solarpanel stets im vollen Sonnenlicht zu platzieren und auszurichten ist, da sonst keine Pumpenfunktion garantiert werden kann.<\/p>\n<p style=\"font-size:11px;\"><b>Avis juridique :<\/b> Nos produits sont color\u00e9s individuellement \u00e0 la main, des diff\u00e9rences de couleur ne peuvent donc pas \u00eatre \u00e9vit\u00e9es. En outre, en raison des conditions d'\u00e9clairage lors de la photographie du produit et des diff\u00e9rents r\u00e9glages de l'\u00e9cran, il peut arriver que la couleur du produit ne soit pas reproduite de mani\u00e8re authentique et ne constitue donc pas un motif de r\u00e9clamation.<\/p>\n<p><p><b>Remarque :<\/b> Le gel peut endommager la fontaine de jardin et la pompe. En cas de risque de gel, il faut <b>la fontaine de jardin et la pompe doivent \u00eatre vid\u00e9es<\/b>Rinc\u00e9s \u00e0 l'eau claire, ils doivent \u00eatre stock\u00e9s au sec. Vous en profiterez alors tr\u00e8s longtemps !<\/p>\n<\/div>\n<h3>De nombreuses bonnes raisons d'acheter ce produit :<\/h3>\n<div class=\"sale_motive\">\n<ul>\n<li>Steckfertiges Solarpumpensystem &#8211; <strong>sofort einsatzbereit<\/strong><\/li>\n<li>1 Jahre Garantie*, Lebensdauer \u00fcber 60.000 Betriebsstunden<\/li>\n<li>F\u00fcr den <strong>Garten<\/strong>, dem <strong>Balkon<\/strong> oder die <strong>Terrasse<\/strong><\/li>\n<li>Hochwertiges Solarpanel im <strong>stabilen KUNSTSTOFF-RAHMEN<\/strong> mit einer Leistung von 0,6 Watt<\/li>\n<li>Es wird kein zus\u00e4tzlicher Strom verbraucht &#8211; <strong>Betrieb ohne Folgekosten<\/strong><\/li>\n<li>Das Verlegen von Kabeln im Garten entf\u00e4llt<\/li>\n<li>5 Meter Anschlusskabel machen eine optimale Platzierung des Panels im sonnigen Bereich m\u00f6glich<\/li>\n<li>Integrierter Filter sch\u00fctzt die Pumpe (l\u00e4sst sich leicht reinigen)<\/li>\n<li><strong>Sch\u00f6nes Design &#8211; der perfekte Blickfang!<\/strong><\/li>\n<\/ul>\n<p>*Garantie gilt nur f\u00fcr Teichpumpe, nicht Solarpanel oder Kabel.<\/p>\n<\/div>","protected":false},"excerpt":{"rendered":"<p>Hochwertiges, solarbetriebenes Pumpensystem f\u00fcr den Au\u00dfenbereich <br \/>\nDas Highlight in Ihrem Garten!<\/p>","protected":false},"featured_media":39485,"comment_status":"open","ping_status":"closed","template":"","meta":[],"product_brand":[],"product_cat":[181,177,179,180],"product_tag":[],"class_list":{"0":"post-30273","1":"product","2":"type-product","3":"status-publish","4":"has-post-thumbnail","6":"product_cat-mit-solar","7":"product_cat-b-ware-gartenbrunnen","8":"product_cat-b-ware-garten-u-zimmer-brunnen","9":"product_cat-winter-angebote","11":"first","12":"instock","13":"sale","14":"taxable","15":"shipping-taxable","16":"purchasable","17":"product-type-simple"},"_links":{"self":[{"href":"https:\/\/testshop.igel.wovodo.de\/fr\/wp-json\/wp\/v2\/product\/30273","targetHints":{"allow":["GET"]}}],"collection":[{"href":"https:\/\/testshop.igel.wovodo.de\/fr\/wp-json\/wp\/v2\/product"}],"about":[{"href":"https:\/\/testshop.igel.wovodo.de\/fr\/wp-json\/wp\/v2\/types\/product"}],"replies":[{"embeddable":true,"href":"https:\/\/testshop.igel.wovodo.de\/fr\/wp-json\/wp\/v2\/comments?post=30273"}],"version-history":[{"count":2,"href":"https:\/\/testshop.igel.wovodo.de\/fr\/wp-json\/wp\/v2\/product\/30273\/revisions"}],"predecessor-version":[{"id":38683,"href":"https:\/\/testshop.igel.wovodo.de\/fr\/wp-json\/wp\/v2\/product\/30273\/revisions\/38683"}],"wp:featuredmedia":[{"embeddable":true,"href":"https:\/\/testshop.igel.wovodo.de\/fr\/wp-json\/wp\/v2\/media\/39485"}],"wp:attachment":[{"href":"https:\/\/testshop.igel.wovodo.de\/fr\/wp-json\/wp\/v2\/media?parent=30273"}],"wp:term":[{"taxonomy":"product_brand","embeddable":true,"href":"https:\/\/testshop.igel.wovodo.de\/fr\/wp-json\/wp\/v2\/product_brand?post=30273"},{"taxonomy":"product_cat","embeddable":true,"href":"https:\/\/testshop.igel.wovodo.de\/fr\/wp-json\/wp\/v2\/product_cat?post=30273"},{"taxonomy":"product_tag","embeddable":true,"href":"https:\/\/testshop.igel.wovodo.de\/fr\/wp-json\/wp\/v2\/product_tag?post=30273"}],"curies":[{"name":"wp","href":"https:\/\/api.w.org\/{rel}","templated":true}]}}