{"id":30308,"date":"2024-10-31T14:08:16","date_gmt":"2024-10-31T13:08:16","guid":{"rendered":"https:\/\/testshop.igel.wovodo.de\/product\/manuelle-hand-kurbelpumpe-s70-fass-pumpe-fuer-diesel-oel\/"},"modified":"2025-01-27T12:29:45","modified_gmt":"2025-01-27T11:29:45","slug":"manuelle-hand-kurbelpumpe-s70-fass-pumpe-fuer-diesel-oel","status":"publish","type":"product","link":"https:\/\/testshop.igel.wovodo.de\/fr\/product\/manuelle-hand-kurbelpumpe-s70-fass-pumpe-fuer-diesel-oel\/","title":{"rendered":"Pompe manuelle \u00e0 manivelle S70, Pompe \u00e0 f\u00fbts pour diesel\/huile"},"content":{"rendered":"<div class=\"sale_application\">\n<ul>\n<li>Umpumpen, Umf\u00fcllen, Entleeren von Diesel- oder Heiz\u00f6ltanks<\/li>\n<\/ul>\n<\/div>\n<div class=\"sale_description\">\n<p>Unsere <strong>Pompe manuelle \u00e0 manivelle S70, Pompe \u00e0 f\u00fbts pour diesel\/huile<\/strong>, eignet sich hervorragend f\u00fcr den Einsatz mit nicht verunreinigten, nicht aggressiven, nicht abrasiven Medien, wie Diesel, Heiz\u00f6l, Petroleum*, Schmier\u00f6l, Speise\u00f6l und vielen anderen \u00d6len. Sie hat eine F\u00f6rderleistung von <strong>21 Litern pro Minute<\/strong>. Die zerlegbare Handpumpe ist durch ihre <strong>praktische Bauweise<\/strong> einfach zu reinigen. Die praktische Handpumpe, funktioniert v\u00f6llig ohne Strom, ist in Ihrer Bedienung einfach und schnell zu handhaben, <strong>langlebig<\/strong>, leicht, <strong>widerstandsf\u00e4hig<\/strong> et <strong>rostet nicht<\/strong>.<\/p>\n<p>Sie hat drei zusammensteckbare Ansaugrohre und ein gebogenes Abflussrohr. Die klassische zuverl\u00e4ssige Pumpe mit Handkurbel, die sich ohne Vorkenntnisse einfach zusammenbauen l\u00e4\u00dft. Au\u00dferdem besitzt sie einen mitgelieferten <strong>Filter gegen Verschmutzung<\/strong>, der am unteren Ende des Ansaugrohrs angebracht wird sowie ein <strong>widerstandsf\u00e4higes Pumpengeh\u00e4use<\/strong>.<\/p>\n<p>Le site <strong>Pompe manuelle \u00e0 manivelle S70, Pompe \u00e0 f\u00fbts pour diesel\/huile<\/strong> ist die perfekte Wahl f\u00fcr das schnelle Bef\u00fcllen und Umf\u00fcllen von kleineren und mittelgro\u00dfen Beh\u00e4ltern, Gef\u00e4\u00dfen, Kanistern, F\u00e4ssern und Tanks. Durch ihre <strong>durchdachte Bauweise<\/strong> ist eine schnelle und <strong>unkomplizierte Montage<\/strong> ohne viel Werkzeug m\u00f6glich, sie kann also schnell zusammengebaut und nach Gebrauch wieder zerlegt werden, um sie bequem zu reinigen und zu lagern.<\/p>\n<p>Die Pumpe ist sehr leichtg\u00e4ngig, sehr gut abgedichtet und besitzt dadurch eine <strong>exzellente Saugleistung<\/strong>. Durch die <strong>Verarbeitung qualitativ hochwertiger Materialien<\/strong> nach aktuellem Stand der Technik, kaufen Sie hier eine solide und <strong>zuverl\u00e4ssige Hand-Kurbelpumpe<\/strong> f\u00fcr den <strong>mobilen Einsatz zum fairen Preis<\/strong> zur Verf\u00fcgung.<\/p>\n<p>&nbsp;<\/p>\n<p><strong>HINWEISE:<\/strong><span style=\"\"> F\u00fcllen Sie etwas \u00d6l\/Pumpmedium in die Pumpe, um sie zu entl\u00fcften, bevor Sie mit dem Pumpen von \u00d6l\/Pumpmedium beginnen. Die Pumpe ist <span style=\"text-decoration: underline;\">NICHT<\/span> f\u00fcr Wasser oder \u00e4tzende Fl\u00fcssigkeiten geeignet. Abrasive Fl\u00fcssigkeiten verringern die Lebensdauer und schaden der Pumpe! Bewahren Sie diese Pumpe an einem trockenen und vor Feuchtigkeit gesch\u00fctzten Ort auf. Schmieren Sie die Pumpe mit Fett ein, wenn Sie sie diese l\u00e4ngere Zeit nicht benutzen.<\/span><\/p>\n<p>* <em>unter Beachtung der Gesetzlichen \/ Landespeziefischen Bestimmungen und Sicherheitsvorschriften.<\/em><\/p>\n<div class=\"embed-responsive embed-responsive-16by9\">\n<iframe src=\"https:\/\/www.youtube-nocookie.com\/embed\/59-EZskBsv8?rel=0\" title=\"Lecteur vid\u00e9o YouTube\" allow=\"accelerometer; autoplay; clipboard-write; encrypted-media; gyroscope; picture-in-picture\" allowfullscreen=\"\" width=\"560\" height=\"315\" frameborder=\"0\"><\/iframe>\n<\/div>\n<\/div>\n<h3>De nombreuses bonnes raisons d'acheter ce produit :<\/h3>\n<div class=\"sale_motive\">\n<ul>\n<li>21 Litern pro Minute<\/li>\n<li>Praktische Bauweise<\/li>\n<li>Langlebig<\/li>\n<li>Leicht<\/li>\n<li>Rostet nicht<\/li>\n<li>Filter gegen Verschmutzung<\/li>\n<li>Widerstandsf\u00e4higes Pumpengeh\u00e4use.<\/li>\n<li>Durchdachte Bauweise und unkomplizierte Montage<\/li>\n<li>Exzellente Saugleistung<\/li>\n<li>Verarbeitung qualitativ hochwertiger Materialien<\/li>\n<li>Zuverl\u00e4ssige Hand-Kurbelpumpe<\/li>\n<li>F\u00fcr den mobilen Einsatz<\/li>\n<\/ul>\n<\/div>","protected":false},"excerpt":{"rendered":"<p>Manuelle \u00d6l\/Dieselpumpe<br \/>\n  max. F\u00f6rdermenge 1260 l\/h<\/p>","protected":false},"featured_media":32435,"comment_status":"open","ping_status":"closed","template":"","meta":[],"product_brand":[],"product_cat":[287],"product_tag":[],"class_list":{"0":"post-30308","1":"product","2":"type-product","3":"status-publish","4":"has-post-thumbnail","6":"product_cat-diesel-pumpen","8":"first","9":"instock","10":"taxable","11":"shipping-taxable","12":"purchasable","13":"product-type-simple"},"_links":{"self":[{"href":"https:\/\/testshop.igel.wovodo.de\/fr\/wp-json\/wp\/v2\/product\/30308","targetHints":{"allow":["GET"]}}],"collection":[{"href":"https:\/\/testshop.igel.wovodo.de\/fr\/wp-json\/wp\/v2\/product"}],"about":[{"href":"https:\/\/testshop.igel.wovodo.de\/fr\/wp-json\/wp\/v2\/types\/product"}],"replies":[{"embeddable":true,"href":"https:\/\/testshop.igel.wovodo.de\/fr\/wp-json\/wp\/v2\/comments?post=30308"}],"version-history":[{"count":3,"href":"https:\/\/testshop.igel.wovodo.de\/fr\/wp-json\/wp\/v2\/product\/30308\/revisions"}],"predecessor-version":[{"id":38378,"href":"https:\/\/testshop.igel.wovodo.de\/fr\/wp-json\/wp\/v2\/product\/30308\/revisions\/38378"}],"wp:featuredmedia":[{"embeddable":true,"href":"https:\/\/testshop.igel.wovodo.de\/fr\/wp-json\/wp\/v2\/media\/32435"}],"wp:attachment":[{"href":"https:\/\/testshop.igel.wovodo.de\/fr\/wp-json\/wp\/v2\/media?parent=30308"}],"wp:term":[{"taxonomy":"product_brand","embeddable":true,"href":"https:\/\/testshop.igel.wovodo.de\/fr\/wp-json\/wp\/v2\/product_brand?post=30308"},{"taxonomy":"product_cat","embeddable":true,"href":"https:\/\/testshop.igel.wovodo.de\/fr\/wp-json\/wp\/v2\/product_cat?post=30308"},{"taxonomy":"product_tag","embeddable":true,"href":"https:\/\/testshop.igel.wovodo.de\/fr\/wp-json\/wp\/v2\/product_tag?post=30308"}],"curies":[{"name":"wp","href":"https:\/\/api.w.org\/{rel}","templated":true}]}}