{"id":30342,"date":"2024-10-31T14:08:35","date_gmt":"2024-10-31T13:08:35","guid":{"rendered":"https:\/\/testshop.igel.wovodo.de\/product\/bachlauf-quellbach-ii-dunkel-grau-3-teilig-230v-pumpe-und-1x6-weiss-led-licht\/"},"modified":"2025-01-27T12:29:53","modified_gmt":"2025-01-27T11:29:53","slug":"bachlauf-quellbach-ii-dunkel-grau-3-teilig-230v-pumpe-und-1x6-weiss-led-licht","status":"publish","type":"product","link":"https:\/\/testshop.igel.wovodo.de\/fr\/product\/bachlauf-quellbach-ii-dunkel-grau-3-teilig-230v-pumpe-und-1x6-weiss-led-licht\/","title":{"rendered":"Bachlauf QUELLBACH II dunkel-grau, 3-teilig 230V-Pumpe und 1&#215;6 wei\u00df LED-Licht"},"content":{"rendered":"<div class=\"sale_application\">\n<ul>\n<li>3-tlg. Kaskaden-Gartenbrunnen-Set zur effektvollen Bachlauf-Gestaltung<\/li>\n<\/ul><\/div>\n<div class=\"sale_description\">\n<p><strong>D\u00e9coratif &amp; bienfaisant<\/strong><\/p>\n<p>Der naturgetreue Bachlauf in Naturstein-Optik wertet jeden Garten auf und sorgt  f\u00fcr eine tolle Atmosph\u00e4re und Entspannung. Flie\u00dfendes Wasser wirkt sich positiv auf die Stimmung aus und liefert ein angenehmes Mikroklima an hei\u00dfen Sommertagen. Der Kaskaden-Brunnen mit effektvoller LED-Beleuchtung <b>(RGB-Farbwechsel)<\/b> ist bei Tag und Nacht der perfekte Blickfang.<\/p>\n<p><strong>Individuelle Bachlauf-Gestaltung<\/strong><\/p>\n<p>Der 3-teilige Gartenbrunnen Bachlauf QUELLBACH II besteht aus einer Schale mit Pumpenanschluss (obere Schale) und zwei gro\u00dfen Erweiterungs-Schalen. Die drei Schalen k\u00f6nnen beliebig zusammengesetzt und so den vorhandenen Platzverh\u00e4ltnissen optimal angepasst werden. Die massiven Schalen sind robust, schwer, frostsicher sowie wind- und wetterfest.<br \/> <br \/>\nDie Zuleitung ist 2m lang. Das Pumpenkabel ist 5m lang, die LED Leitung ist 1,5m lang. Damit kann sowohl das ganze System als auch die Einzelkomponenten frei im Garten positioniert werden, z.B. indem man die LED-Lichter zur effektvollen Gartenbeleuchtung einsetzt. Die LEDs werden von oben in den Brunnen gelegt, die Kabel sind dabei sichtbar und k\u00f6nnen bei den unteren Stufen gut versteckt werden. Die 4 RGB LED-Lichter bewirken einen sanft ineinander \u00fcbergehenden Farbwechsel.<br \/>Zus\u00e4tzliche Erweiterungsschalen k\u00f6nnen als Zubeh\u00f6r bestellt werden.<\/p>\n<p>Der Quellbach II kann sogar als Garten- oder Zimmerbrunnen ohne Zugang zu einem Teich oder Bach eingesetzt werden. Hier ist einfach ein weiterer Beh\u00e4lter notwendig, um einen geschlossenen Wasserkreislauf zu gew\u00e4hrleisten.<\/p>\n<p><strong>Valeur s\u00fbre, durabilit\u00e9 et s\u00e9curit\u00e9 de fonctionnement<\/strong><\/p>\n<p>Der Gartenbrunnen QUELLBACH II ist f\u00fcr den 230-Volt-Betrieb vorgesehen. Die Pumpe und die LEDs werden mit sicherer 12V-Niederspannung betrieben (Adapter im Lieferumfang enthalten). Alle Kabelverbindungen sind verpolungssicher, wasserdicht funktionssicher, langlebig und dank praktischer Steckverbindungen jederzeit austauschbar. Der Aufbau geht einfach und schnell.<\/p>\n<p>So k\u00f6nnen Sie den Bachlauf und das flie\u00dfende Wasser jahrelang genie\u00dfen!<\/p>\n<p><b>Remarque :<\/b> Le gel peut endommager la fontaine de jardin et la pompe. En cas de risque de gel, il faut <b>la fontaine de jardin et la pompe doivent \u00eatre vid\u00e9es<\/b>Rinc\u00e9s \u00e0 l'eau claire, ils doivent \u00eatre stock\u00e9s au sec. Vous en profiterez alors tr\u00e8s longtemps !<\/p>\n<\/div>\n<h3>De nombreuses bonnes raisons d'acheter ce produit :<\/h3>\n<div class=\"sale_motive\">\n<ul>\n<li>2 Jahre Garantie, Lebensdauer \u00fcber 60.000 Betriebsstunden* <b>(Hinweis weiter unten)<\/b><\/li>\n<li>Gartenbrunnen &#8220;Bachlauf QUELLBACH II&#8221; in Naturstein-Optik<\/li>\n<li>optimal f\u00fcr kleine Fl\u00e4chen<\/li>\n<li>einfach zu montierendes Set mit umfangreichem Zubeh\u00f6r zum Spitzenpreis<\/li>\n<li>Betrieb der 230V-Pumpe \u00fcber sichere Niedrigspannung mit 12V-Adapter (im Lieferumfang enthalten)<\/li>\n<li>individuelle Anordnung der Schalen m\u00f6glich<\/li>\n<li>stabil, bruchfest &amp; langlebig<\/li>\n<li>austauschbare Set-Bestandteile<\/li>\n<li>mit LED-Licht in klassischem Wei\u00df<\/li>\n<\/ul>\n<p>*Garantie gilt nur f\u00fcr Teichpumpe, nicht Solarpanel, Figure oder Kabel.<\/p>\n<\/div>","protected":false},"excerpt":{"rendered":"<p>Bachlauf QUELLBACH II in dunkel-grau<br \/>\nZwei gro\u00dfe Erweiterungs-Schalen und eine Schale mit Pumpenanschluss (oberste Schale)<br \/>\nmit 1&#215;6 LED-Licht wei\u00df und 230-Volt-Anschluss<\/p>","protected":false},"featured_media":37638,"comment_status":"open","ping_status":"closed","template":"","meta":[],"product_brand":[],"product_cat":[357],"product_tag":[],"class_list":{"0":"post-30342","1":"product","2":"type-product","3":"status-publish","4":"has-post-thumbnail","6":"product_cat-bachlauf","8":"first","9":"instock","10":"taxable","11":"shipping-taxable","12":"purchasable","13":"product-type-simple"},"_links":{"self":[{"href":"https:\/\/testshop.igel.wovodo.de\/fr\/wp-json\/wp\/v2\/product\/30342","targetHints":{"allow":["GET"]}}],"collection":[{"href":"https:\/\/testshop.igel.wovodo.de\/fr\/wp-json\/wp\/v2\/product"}],"about":[{"href":"https:\/\/testshop.igel.wovodo.de\/fr\/wp-json\/wp\/v2\/types\/product"}],"replies":[{"embeddable":true,"href":"https:\/\/testshop.igel.wovodo.de\/fr\/wp-json\/wp\/v2\/comments?post=30342"}],"version-history":[{"count":4,"href":"https:\/\/testshop.igel.wovodo.de\/fr\/wp-json\/wp\/v2\/product\/30342\/revisions"}],"predecessor-version":[{"id":39923,"href":"https:\/\/testshop.igel.wovodo.de\/fr\/wp-json\/wp\/v2\/product\/30342\/revisions\/39923"}],"wp:featuredmedia":[{"embeddable":true,"href":"https:\/\/testshop.igel.wovodo.de\/fr\/wp-json\/wp\/v2\/media\/37638"}],"wp:attachment":[{"href":"https:\/\/testshop.igel.wovodo.de\/fr\/wp-json\/wp\/v2\/media?parent=30342"}],"wp:term":[{"taxonomy":"product_brand","embeddable":true,"href":"https:\/\/testshop.igel.wovodo.de\/fr\/wp-json\/wp\/v2\/product_brand?post=30342"},{"taxonomy":"product_cat","embeddable":true,"href":"https:\/\/testshop.igel.wovodo.de\/fr\/wp-json\/wp\/v2\/product_cat?post=30342"},{"taxonomy":"product_tag","embeddable":true,"href":"https:\/\/testshop.igel.wovodo.de\/fr\/wp-json\/wp\/v2\/product_tag?post=30342"}],"curies":[{"name":"wp","href":"https:\/\/api.w.org\/{rel}","templated":true}]}}