{"id":30347,"date":"2024-10-31T14:08:37","date_gmt":"2024-10-31T13:08:37","guid":{"rendered":"https:\/\/testshop.igel.wovodo.de\/product\/3-tiefbrunnenpumpe-brunnen-star-370-3-8-400v-bedingt-sandvertraeglich\/"},"modified":"2025-01-27T12:29:55","modified_gmt":"2025-01-27T11:29:55","slug":"3-tiefbrunnenpumpe-brunnen-star-370-3-8-400v-bedingt-sandvertraeglich","status":"publish","type":"product","link":"https:\/\/testshop.igel.wovodo.de\/fr\/product\/3-tiefbrunnenpumpe-brunnen-star-370-3-8-400v-bedingt-sandvertraeglich\/","title":{"rendered":"3&#8243;-Tiefbrunnenpumpe BRUNNEN-STAR 370-3-8 400V bedingt sandvertr\u00e4glich"},"content":{"rendered":"<div class=\"sale_application\">\n<ul>\n<li>400V-Brunnenpumpe aus hochwertiger EU-Fertigung<\/li>\n<li>f\u00fcr Hauswasserversorgung, Bew\u00e4sserung, Beregnung, Grundwasserabsenkungen, Anwendungen im Umweltschutz<\/li>\n<\/ul><\/div>\n<div class=\"sale_description\">\n<p>Robuste, stabile Tiefbrunnenpumpe in Handwerker-Qualit\u00e4t aus rostfreiem Edelsstahl f\u00fcr tiefe Brunnenbohrungen.<\/p>\n<p>Diese EU-Brunnen-Pumpen werden f\u00fcr uns von einem innovativen <b>Qualit\u00e4ts-Unternehmen mit langj\u00e4hriger Tradition in der Pumpenfertigung entwickelt und hergestellt.<\/b> Einzelne Fertigungsschritte unterliegen einer strengen Qualit\u00e4tspr\u00fcfung, wobei bei jeder Pumpe noch eine Endkontrolle erfolgt.<\/p>\n<p>Zum Einsatz kommen nur gepr\u00fcfte qualitativ hochwertige Bauteile und Materialien: <b>Rostfreie, robuste Edelstahlgeh\u00e4use, Mehrfach-Dichtungen, Messing-Bauteile und  hochwertiger, \u00f6lgelagerter, gekapselter Motoren sorgen f\u00fcr eine lange Lebensdauer.<\/b><\/p>\n<p>Durch die Konstruktion mit 3-fachen Wellenabdichtungen hat die hochwertige <b>3&#8243;-Tiefbrunnenpumpe BRUNNEN-STAR 370-3-8 400V bedingt sandvertr\u00e4glich<\/b> aus europ\u00e4ischer Herstellung eine deutlich h\u00f6here Lebensdauer als Pumpen mit herk\u00f6mmlichen mechanischen Dichtungen. Die Edelstahl-Tiefbrunnenpumpe ist deshalb auch f\u00fcr Extrem-Eins\u00e4tze bestens geeignet.<\/p>\n<p>Trotz der geringen Leistungsaufnahme schafft die bedingt sandvertr\u00e4gliche Tiefbrunnenpumpe eine F\u00f6rdermenge von bis zu <b>2.700L\/h<\/b>. Der maximale Druck liegt bei <b>4,2 bar<\/b>, die maximale F\u00f6rderh\u00f6he bei <b>42m<\/b>.<br \/>\n  Bitte beachten Sie, dass der F\u00f6rderdruck bei steigender F\u00f6rderh\u00f6he entsprechend abnimmt.<\/p>\n<p>Unsere EU-Brunnenpumpen sind zudem <b>bedingt sandvertr\u00e4glich<\/b> (max. Partikelgr\u00f6\u00dfe: 0,2mm, max. Sandgehalt: 0,2 %).<\/p>\n<p>Diese robuste Qualit\u00e4ts-Brunnenpumpe aus rostfreiem Edelsstahl ist f\u00fcr eine elektrische Spannung von <b>400 Volt<\/b> ausgelegt.<\/p>\n<p>Diese 400V-Tiefbrunnenpumpe erbringt eine Leistung von <b>370 Watt<\/b>. Die maximale F\u00f6rderh\u00f6he betr\u00e4gt <b>42m<\/b>,<br \/>\n  die maximale F\u00f6rdermenge liegt bei <b>2700 Litern pro Stunde<\/b> und der maximale Druck <b>4,2 bar<\/b>.<br \/>\n  Bitte beachten Sie, dass der F\u00f6rderdruck bei steigender H\u00f6he entsprechend abnimmt.<br \/>\n  Die 3 Zoll Brunnenpumpe misst ca. 76mm und passt somit in Sch\u00e4chte mit einem Mindest-Durchmesser von 90mm.<\/p>\n<\/div>\n<h3>De nombreuses bonnes raisons d'acheter ce produit :<\/h3>\n<div class=\"sale_motive\">\n<ul>\n<li>Perfektion in Edelstahl!<\/li>\n<li>Spitzen-Qualit\u00e4t aus Europ\u00e4ischer Fertigung nach neusten EU-Energie-Richtlinien<\/li>\n<li>sehr lange Lebensdauer durch Mehrfach-Dichtungsystem mit \u00d6lschmierung<\/li>\n<li>f\u00fcr Hauswasserversorgung, Bew\u00e4sserung oder Beregnung<\/li>\n<li>f\u00fcr Anwendungen im Umweltschutz &amp; Grundwasserabsenkung<\/li>\n<li>keine Ansaugung von Bodensediment durch seitliche Ansaugung<\/li>\n<li>hochwertiger gekapselter Elektromotor<\/li>\n<\/ul>\n<\/div>","protected":false},"excerpt":{"rendered":"<p>3 Zoll Tiefbrunnenpumpe<br \/>\n  380-400 Volt | 370 Watt<br \/>\n  Hmax 42m | Qmax 2700L\/h | Pmax 4,2 bar<\/p>\n<p><b>Hochwertige europ\u00e4ische Fertigung aus Edelstahl!<\/b><\/p>","protected":false},"featured_media":36856,"comment_status":"open","ping_status":"closed","template":"","meta":[],"product_brand":[],"product_cat":[378,301],"product_tag":[],"class_list":{"0":"post-30347","1":"product","2":"type-product","3":"status-publish","4":"has-post-thumbnail","6":"product_cat-3-zoll-400v","7":"product_cat-400-volt-brunnenpumpen","9":"first","10":"instock","11":"taxable","12":"shipping-taxable","13":"purchasable","14":"product-type-simple"},"_links":{"self":[{"href":"https:\/\/testshop.igel.wovodo.de\/fr\/wp-json\/wp\/v2\/product\/30347","targetHints":{"allow":["GET"]}}],"collection":[{"href":"https:\/\/testshop.igel.wovodo.de\/fr\/wp-json\/wp\/v2\/product"}],"about":[{"href":"https:\/\/testshop.igel.wovodo.de\/fr\/wp-json\/wp\/v2\/types\/product"}],"replies":[{"embeddable":true,"href":"https:\/\/testshop.igel.wovodo.de\/fr\/wp-json\/wp\/v2\/comments?post=30347"}],"version-history":[{"count":1,"href":"https:\/\/testshop.igel.wovodo.de\/fr\/wp-json\/wp\/v2\/product\/30347\/revisions"}],"predecessor-version":[{"id":34962,"href":"https:\/\/testshop.igel.wovodo.de\/fr\/wp-json\/wp\/v2\/product\/30347\/revisions\/34962"}],"wp:featuredmedia":[{"embeddable":true,"href":"https:\/\/testshop.igel.wovodo.de\/fr\/wp-json\/wp\/v2\/media\/36856"}],"wp:attachment":[{"href":"https:\/\/testshop.igel.wovodo.de\/fr\/wp-json\/wp\/v2\/media?parent=30347"}],"wp:term":[{"taxonomy":"product_brand","embeddable":true,"href":"https:\/\/testshop.igel.wovodo.de\/fr\/wp-json\/wp\/v2\/product_brand?post=30347"},{"taxonomy":"product_cat","embeddable":true,"href":"https:\/\/testshop.igel.wovodo.de\/fr\/wp-json\/wp\/v2\/product_cat?post=30347"},{"taxonomy":"product_tag","embeddable":true,"href":"https:\/\/testshop.igel.wovodo.de\/fr\/wp-json\/wp\/v2\/product_tag?post=30347"}],"curies":[{"name":"wp","href":"https:\/\/api.w.org\/{rel}","templated":true}]}}