{"id":30357,"date":"2024-10-31T14:08:42","date_gmt":"2024-10-31T13:08:42","guid":{"rendered":"https:\/\/testshop.igel.wovodo.de\/product\/profi-airbrush-farben-mini-ruettler\/"},"modified":"2025-01-27T12:29:58","modified_gmt":"2025-01-27T11:29:58","slug":"profi-airbrush-farben-mini-ruettler","status":"publish","type":"product","link":"https:\/\/testshop.igel.wovodo.de\/fr\/product\/profi-airbrush-farben-mini-ruettler\/","title":{"rendered":"Profi-AirBrush Farben-Mini-R\u00fcttler"},"content":{"rendered":"<div class=\"sale_description\">\n<p>Dieser einfach zu bedienende Farbmixer wurde f\u00fcr das Mischen von Farben, Tinte und anderen Fl\u00fcssigkeiten entwickelt und ist der beste und einfachste Weg, um l\u00e4nger nicht genutzte oder sich in der Flasche getrennte Farben wiederherzustellen.<\/p>\n<p>Der Farben-Mini-R\u00fcttler von Profi-AirBrush sorgt dabei durch Vibration f\u00fcr ein perfektes und gleichm\u00e4\u00dfiges Verteilen der enthaltenen Pigmente und Inhaltsstoffe und somit auch f\u00fcr ein besseres Spr\u00fchergebnis. Abgesetzte \u00d6le oder Farbpartikel werden so wieder zu einer gleichm\u00e4\u00dfigen Fl\u00fcssigkeit zusammengef\u00fchrt f\u00fcr ein atemberaubendes Ergebnis.<\/p>\n<p>Um die Farbe besser mischen zu k\u00f6nnen, k\u00f6nnen Sie (f\u00fcr die genutzte Farbe) die entsprechende Art von Farbverd\u00fcnner hinzuf\u00fcgen. Wenn die Farbe lange gelagert wurde, \u00f6ffnen Sie den Beh\u00e4lter und verwenden Sie einen festen Gegenstand, um den Farbblock vorab vom Boden des Beh\u00e4lters zu l\u00f6sen, was das Mischen der Farbe erheblich beschleunigt und Klumpenbildung vermeidet. Denken Sie bitte daran, dass der Farben-Mini-R\u00fcttler keine ausgetrockneten Farben mischen kann.<\/p>\n<\/div>\n<h3>De nombreuses bonnes raisons d'acheter ce produit :<\/h3>\n<div class=\"sale_motive\">\n<ul>\n<li class=\"high\">zum Mischen von Farben, Tinte und Lacken&#8230;<\/li>\n<li class=\"high\">f\u00fcr ein brillantes Spritzbild<\/li>\n<li>solide Verarbeitung<\/li>\n<li>top Ergebnis in wenigen Minuten<\/li>\n<li>zukunftsorientierte Bauweise<\/li>\n<li>formsch\u00f6nes Design<\/li>\n<li>sehr einfache Handhabung<\/li>\n<\/ul>\n<\/div>","protected":false},"excerpt":{"rendered":"<p>Der elektrische Profi-AirBrush Farben-Mini-R\u00fcttler ist die absolut beste und einfachste M\u00f6glichkeit, um l\u00e4nger nicht genutzte oder sich in der Flasche getrennte Farben wiederherzustellen.<\/p>","protected":false},"featured_media":32566,"comment_status":"open","ping_status":"closed","template":"","meta":[],"product_brand":[],"product_cat":[397,445,328,409,414,416,235,237,209,256,258,210,213],"product_tag":[],"class_list":{"0":"post-30357","1":"product","2":"type-product","3":"status-publish","4":"has-post-thumbnail","6":"product_cat-airbrushpistolen","7":"product_cat-double-action","8":"product_cat-sets","9":"product_cat-single-action","10":"product_cat-farben-fa-schmincke","11":"product_cat-farben-fa-schmincke-airbrush-farben-profi-airbrush","12":"product_cat-airbrush-farben","13":"product_cat-airbrush-farben-set","14":"product_cat-airbrush-pistolen-set","15":"product_cat-zubehoer-airbrush","16":"product_cat-ersatzteile-zubehoer-profi-airbrush","17":"product_cat-airbrushpistolen-set","18":"product_cat-airbrush-sets-mit-farben","20":"first","21":"instock","22":"taxable","23":"shipping-taxable","24":"purchasable","25":"product-type-simple"},"_links":{"self":[{"href":"https:\/\/testshop.igel.wovodo.de\/fr\/wp-json\/wp\/v2\/product\/30357","targetHints":{"allow":["GET"]}}],"collection":[{"href":"https:\/\/testshop.igel.wovodo.de\/fr\/wp-json\/wp\/v2\/product"}],"about":[{"href":"https:\/\/testshop.igel.wovodo.de\/fr\/wp-json\/wp\/v2\/types\/product"}],"replies":[{"embeddable":true,"href":"https:\/\/testshop.igel.wovodo.de\/fr\/wp-json\/wp\/v2\/comments?post=30357"}],"version-history":[{"count":1,"href":"https:\/\/testshop.igel.wovodo.de\/fr\/wp-json\/wp\/v2\/product\/30357\/revisions"}],"predecessor-version":[{"id":34972,"href":"https:\/\/testshop.igel.wovodo.de\/fr\/wp-json\/wp\/v2\/product\/30357\/revisions\/34972"}],"wp:featuredmedia":[{"embeddable":true,"href":"https:\/\/testshop.igel.wovodo.de\/fr\/wp-json\/wp\/v2\/media\/32566"}],"wp:attachment":[{"href":"https:\/\/testshop.igel.wovodo.de\/fr\/wp-json\/wp\/v2\/media?parent=30357"}],"wp:term":[{"taxonomy":"product_brand","embeddable":true,"href":"https:\/\/testshop.igel.wovodo.de\/fr\/wp-json\/wp\/v2\/product_brand?post=30357"},{"taxonomy":"product_cat","embeddable":true,"href":"https:\/\/testshop.igel.wovodo.de\/fr\/wp-json\/wp\/v2\/product_cat?post=30357"},{"taxonomy":"product_tag","embeddable":true,"href":"https:\/\/testshop.igel.wovodo.de\/fr\/wp-json\/wp\/v2\/product_tag?post=30357"}],"curies":[{"name":"wp","href":"https:\/\/api.w.org\/{rel}","templated":true}]}}