{"id":30515,"date":"2024-10-31T14:10:21","date_gmt":"2024-10-31T13:10:21","guid":{"rendered":"https:\/\/testshop.igel.wovodo.de\/product\/50-stck-set-ffp2-kn-95-ersatzfilter-fuer-mehrfach-maske-aus-silikon\/"},"modified":"2025-01-27T12:30:52","modified_gmt":"2025-01-27T11:30:52","slug":"50-stck-set-ffp2-kn-95-ersatzfilter-fuer-mehrfach-maske-aus-silikon","status":"publish","type":"product","link":"https:\/\/testshop.igel.wovodo.de\/fr\/product\/50-stck-set-ffp2-kn-95-ersatzfilter-fuer-mehrfach-maske-aus-silikon\/","title":{"rendered":"50 Stck-SET FFP2\/KN 95 Ersatzfilter f\u00fcr Mehrfach-Maske aus Silikon"},"content":{"rendered":"<div class=\"sale_description\">\n<p><b><font color=\"#FF0000\">Bitte beachten: <\/font><\/b>Bei diesem Artikel ist die R\u00fcckgabe aus hygienischen Gr\u00fcnden nicht m\u00f6glich.<\/p>\n<\/div>","protected":false},"excerpt":{"rendered":"<p>Bitte beachten: Bei diesem Artikel ist die R\u00fcckgabe aus hygienischen Gr\u00fcnden nicht m\u00f6glich.<\/p>","protected":false},"featured_media":33188,"comment_status":"open","ping_status":"closed","template":"","meta":[],"product_brand":[],"product_cat":[275,257,276],"product_tag":[],"class_list":{"0":"post-30515","1":"product","2":"type-product","3":"status-publish","4":"has-post-thumbnail","6":"product_cat-silikon-maske","7":"product_cat-zubehoer-profi-airbrush","8":"product_cat-corona-virenschutz","10":"first","11":"instock","12":"taxable","13":"shipping-taxable","14":"purchasable","15":"product-type-simple"},"_links":{"self":[{"href":"https:\/\/testshop.igel.wovodo.de\/fr\/wp-json\/wp\/v2\/product\/30515","targetHints":{"allow":["GET"]}}],"collection":[{"href":"https:\/\/testshop.igel.wovodo.de\/fr\/wp-json\/wp\/v2\/product"}],"about":[{"href":"https:\/\/testshop.igel.wovodo.de\/fr\/wp-json\/wp\/v2\/types\/product"}],"replies":[{"embeddable":true,"href":"https:\/\/testshop.igel.wovodo.de\/fr\/wp-json\/wp\/v2\/comments?post=30515"}],"version-history":[{"count":1,"href":"https:\/\/testshop.igel.wovodo.de\/fr\/wp-json\/wp\/v2\/product\/30515\/revisions"}],"predecessor-version":[{"id":35129,"href":"https:\/\/testshop.igel.wovodo.de\/fr\/wp-json\/wp\/v2\/product\/30515\/revisions\/35129"}],"wp:featuredmedia":[{"embeddable":true,"href":"https:\/\/testshop.igel.wovodo.de\/fr\/wp-json\/wp\/v2\/media\/33188"}],"wp:attachment":[{"href":"https:\/\/testshop.igel.wovodo.de\/fr\/wp-json\/wp\/v2\/media?parent=30515"}],"wp:term":[{"taxonomy":"product_brand","embeddable":true,"href":"https:\/\/testshop.igel.wovodo.de\/fr\/wp-json\/wp\/v2\/product_brand?post=30515"},{"taxonomy":"product_cat","embeddable":true,"href":"https:\/\/testshop.igel.wovodo.de\/fr\/wp-json\/wp\/v2\/product_cat?post=30515"},{"taxonomy":"product_tag","embeddable":true,"href":"https:\/\/testshop.igel.wovodo.de\/fr\/wp-json\/wp\/v2\/product_tag?post=30515"}],"curies":[{"name":"wp","href":"https:\/\/api.w.org\/{rel}","templated":true}]}}