{"id":30560,"date":"2024-10-31T14:10:47","date_gmt":"2024-10-31T13:10:47","guid":{"rendered":"https:\/\/testshop.igel.wovodo.de\/product\/diesel-230v-fass-pumpe-2-2-set\/"},"modified":"2025-01-27T12:31:05","modified_gmt":"2025-01-27T11:31:05","slug":"diesel-230v-fass-pumpe-2-2-set","status":"publish","type":"product","link":"https:\/\/testshop.igel.wovodo.de\/fr\/product\/diesel-230v-fass-pumpe-2-2-set\/","title":{"rendered":"Diesel 230V Fass-Pumpe 2.2 Set"},"content":{"rendered":"<div class=\"sale_application\">\n<h2>Anwendungsbereiche<\/h2>\n<p>Unsere Diesel-Fass-Pumpe 230 Volt ist die ideale Umf\u00fcllpumpe f\u00fcr Diesel und Heiz\u00f6l.<\/p>\n<p><b>Bitte beachten: Die Fasspumpen sind f\u00fcr das Pumpen von Benzin, Kerosin oder anderen brennbaren Fl\u00fcssigkeiten nicht geeignet.<\/b> <\/div>\n<div class=\"sale_description\">\n<p>Kraftvolle Dieselfasspumpe 230V\/600W &#8211; die ideale elektrische Umf\u00fcllpumpe f\u00fcr Diesel und Heiz\u00f6l. Die 230V-Fasspumpe eignet sich hervorragend zum Be- und Umf\u00fcllen von Diesel und Heiz\u00f6l aus Tanks und F\u00e4ssern. Mit unserer elektrischen Fass-Pumpe kein Problem. Das optimale Werkzeug f\u00fcr jeden Fuhrpark, KFZ-Werkst\u00e4tten, oder in der Landwirtschaft, bei Autoverwertern usw! Hiermit bef\u00fcllen Sie m\u00fchelos jegliche Art von Fahrzeugen und Maschinen.<\/p>\n<p><b>Bitte beachten: Die Fasspumpen sind f\u00fcr das Pumpen von Benzin, Kerosin oder anderen brennbaren Fl\u00fcssigkeiten nicht geeignet.<\/b><\/p>\n<div class=\"embed-responsive embed-responsive-16by9\">\n<iframe src=\"https:\/\/www.youtube-nocookie.com\/embed\/rDKHgV6l9bA?rel=0\" title=\"Lecteur vid\u00e9o YouTube\" allow=\"accelerometer; autoplay; clipboard-write; encrypted-media; gyroscope; picture-in-picture\" allowfullscreen=\"\" width=\"560\" height=\"315\" frameborder=\"0\"><\/iframe>\n<\/div>\n<\/div>\n<h3>De nombreuses bonnes raisons d'acheter ce produit :<\/h3>\n<div class=\"sale_motive\">\n<ul>\n<li>600 Watt-Powerpumpe<\/li>\n<li>Ideal als Umf\u00fcllpumpe<\/li>\n<li>Geeignet f\u00fcr Diesel &amp; Heiz\u00f6l<\/li>\n<li>Bis zu 60 Liter pro Minute. <b>Schnelle Bef\u00fcllung!<\/b><\/li>\n<li>Robuste, bew\u00e4hrte Qualit\u00e4t<\/li>\n<\/ul>\n<\/div>","protected":false},"excerpt":{"rendered":"<p>230-Volt\/600W-Fasspumpe f\u00fcr Diesel &amp; Heiz\u00f6l<br \/>\nmit T\u00fclle und 90 cm langem Ansaugrohr<\/p>\n<p><b>Schnelle Bef\u00fcllung!<\/b><br \/>\n<b>Kraftvolle 600-Watt-Umf\u00fcllpumpe f\u00fcr Diesel und Heiz\u00f6l!<\/b><\/p>","protected":false},"featured_media":33306,"comment_status":"open","ping_status":"closed","template":"","meta":[],"product_brand":[],"product_cat":[287],"product_tag":[],"class_list":{"0":"post-30560","1":"product","2":"type-product","3":"status-publish","4":"has-post-thumbnail","6":"product_cat-diesel-pumpen","8":"first","9":"instock","10":"taxable","11":"shipping-taxable","12":"purchasable","13":"product-type-simple"},"_links":{"self":[{"href":"https:\/\/testshop.igel.wovodo.de\/fr\/wp-json\/wp\/v2\/product\/30560","targetHints":{"allow":["GET"]}}],"collection":[{"href":"https:\/\/testshop.igel.wovodo.de\/fr\/wp-json\/wp\/v2\/product"}],"about":[{"href":"https:\/\/testshop.igel.wovodo.de\/fr\/wp-json\/wp\/v2\/types\/product"}],"replies":[{"embeddable":true,"href":"https:\/\/testshop.igel.wovodo.de\/fr\/wp-json\/wp\/v2\/comments?post=30560"}],"version-history":[{"count":3,"href":"https:\/\/testshop.igel.wovodo.de\/fr\/wp-json\/wp\/v2\/product\/30560\/revisions"}],"predecessor-version":[{"id":38426,"href":"https:\/\/testshop.igel.wovodo.de\/fr\/wp-json\/wp\/v2\/product\/30560\/revisions\/38426"}],"wp:featuredmedia":[{"embeddable":true,"href":"https:\/\/testshop.igel.wovodo.de\/fr\/wp-json\/wp\/v2\/media\/33306"}],"wp:attachment":[{"href":"https:\/\/testshop.igel.wovodo.de\/fr\/wp-json\/wp\/v2\/media?parent=30560"}],"wp:term":[{"taxonomy":"product_brand","embeddable":true,"href":"https:\/\/testshop.igel.wovodo.de\/fr\/wp-json\/wp\/v2\/product_brand?post=30560"},{"taxonomy":"product_cat","embeddable":true,"href":"https:\/\/testshop.igel.wovodo.de\/fr\/wp-json\/wp\/v2\/product_cat?post=30560"},{"taxonomy":"product_tag","embeddable":true,"href":"https:\/\/testshop.igel.wovodo.de\/fr\/wp-json\/wp\/v2\/product_tag?post=30560"}],"curies":[{"name":"wp","href":"https:\/\/api.w.org\/{rel}","templated":true}]}}