{"id":30631,"date":"2024-10-31T14:11:31","date_gmt":"2024-10-31T13:11:31","guid":{"rendered":"https:\/\/testshop.igel.wovodo.de\/product\/3-tiefbrunnenpumpe-brunnen-star-1100-9-230v\/"},"modified":"2025-01-27T12:31:23","modified_gmt":"2025-01-27T11:31:23","slug":"3-tiefbrunnenpumpe-brunnen-star-1100-9-230v","status":"publish","type":"product","link":"https:\/\/testshop.igel.wovodo.de\/fr\/product\/3-tiefbrunnenpumpe-brunnen-star-1100-9-230v\/","title":{"rendered":"3&#8243; Tiefbrunnenpumpe BRUNNEN-STAR 1100-9-230V"},"content":{"rendered":"<div class=\"sale_application\">\n<ul>\n<li>zur Hauswasserversorgung<\/li>\n<li>zur Bew\u00e4sserung<\/li>\n<li>zur Beregnung<\/li>\n<li>bei Grundwasserabsenkung<\/li>\n<li>pour le remplissage de r\u00e9cipients<\/li>\n<li>zur Brauchwasserversorgung<\/li>\n<\/ul><\/div>\n<div class=\"sale_description\">\n<p>Die 3&#8243;Tiefenbrunnenpumpe BRUNNEN-STAR 1100-9 ist aus robustem, rostfreien Edelstahl gefertigt und hat einen hochwertigen, gekapselten und \u00f6lgelagerten Motor. Diese Tiefbrunnenpumpe ist solide, kompakt, zuverl\u00e4ssig und ideal f\u00fcr die Gartenbew\u00e4sserung\/ Gartenberegnung, zur Wasserbef\u00f6rderung, beim Bef\u00fcllen\/ Umf\u00fcllen von Beh\u00e4ltern oder zur Brauchwasserversorgung.<\/p>\n<p>Mit einem Durchmesser von ca. 78mm ist die 1425 mm lange Brunnenpumpe mit 15m Kabel f\u00fcr Sch\u00e4chte mit bis zu ca. 5-7m Tiefe geeignet. Durch die seitliche Ansaugung wird verhindert, dass Bodensediment mit angesaugt wird.<\/p>\n<p>Die maximale F\u00f6rderleistung der Brunnenpumpe betr\u00e4gt (Qmax.) 4.200l\/h, die maximale F\u00f6rderh\u00f6he (Hmax.) 106m und der maximale Druck liegt bei max. 10,6bar. Bitte beachten Sie, dass die F\u00f6rderleistung bei steigender F\u00f6rderh\u00f6he entsprechend abnimmt.<\/p>\n<p>Die 3-Zoll-Brunnenpumpe f\u00f6rdert Wasser mit hohem Druck weiter an die Abnahmestelle. Bei gleicher elektrischen Leistung f\u00f6rdert diese Pumpe dank besonderen Bauweise wesentlich mehr Wasser als andere Pumpen mit vergleichbarem Verbrauch von elektrischen Energie. Daher bezeichnen wir diese Pumpe als echte ENERGIE-SPARPUMPE! Hier wird auf Dauer bares Geld gespart!<\/p>\n<p>Unser Tipp: Hohe Bestandteile an Sand, Eisen, Mangan und weiteren Mineralien haben Einflu\u00df auf die dauerhafte Funktionsf\u00e4higkeit der Klarwasser-Brunnenpumpen. Wir empfehlen, vor dem Einsatz einer Brunnenpumpe das Brunnenwasser analysieren zu lassen. Die Pumpe ist geeignet f\u00fcr Wasser bis zu einem Schwefelwasserstoffgehalt bis 1,5mg\/L, Chlorid-Ionengehalt bis 400mg\/L und mit einem pH Wert zwischen 6,5-8,5. Gegebenenfalls sind Ma\u00dfnahmen zu treffen, um die Wasserqualit\u00e4t zu verbessern.<\/p>\n<p>Ein Drucktank verl\u00e4ngert ma\u00dfgeblich die Lebensdauer von Tauch-, Kreisel-, Brunnenpumpen oder Hauswasserwerken. Typischerweise hat das im Haus ankommendes Trink- und Brauchwasser (z.B. aus Zisternen) eine Temperatur von ca 5-10\u00b0C. Im Hauskeller kann sich das Wasser auf bis zu 30\u00b0C erw\u00e4rmen. Dadurch kann der Leitungsdruck bis auf ca. 10-15bar steigen. Viele Bauteile, wie etwa Wasser-Vorfilter oder die Wasserleitungen selbst, k\u00f6nnen diesem Druck nicht standhalten und bersten infolgedessen. Der Drucktank nimmt die Wasserausdehnung auf, sodass Druckanstieg in den Leitungen und Sch\u00e4den zuverl\u00e4ssig vermieden werden. Beim Ein- und Ausschalten von Pumpen kommt es zu Druckschl\u00e4gen in den Wasserleitungen.<br \/>\nDer Drucktank puffert die Druckschwankungen ab. Druckschl\u00e4ge werden vermieden. Der Drucktank sch\u00fctzt die Pumpe sowie Bauteile und Wasserleitungen.Das Ausdehnungsgef\u00e4\u00df tr\u00e4gt au\u00dferdem zur K\u00fchlung der Pumpe bei und hilft, die Pumpe zu schonen.<\/p>\n<\/div>\n<h3>De nombreuses bonnes raisons d'acheter ce produit :<\/h3>\n<div class=\"sale_motive\">\n<ul>\n<li>ausgezeichnetes Preis- \/ Leistungsverh\u00e4ltnis!<\/li>\n<li>solide, kompakt und zuverl\u00e4ssig <\/li>\n<li>keine Ansaugung von Bodensediment durch seitliche Ansaugung <\/li>\n<li>moteur \u00e0 palier \u00e0 huile<\/li>\n<\/ul>\n<\/div>","protected":false},"excerpt":{"rendered":"<p><b>Energiesparsame 3-Zoll-Tiefbrunnenpumpe<\/b>\n<\/p>\n<p>Leistung: 1100 Watt<br \/>\n  max. F\u00f6rderh\u00f6he (Hmax.) 106m | max. F\u00f6rdermenge (Qmax.) 4.200l\/h | max. 10,6bar<\/p>","protected":false},"featured_media":33479,"comment_status":"open","ping_status":"closed","template":"","meta":[],"product_brand":[],"product_cat":[227,224,300,299],"product_tag":[],"class_list":{"0":"post-30631","1":"product","2":"type-product","3":"status-publish","4":"has-post-thumbnail","6":"product_cat-3-brunnenpumpen-brunnenpumpen-mit-druckschalter-inverter","7":"product_cat-3-brunnenpumpen","8":"product_cat-3-zoll-brunnenpumpen","9":"product_cat-klarwasserpumpe","11":"first","12":"instock","13":"taxable","14":"shipping-taxable","15":"purchasable","16":"product-type-simple"},"_links":{"self":[{"href":"https:\/\/testshop.igel.wovodo.de\/fr\/wp-json\/wp\/v2\/product\/30631","targetHints":{"allow":["GET"]}}],"collection":[{"href":"https:\/\/testshop.igel.wovodo.de\/fr\/wp-json\/wp\/v2\/product"}],"about":[{"href":"https:\/\/testshop.igel.wovodo.de\/fr\/wp-json\/wp\/v2\/types\/product"}],"replies":[{"embeddable":true,"href":"https:\/\/testshop.igel.wovodo.de\/fr\/wp-json\/wp\/v2\/comments?post=30631"}],"version-history":[{"count":1,"href":"https:\/\/testshop.igel.wovodo.de\/fr\/wp-json\/wp\/v2\/product\/30631\/revisions"}],"predecessor-version":[{"id":35241,"href":"https:\/\/testshop.igel.wovodo.de\/fr\/wp-json\/wp\/v2\/product\/30631\/revisions\/35241"}],"wp:featuredmedia":[{"embeddable":true,"href":"https:\/\/testshop.igel.wovodo.de\/fr\/wp-json\/wp\/v2\/media\/33479"}],"wp:attachment":[{"href":"https:\/\/testshop.igel.wovodo.de\/fr\/wp-json\/wp\/v2\/media?parent=30631"}],"wp:term":[{"taxonomy":"product_brand","embeddable":true,"href":"https:\/\/testshop.igel.wovodo.de\/fr\/wp-json\/wp\/v2\/product_brand?post=30631"},{"taxonomy":"product_cat","embeddable":true,"href":"https:\/\/testshop.igel.wovodo.de\/fr\/wp-json\/wp\/v2\/product_cat?post=30631"},{"taxonomy":"product_tag","embeddable":true,"href":"https:\/\/testshop.igel.wovodo.de\/fr\/wp-json\/wp\/v2\/product_tag?post=30631"}],"curies":[{"name":"wp","href":"https:\/\/api.w.org\/{rel}","templated":true}]}}