{"id":30678,"date":"2024-10-31T14:11:59","date_gmt":"2024-10-31T13:11:59","guid":{"rendered":"https:\/\/testshop.igel.wovodo.de\/product\/230v-gartenbrunnen-3-stufige-stein-kaskade-mit-led-licht\/"},"modified":"2025-01-27T12:31:38","modified_gmt":"2025-01-27T11:31:38","slug":"230v-gartenbrunnen-3-stufige-stein-kaskade-mit-led-licht","status":"publish","type":"product","link":"https:\/\/testshop.igel.wovodo.de\/fr\/product\/230v-gartenbrunnen-3-stufige-stein-kaskade-mit-led-licht\/","title":{"rendered":"230V &#8211; Gartenbrunnen 3-Stufige STEIN-KASKADE  mit LED-Licht"},"content":{"rendered":"<div class=\"sale_application\">\n<ul>\n<li>LED-Gartenbrunnen f\u00fcr den Innen- und Au\u00dfenbereich mit 230\/12V-Netzadapter<\/li>\n<\/ul><\/div>\n<div class=\"sale_description\"> <strong>D\u00e9coratif &amp; bienfaisant<\/strong><\/p>\n<p>Der Kaskadenbrunnen  230V &#8211; Gartenbrunnen 3-Stufige STEIN-KASKADE  mit LED-Licht  ist f\u00fcr den <b>Int\u00e9rieur et ext\u00e9rieur<\/b> convient parfaitement. Cette \u00e9l\u00e9gante fontaine est aliment\u00e9e par un adaptateur secteur 230\/12 volts. Avec sa d\u00e9coration en pierre tr\u00e8s r\u00e9aliste, cette fontaine de jardin moderne cr\u00e9e une atmosph\u00e8re harmonieuse et propice \u00e0 la d\u00e9tente. L'\u00e9lixir de vie qu'est l'eau anime les salons, les salles \u00e0 manger, les couloirs et les entr\u00e9es, les jardins d'hiver ou les balcons, les terrasses et les jardins, que ce soit dans un cadre priv\u00e9 ou professionnel.<\/p>\n<p>\n<strong>Un accroche-regard parfait<\/strong><\/p>\n<p>Der Gartenbrunnen ist sowohl bei Tag als auch bei Nacht der perfekte Hingucker. Die mitgelieferte LED-Beleuchtung sorgt f\u00fcr die perfekte Illumination. Die LED-Lichter des austauschbaren LED-Rings erstrahlen in klassischem Wei\u00df.<\/p>\n<p>\n<strong>Valeur s\u00fbre, durabilit\u00e9 et s\u00e9curit\u00e9 de fonctionnement<\/strong><\/p>\n<p>Der moderne Kaskadenbrunnen  ist f\u00fcr den 230-Volt-Betrieb vorgesehen. Die Pumpe und die LEDs werden mit sicherer 12V-Niederspannung betrieben (Adapter im Lieferumfang enthalten). Alle Kabelverbindungen sind verpolungssicher, wasserdicht und absolut funktionssicher. Dank praktischer Steckverbindungen sind alle Komponenten jederzeit austauschbar. So k\u00f6nnen Sie den Wasserbrunnen mit der effektvollen LED-Beleuchtung und das flie\u00dfende Wasser jahrelang genie\u00dfen!<\/p>\n<\/p>\n<p><\/p>\n<div class=\"embed-responsive embed-responsive-16by9\">\n  <iframe width=\"560\" height=\"315\" src=\"https:\/\/www.youtube.com\/embed\/CDxqlNIa-PE?si=gz9ao_m3G89SYl9X&#038;rel=0\" title=\"Lecteur vid\u00e9o YouTube\" frameborder=\"0\" allow=\"accelerometer; autoplay; clipboard-write; encrypted-media; gyroscope; picture-in-picture; web-share\" allowfullscreen=\"\"><\/iframe><\/div>\n<p><b>Remarque :<\/b> Le gel peut endommager la fontaine de jardin et la pompe. En cas de risque de gel, il faut <b>la fontaine de jardin et la pompe doivent \u00eatre vid\u00e9es<\/b>Rinc\u00e9s \u00e0 l'eau claire, ils doivent \u00eatre stock\u00e9s au sec. Vous en profiterez alors tr\u00e8s longtemps !<\/p>\n<\/p><\/div>\n<h3>De nombreuses bonnes raisons d'acheter ce produit :<\/h3>\n<div class=\"sale_motive\">\n<ul>\n<li>Steckfertiger, sofort einsatzbereiter Gartenbrunnen<\/li>\n<li>a un effet vivifiant sur les sens<\/li>\n<li>am\u00e9liore la qualit\u00e9 de l'air<\/li>\n<li>wirklichkeitsgetreue Natursteindekoration<\/li>\n<li>Fontaines de jardin d'int\u00e9rieur et d'ext\u00e9rieur<\/li>\n<li>Avec raccordement 230V\/12V<\/li>\n<li>Inkl. 7 Watt starker Pumpe<\/li>\n<li>Inkl. LED-Ring in warmem Wei\u00df (austauschbar)<\/li>\n<\/ul>\n<p><p style=\"font-size:11px;\"><b>Avis juridique :<\/b> Nos produits sont color\u00e9s individuellement \u00e0 la main, des diff\u00e9rences de couleur ne peuvent donc pas \u00eatre \u00e9vit\u00e9es. En outre, en raison des conditions d'\u00e9clairage lors de la photographie du produit et des diff\u00e9rents r\u00e9glages de l'\u00e9cran, il peut arriver que la couleur du produit ne soit pas reproduite de mani\u00e8re authentique et ne constitue donc pas un motif de r\u00e9clamation.<\/p>\n<\/div>","protected":false},"excerpt":{"rendered":"<p>Gartenbrunnen &#8220;3-stufige STEIN-KASKADE&#8221; mit austauschbarem LED-Leuchtring (2*1)<br \/>\n  in wirklichkeitsgetreuer Steindekoration<\/p>","protected":false},"featured_media":39450,"comment_status":"open","ping_status":"closed","template":"","meta":[],"product_brand":[],"product_cat":[318,254,460,319,178],"product_tag":[],"class_list":{"0":"post-30678","1":"product","2":"type-product","3":"status-publish","4":"has-post-thumbnail","6":"product_cat-gartenbrunnen","7":"product_cat-brunnen-mit-230-v-betrieb","8":"product_cat-klassische-kaskaden","9":"product_cat-zimmerbrunnen","10":"product_cat-garten-u-zimmer-brunnen","12":"first","13":"instock","14":"taxable","15":"shipping-taxable","16":"purchasable","17":"product-type-simple"},"_links":{"self":[{"href":"https:\/\/testshop.igel.wovodo.de\/fr\/wp-json\/wp\/v2\/product\/30678","targetHints":{"allow":["GET"]}}],"collection":[{"href":"https:\/\/testshop.igel.wovodo.de\/fr\/wp-json\/wp\/v2\/product"}],"about":[{"href":"https:\/\/testshop.igel.wovodo.de\/fr\/wp-json\/wp\/v2\/types\/product"}],"replies":[{"embeddable":true,"href":"https:\/\/testshop.igel.wovodo.de\/fr\/wp-json\/wp\/v2\/comments?post=30678"}],"version-history":[{"count":4,"href":"https:\/\/testshop.igel.wovodo.de\/fr\/wp-json\/wp\/v2\/product\/30678\/revisions"}],"predecessor-version":[{"id":38762,"href":"https:\/\/testshop.igel.wovodo.de\/fr\/wp-json\/wp\/v2\/product\/30678\/revisions\/38762"}],"wp:featuredmedia":[{"embeddable":true,"href":"https:\/\/testshop.igel.wovodo.de\/fr\/wp-json\/wp\/v2\/media\/39450"}],"wp:attachment":[{"href":"https:\/\/testshop.igel.wovodo.de\/fr\/wp-json\/wp\/v2\/media?parent=30678"}],"wp:term":[{"taxonomy":"product_brand","embeddable":true,"href":"https:\/\/testshop.igel.wovodo.de\/fr\/wp-json\/wp\/v2\/product_brand?post=30678"},{"taxonomy":"product_cat","embeddable":true,"href":"https:\/\/testshop.igel.wovodo.de\/fr\/wp-json\/wp\/v2\/product_cat?post=30678"},{"taxonomy":"product_tag","embeddable":true,"href":"https:\/\/testshop.igel.wovodo.de\/fr\/wp-json\/wp\/v2\/product_tag?post=30678"}],"curies":[{"name":"wp","href":"https:\/\/api.w.org\/{rel}","templated":true}]}}