{"id":30704,"date":"2024-10-31T14:12:16","date_gmt":"2024-10-31T13:12:16","guid":{"rendered":"https:\/\/testshop.igel.wovodo.de\/product\/profi-airbrush-kompressor-accu-star-i-rosa\/"},"modified":"2025-01-27T12:31:44","modified_gmt":"2025-01-27T11:31:44","slug":"profi-airbrush-kompressor-accu-star-i-rosa","status":"publish","type":"product","link":"https:\/\/testshop.igel.wovodo.de\/fr\/product\/profi-airbrush-kompressor-accu-star-i-rosa\/","title":{"rendered":"Profi-AirBrush Kompressor ACCU-Star I ROSA"},"content":{"rendered":"<div class=\"sale_application\">\n<b><\/p>\n<p>Id\u00e9al pour la cosm\u00e9tique et la beaut\u00e9 (airbrush nail art, maquillage, coloration des cheveux, soins capillaires, spray tanning), l'art corporel (body painting, tatouage, cr\u00e9ation de masques), les loisirs (fleurs\/arrangements floraux, mod\u00e9lisme, c\u00e9ramique\/ poterie, textiles), les petits designs automobiles (bouchons de r\u00e9servoir\/casques), les illustrations techniques\/retouches de photos et la d\u00e9coration de produits alimentaires (g\u00e2teaux\/cupcakes). Les possibilit\u00e9s d'a\u00e9rographie sont pratiquement illimit\u00e9es.<\/p>\n<p><\/b> <\/div>\n<div class=\"sale_description\">\n<p>Der handliche Airbrush-Kompressor <b>AirBrush ACCU-Star I ROSA <\/b> \u00fcberzeugt durch seine durchdachte All-in-One-Bauweise. <\/p>\n<p>Sein kompaktes Design erm\u00f6glicht eine v\u00f6llig mobile Arbeitsweise &#8211; Bewegungsfreiheit ohne Anschlu\u00dfschlauch, perfekt geeignet, um kleinere Arbeiten unterwegs zu erledigen.<\/p>\n<p>Er liegt sicher in der Hand und erm\u00f6glicht durch sein Eigengewicht einen ruhigen, zitterfreien Farbauftrag. <\/p>\n<p>Der Farbauftrag kann eingestellt werden und die Farbausgabe ist gleichm\u00e4\u00dfig. <\/p>\n<p>Aufladen k\u00f6nnen Sie ihn an jedem PC mit dem mitgelieferten USB-Ladekabel. <\/p>\n<p>Die Anwendungsgebiete gehen \u00fcber Nagel Design, Dekoration von Torten, Blumen und Gestecken, Make-up, Kosmetik, Bodypainting, Body Art, Spray Tanning, Nagelgestaltung, Tattoos, Haart\u00f6nung, Haarpflege, Maskengestaltung, Bemalung von Hobbyartikeln, Modelherstellung, Gestaltung von Keramik\/Tonwaren, Helm-Design, Textilen aller Art, T-shirt-, Koffer-, Taschen-, Jeans-, Motorrad, Kfz-, Tankdeckel-&#8230; Gestaltungen bis zu technischen Illustrationen und Fotonachbesserung und vieles mehr. Es stehen Ihnen praktisch unbegrenzte M\u00f6glichkeiten f\u00fcr Airbrushing zur Verf\u00fcgung.<\/p>\n<\/div>\n<h3>De nombreuses bonnes raisons d'acheter ce produit :<\/h3>\n<div class=\"sale_motive\">\n<ul>\n<li>vielf\u00e4ltige Einsatzgebiete mit Standard-Anforderungen<\/li>\n<li>optimal pour une utilisation mobile<\/li>\n<li>transportable et rapidement pr\u00eat \u00e0 l'emploi<\/li>\n<li>\u00d6l- und wartungsfreier Kompressor<\/li>\n<\/ul>\n<\/div>","protected":false},"excerpt":{"rendered":"<p>Mini Airbrush Akku-Kompressor<\/p>\n<p>Kompressor-Leistung max. Druck 1,3 bar<\/p>\n<p>max. Luftabgabemenge: 7 l\/min, Motorleistung: 5V \/ 1.0A<\/p>\n<p>Geeignet f\u00fcr:<br \/>\nbis zu 0,4mm Airbrush<\/p>\n<p>Betriebsdauer: bis zu 50min<\/p>\n<p>Die Ladezeit betr\u00e4gt 1,5 Stunden, der Betrieb wird unterbrochen w\u00e4hrend der Ladezeit.<\/p>","protected":false},"featured_media":33724,"comment_status":"open","ping_status":"closed","template":"","meta":[],"product_brand":[],"product_cat":[342,355,238,190,192,193,185,189],"product_tag":[],"class_list":{"0":"post-30704","1":"product","2":"type-product","3":"status-publish","4":"has-post-thumbnail","6":"product_cat-starter-set","7":"product_cat-bodypainting-set","8":"product_cat-airbrush-tanning","9":"product_cat-mini-kompressor","10":"product_cat-airbrush-make-up-set","11":"product_cat-nailart-set","12":"product_cat-airbrush-sets","13":"product_cat-airbrush-kompressor","15":"first","16":"instock","17":"taxable","18":"shipping-taxable","19":"purchasable","20":"product-type-simple"},"_links":{"self":[{"href":"https:\/\/testshop.igel.wovodo.de\/fr\/wp-json\/wp\/v2\/product\/30704","targetHints":{"allow":["GET"]}}],"collection":[{"href":"https:\/\/testshop.igel.wovodo.de\/fr\/wp-json\/wp\/v2\/product"}],"about":[{"href":"https:\/\/testshop.igel.wovodo.de\/fr\/wp-json\/wp\/v2\/types\/product"}],"replies":[{"embeddable":true,"href":"https:\/\/testshop.igel.wovodo.de\/fr\/wp-json\/wp\/v2\/comments?post=30704"}],"version-history":[{"count":1,"href":"https:\/\/testshop.igel.wovodo.de\/fr\/wp-json\/wp\/v2\/product\/30704\/revisions"}],"predecessor-version":[{"id":35314,"href":"https:\/\/testshop.igel.wovodo.de\/fr\/wp-json\/wp\/v2\/product\/30704\/revisions\/35314"}],"wp:featuredmedia":[{"embeddable":true,"href":"https:\/\/testshop.igel.wovodo.de\/fr\/wp-json\/wp\/v2\/media\/33724"}],"wp:attachment":[{"href":"https:\/\/testshop.igel.wovodo.de\/fr\/wp-json\/wp\/v2\/media?parent=30704"}],"wp:term":[{"taxonomy":"product_brand","embeddable":true,"href":"https:\/\/testshop.igel.wovodo.de\/fr\/wp-json\/wp\/v2\/product_brand?post=30704"},{"taxonomy":"product_cat","embeddable":true,"href":"https:\/\/testshop.igel.wovodo.de\/fr\/wp-json\/wp\/v2\/product_cat?post=30704"},{"taxonomy":"product_tag","embeddable":true,"href":"https:\/\/testshop.igel.wovodo.de\/fr\/wp-json\/wp\/v2\/product_tag?post=30704"}],"curies":[{"name":"wp","href":"https:\/\/api.w.org\/{rel}","templated":true}]}}