{"id":30731,"date":"2024-10-31T14:12:32","date_gmt":"2024-10-31T13:12:32","guid":{"rendered":"https:\/\/testshop.igel.wovodo.de\/product\/teichbeluefter-set-solar-oxygen-4\/"},"modified":"2025-01-27T12:31:51","modified_gmt":"2025-01-27T11:31:51","slug":"teichbeluefter-set-solar-oxygen-4","status":"publish","type":"product","link":"https:\/\/testshop.igel.wovodo.de\/fr\/product\/teichbeluefter-set-solar-oxygen-4\/","title":{"rendered":"Teichbel\u00fcfter-Set Solar  OXYGEN-4"},"content":{"rendered":"<div class=\"sale_application\">\n<ul>\n<li>Sauerstoffspendende Teichpumpe mit Solar<\/li>\n<\/ul><\/div>\n<div class=\"sale_description\">\n<h3>Solarbetriebene Teichbel\u00fcftung<\/h3>\n<p>Mit dem <b>Teichbel\u00fcfter OXYGEN-4<\/b> wird Ihrem Gartenteich oder Fischteich zus\u00e4tzlich Sauerstoff zugef\u00fcgt. Das Solar-Teichbel\u00fcfter-Set setzt die Kraft der Sonne in sprudelnde Luft um. Hochwertige Komponenten bringen das Wasser in Bewegung, sobald das Sonnenlicht die Solarfl\u00e4che erreicht. Es wird kein zus\u00e4tzlicher Strom verbraucht &#8211; Betrieb ohne Folgekosten, das Verlegen von Kabeln im Garten entf\u00e4llt.<\/p>\n<h3>Steckfertiges System, sofort einsatzbereit!<\/h3>\n<p> Mit dem <b>Teichbel\u00fcfter-Set OXYGEN-4<\/b> wird Ihrem Gartenteich oder Fischteich zus\u00e4tzlich Sauerstoff zugef\u00fcgt. Das Solar-Teichbel\u00fcfter-Set setzt die Kraft der Sonne in sprudelnde Luft um. Das Solar-Komplett-Set ist als steckfertiges System mit allem Zubeh\u00f6r sofort einsatzbereit.<\/p>\n<h3>Gut f\u00fcr alle Lebewesen im Teich!<\/h3>\n<p>Die Umw\u00e4lzung von Wasser- und Sauerstoff-Anreicherungen verbessert den Sauerstoff-Gehalt im Wasser und die Wasserqualit\u00e4t in Ihrem Teich. Gut f\u00fcr alle Lebewesen in Ihrem Teich &#8211; ob Pflanzen oder Tiere! Bei der Verwendung eines Filters wird dessen Funktion durch die Umschichtung von Wasser- und Schmutzschichten verbessert und unterst\u00fctzt. Au\u00dferdem wird durch die verbesserte Wasserqualit\u00e4t ein Umkippen des Gew\u00e4ssers verhindert.<\/p>\n<h3>Optimale Platzierung<\/h3>\n<p>Das Solar-Panel erbringt eine Leistung von 2,5 Watt. Dank des 3 Meter langen Anschlusskabels zwischen Luftpumpe und Solar-Panel l\u00e4sst sich dieses ideal an der Sonne ausrichten. Das Teichbel\u00fcfter-Set umfasst 2 Sprudelsteine f\u00fcr eine optimale Platzierung im Teich. Die F\u00f6rdermenge betr\u00e4gt je Stein 100 Liter pro Stunde (2*100l\/h).<\/p>\n<\/div>\n<h3>De nombreuses bonnes raisons d'acheter ce produit :<\/h3>\n<div class=\"sale_motive\">\n<ul>\n<li>Komplettes Solar-Set &#8220;Solar Teichbel\u00fcfter-Set OXYGEN-4&#8221;<\/li>\n<li>2 Betriebsarten &#8211; f&uuml;r <b>Sommer- und Winterbetrieb<\/b> (Dauer- oder Pulse-Time-Betrieb)<\/li>\n<li>hochwertiges Solarpanel mit einer Leistung von <b>2,5 Watt<\/b><\/li>\n<li>inkl. <b>Lithium-Ion-Akku<\/b><\/li>\n<li>mit 2 Sauerstoff-Sprudel-Steinen<\/li>\n<li>max. F\u00f6rdermenge 2*100 l\/h<\/li>\n<li>3m &#8211; Anschlusskabel zwischen Luftpumpe und Solarpanel f\u00fcr die optimale Plazierung<\/li>\n<li>inkl. 2 Stk. Luftschlauch 2m L\u00e4nge<\/li>\n<li>Sofort einsatzbereit<\/li>\n<li>Verbessert den Sauerstoffgehalt im Teich<\/li>\n<li>Verbessert die Wasserqualit\u00e4t &#8211; gut f\u00fcr alle Lebewesen in Ihrem Teich!<\/li>\n<li>Verbessert das Teichklima an warmen Tagen<\/li>\n<\/ul>\n<\/div>","protected":false},"excerpt":{"rendered":"<p>Leistung max. 2,5 Watt | max. F\u00f6rdermenge 2x100L\/h<br \/>\n<b>2 Betriebsarten f\u00fcr Sommer- und Winterbetrieb!<br \/>\n  Mit Li-Ion-Batterie!<\/b><\/p>","protected":false},"featured_media":33781,"comment_status":"open","ping_status":"closed","template":"","meta":[],"product_brand":[],"product_cat":[470],"product_tag":[],"class_list":{"0":"post-30731","1":"product","2":"type-product","3":"status-publish","4":"has-post-thumbnail","6":"product_cat-solar-teichbelueftung","8":"first","9":"instock","10":"taxable","11":"shipping-taxable","12":"purchasable","13":"product-type-simple"},"_links":{"self":[{"href":"https:\/\/testshop.igel.wovodo.de\/fr\/wp-json\/wp\/v2\/product\/30731","targetHints":{"allow":["GET"]}}],"collection":[{"href":"https:\/\/testshop.igel.wovodo.de\/fr\/wp-json\/wp\/v2\/product"}],"about":[{"href":"https:\/\/testshop.igel.wovodo.de\/fr\/wp-json\/wp\/v2\/types\/product"}],"replies":[{"embeddable":true,"href":"https:\/\/testshop.igel.wovodo.de\/fr\/wp-json\/wp\/v2\/comments?post=30731"}],"version-history":[{"count":4,"href":"https:\/\/testshop.igel.wovodo.de\/fr\/wp-json\/wp\/v2\/product\/30731\/revisions"}],"predecessor-version":[{"id":39537,"href":"https:\/\/testshop.igel.wovodo.de\/fr\/wp-json\/wp\/v2\/product\/30731\/revisions\/39537"}],"wp:featuredmedia":[{"embeddable":true,"href":"https:\/\/testshop.igel.wovodo.de\/fr\/wp-json\/wp\/v2\/media\/33781"}],"wp:attachment":[{"href":"https:\/\/testshop.igel.wovodo.de\/fr\/wp-json\/wp\/v2\/media?parent=30731"}],"wp:term":[{"taxonomy":"product_brand","embeddable":true,"href":"https:\/\/testshop.igel.wovodo.de\/fr\/wp-json\/wp\/v2\/product_brand?post=30731"},{"taxonomy":"product_cat","embeddable":true,"href":"https:\/\/testshop.igel.wovodo.de\/fr\/wp-json\/wp\/v2\/product_cat?post=30731"},{"taxonomy":"product_tag","embeddable":true,"href":"https:\/\/testshop.igel.wovodo.de\/fr\/wp-json\/wp\/v2\/product_tag?post=30731"}],"curies":[{"name":"wp","href":"https:\/\/api.w.org\/{rel}","templated":true}]}}