{"id":30758,"date":"2024-10-31T14:12:49","date_gmt":"2024-10-31T13:12:49","guid":{"rendered":"https:\/\/testshop.igel.wovodo.de\/product\/solar-teichpumpe-set-ruegen-200\/"},"modified":"2025-01-27T12:32:04","modified_gmt":"2025-01-27T11:32:04","slug":"solar-teichpumpe-set-ruegen-200","status":"publish","type":"product","link":"https:\/\/testshop.igel.wovodo.de\/fr\/product\/solar-teichpumpe-set-ruegen-200\/","title":{"rendered":"Kit pompe de bassin solaire \"R\u00fcgen 200"},"content":{"rendered":"<div class=\"sale_description\">\n<p><b>Das neue Teichpumpen-Set R\u00dcGEN 200-1<\/b> ist die erste und einzige SOLARTEICHPUMPE im Steindesign mit LED-Licht und Akku. Neu ist auch das innovative Tag &amp; Nacht Steuerungs- und Ladesystem. Ist gerade ausreichend Sonnenlicht vorhanden, so wird damit nur die Solarpumpe versorgt. Ist mehr Sonnenintensit\u00e4t vorhanden, als f\u00fcr den reinen Pumpenbetrieb n\u00f6tig, so wird mit der \u00fcbersch\u00fcssigen Energie der Akku geladen. Sinkt an bew\u00f6lkten Tagen die Sonnenintensit\u00e4t auf ein Minimum, so wird damit der Akku geladen, bis der Akku-Ladezustand ausreicht, um die Pumpe zu betreiben. Dann wird die Pumpe gestartet. Bei einsetzender D\u00e4mmerung und geladenem Akku wird automatisch auf Nachtbetrieb umgeschaltet. Das LED-Licht geht an und die Pumpe l\u00e4uft bis zum Akku-Mindestentladezustand. Der Akku-Mindestladezustand gew\u00e4hrleistet eine lange AKKU-Lebensdauer. Am n\u00e4chsten Tag wird wieder zun\u00e4chst der Akku aufgeladen und dann die Pumpe (ohne Licht)  gestartet. So haben Sie 100% mehr Freude an Ihrer Solarteichpumpe. Die Lebewesen im Teich werden dadurch bis zu 100% besser mit Sauerstoff versorgt und Ihr Teich bleibt vital! Unser KNOW-HOW-Vorsprung=GROSSE WIRKUNG zum SUPER-PREIS!<\/p>\n<p><b>Solar-System R\u00dcGEN 200 -1 &#8211; Das Lebensgef\u00fchl f\u00fcr Ihre Teich-Oase!<\/b><\/p>\n<p>Das innovative Solar-Pumpensystem garantiert Ihnen jahrelange Freude. Es hat eine Lebensdauer \u00fcber 60.000 Stunden, in denen Sie die sch\u00f6nen Font\u00e4nen bewundern k\u00f6nnen, ohne an die stetig wachsenden Strompreise denken zu m\u00fcssen.<\/p>\n<\/p>\n<p class=\"high2\">HINWEIS: ACHTEN SIE BEIM SOLARMODUL AUF HOCHWERTIGEN ALU-RAHMEN und STABILEN UNTERBAU. BILLIG-SOLARMODULE OHNE RAHMEN, MIT PLASTIK-RAHMEN oder OHNE STABILE TR\u00c4GERSYSTEME SIND SEHR STOSS- UND WITTERUNGS-EMPFINDLICH UND GEHEN DESWEGEN SCHNELL KAPUTT!<\/p>\n<p><b>Funktion:<\/b><\/p>\n<ol>\n<li>Bei viel Sonnenlicht wird Pumpe durch Solarenergie betrieben und der Akku geladen.<\/li>\n<li>Bei wenig Sonnenlicht wird Pumpe durch Akku angetrieben. Pumpe l\u00e4uft so lange bis der Akku entladen ist (Spannung sinkt unter den Betriebsspannung-Wert.<\/li>\n<li>Ohne Sonnenlicht wird Pumpe durch Akku angetrieben. Pumpe l\u00e4uft so lange bis Akku entladen ist (Spannung sinkt unter den Wert der Betriebsspannung). Ist bei Sonnenlicht der Akku wieder auf den Wert der Betriebsspannung aufgeladen, f\u00e4ngt die Pumpe von alleine an zu laufen.<\/li>\n<li>Bedientasten &#8211; &#8220;Power on\/off&#8221;- Damit wird das Set ein\/aus-geschaltet.<\/li>\n<\/ol>\n<\/div>\n<h3>De nombreuses bonnes raisons d'acheter ce produit :<\/h3>\n<div class=\"sale_motive\">\n<ul>\n<li><font color=\"#FF0000\"><b>2 Jahre Garantie, Lebensdauer \u00fcber 60.000 Betriebsstunden* (Hinweis weiter unten)<\/b><\/font>\n<\/li>\n<li>NEUES Modell EXKLUSIV nur bei UNS!!! <strong><span style=\"color: black;\">MIT AKKU und&nbsp; LICHT<\/span> !<\/strong>\n<\/li>\n<li>TAG und NACHT-BETRIEB\n<\/li>\n<li>Innnovative Programm-Automatik\n<\/li>\n<li>Betrieb im Schatten und in der Sonne\n<\/li>\n<li>es wird kein zus\u00e4tzlicher Strom verbraucht &#8211; Betrieb ohne Folgekosten, das Verlegen von Kabeln im Garten entf\u00e4llt\n<\/li>\n<li>mit langlebigen stabilem belastbaren 2Watt-SOLARPANEL-Tr\u00e4ger\n<\/li>\n<li>integrierter Filter sch\u00fctzt die Pumpe (l\u00e4sst sich leicht reinigen)\n<\/li>\n<li>5 Meter Anschlusskabel machen eine optimale Platzierung des Panels im sonnigen Bereich m\u00f6glich<\/li>\n<\/ul>\n<p>*Garantie gilt nur f\u00fcr Teichpumpe, nicht Solarpanel Figure oder Kabel.<\/p>\n<\/div>","protected":false},"excerpt":{"rendered":"<p>2 Watt | max. 250 L\/H | 90CM F\u00d6RDERH\u00d6HE | 4 D\u00dcSEN<\/p>\n<p class=\"high2\">&#8220;NEU! AKKU+LED!&#8221;<\/p>","protected":false},"featured_media":39953,"comment_status":"open","ping_status":"closed","template":"","meta":[],"product_brand":[],"product_cat":[363,278,430],"product_tag":[],"class_list":{"0":"post-30758","1":"product","2":"type-product","3":"status-publish","4":"has-post-thumbnail","6":"product_cat-solar-teichpumpen","7":"product_cat-brunnen-mit-solar-betrieb","8":"product_cat-solar-teichdekoration","10":"first","11":"instock","12":"taxable","13":"shipping-taxable","14":"purchasable","15":"product-type-simple"},"_links":{"self":[{"href":"https:\/\/testshop.igel.wovodo.de\/fr\/wp-json\/wp\/v2\/product\/30758","targetHints":{"allow":["GET"]}}],"collection":[{"href":"https:\/\/testshop.igel.wovodo.de\/fr\/wp-json\/wp\/v2\/product"}],"about":[{"href":"https:\/\/testshop.igel.wovodo.de\/fr\/wp-json\/wp\/v2\/types\/product"}],"replies":[{"embeddable":true,"href":"https:\/\/testshop.igel.wovodo.de\/fr\/wp-json\/wp\/v2\/comments?post=30758"}],"version-history":[{"count":3,"href":"https:\/\/testshop.igel.wovodo.de\/fr\/wp-json\/wp\/v2\/product\/30758\/revisions"}],"predecessor-version":[{"id":39954,"href":"https:\/\/testshop.igel.wovodo.de\/fr\/wp-json\/wp\/v2\/product\/30758\/revisions\/39954"}],"wp:featuredmedia":[{"embeddable":true,"href":"https:\/\/testshop.igel.wovodo.de\/fr\/wp-json\/wp\/v2\/media\/39953"}],"wp:attachment":[{"href":"https:\/\/testshop.igel.wovodo.de\/fr\/wp-json\/wp\/v2\/media?parent=30758"}],"wp:term":[{"taxonomy":"product_brand","embeddable":true,"href":"https:\/\/testshop.igel.wovodo.de\/fr\/wp-json\/wp\/v2\/product_brand?post=30758"},{"taxonomy":"product_cat","embeddable":true,"href":"https:\/\/testshop.igel.wovodo.de\/fr\/wp-json\/wp\/v2\/product_cat?post=30758"},{"taxonomy":"product_tag","embeddable":true,"href":"https:\/\/testshop.igel.wovodo.de\/fr\/wp-json\/wp\/v2\/product_tag?post=30758"}],"curies":[{"name":"wp","href":"https:\/\/api.w.org\/{rel}","templated":true}]}}