{"id":30764,"date":"2024-10-31T14:12:53","date_gmt":"2024-10-31T13:12:53","guid":{"rendered":"https:\/\/testshop.igel.wovodo.de\/product\/vorfilter-2-liter\/"},"modified":"2025-01-27T12:32:06","modified_gmt":"2025-01-27T11:32:06","slug":"vorfilter-2-liter","status":"publish","type":"product","link":"https:\/\/testshop.igel.wovodo.de\/fr\/product\/vorfilter-2-liter\/","title":{"rendered":"Vorfilter 2 Liter"},"content":{"rendered":"<div class=\"sale_application\">\n<ul>\n<li>Vorfilter f\u00fcr Pumpen und Schaltger\u00e4te<\/li>\n<li>Feinfilterung f\u00fcr Waschmaschinen, etc.<\/li>\n<\/ul><\/div>\n<div class=\"sale_description\">\n<p>Der Kartuschenfilter wird je nach Anwendungsfall vor dem Abnehmer (z.B. Waschmaschine) oder vor der Pumpe (z.B. bei Kreiselpumpen) eingebaut. Mit einer sehr feinen Maschenweite von nur 0,15 mm werden selbst kleinste Partikel aus dem Wasser gefiltert. Durch das robuste, schwarze Geh\u00e4use wird die Keimbildung auf der Siebfl\u00e4che verhindert.<\/p>\n<p>Der Kartuschenfilter wird zu jeder Pumpe dringend empfohlen!<\/p>\n<p><\/p>\n<p><strong>Unsere Tipps:<\/strong><br \/>\n  Die Bauart des Filters setzt eine bestimmte Durchflussrichtung voraus. Daher niemals den Filter falsch herum montieren! Bitte beachten Sie unbedingt die Durchflussrichtungs-Markierung auf dem Kartuschenfilter.<\/p>\n<p>Um eine Druckminderung oder eine Besch\u00e4digung der Pumpe zu vermeiden, wird empfohlen regelm\u00e4\u00dfig (ca. alle 2-3 Monate) den Filter zu \u00fcberpr\u00fcfen und gegebenfalls zu s\u00e4ubern.<\/p>\n<\/div>\n<h3>De nombreuses bonnes raisons d'acheter ce produit :<\/h3>\n<div class=\"sale_motive\">\n<ul>\n<li>Vermeidung von Verstopfungen (z.B. bei Austrittsd\u00fcsen von Rasensprenklern)<\/li>\n<li>keine Schmutzablagerung in den Rohren<\/li>\n<li>Optimaler Schutz f\u00fcr Pumpen und nachgeordnete Bauteile<\/li>\n<li>Funktionsverbessernd bei Schaltger\u00e4ten<\/li>\n<li>besonders hohes R\u00fcckhalteverm\u00f6gen<\/li>\n<li>schnelles S\u00e4ubern\/ Auswechseln des Filters<\/li>\n<li>sehr feine Maschenweite (nur 0,15mm)<\/li>\n<li>kompakte Bauart<\/li>\n<li>leicht zu montieren<\/li>\n<\/ul>\n<\/div>","protected":false},"excerpt":{"rendered":"<p>Vorfilter mit sehr feiner Maschenweite (0,15mm)<\/p>","protected":false},"featured_media":39800,"comment_status":"open","ping_status":"closed","template":"","meta":[],"product_brand":[],"product_cat":[451,199,201,203,205],"product_tag":[],"class_list":{"0":"post-30764","1":"product","2":"type-product","3":"status-publish","4":"has-post-thumbnail","6":"product_cat-kartuschenfilter","7":"product_cat-zubehoer-hww","8":"product_cat-zubehoer-tauchpumpen","9":"product_cat-zubehoer-kreiselpumpe","10":"product_cat-zubehoer-brunnenpumpe","12":"first","13":"instock","14":"taxable","15":"shipping-taxable","16":"purchasable","17":"product-type-simple"},"_links":{"self":[{"href":"https:\/\/testshop.igel.wovodo.de\/fr\/wp-json\/wp\/v2\/product\/30764","targetHints":{"allow":["GET"]}}],"collection":[{"href":"https:\/\/testshop.igel.wovodo.de\/fr\/wp-json\/wp\/v2\/product"}],"about":[{"href":"https:\/\/testshop.igel.wovodo.de\/fr\/wp-json\/wp\/v2\/types\/product"}],"replies":[{"embeddable":true,"href":"https:\/\/testshop.igel.wovodo.de\/fr\/wp-json\/wp\/v2\/comments?post=30764"}],"version-history":[{"count":3,"href":"https:\/\/testshop.igel.wovodo.de\/fr\/wp-json\/wp\/v2\/product\/30764\/revisions"}],"predecessor-version":[{"id":39544,"href":"https:\/\/testshop.igel.wovodo.de\/fr\/wp-json\/wp\/v2\/product\/30764\/revisions\/39544"}],"wp:featuredmedia":[{"embeddable":true,"href":"https:\/\/testshop.igel.wovodo.de\/fr\/wp-json\/wp\/v2\/media\/39800"}],"wp:attachment":[{"href":"https:\/\/testshop.igel.wovodo.de\/fr\/wp-json\/wp\/v2\/media?parent=30764"}],"wp:term":[{"taxonomy":"product_brand","embeddable":true,"href":"https:\/\/testshop.igel.wovodo.de\/fr\/wp-json\/wp\/v2\/product_brand?post=30764"},{"taxonomy":"product_cat","embeddable":true,"href":"https:\/\/testshop.igel.wovodo.de\/fr\/wp-json\/wp\/v2\/product_cat?post=30764"},{"taxonomy":"product_tag","embeddable":true,"href":"https:\/\/testshop.igel.wovodo.de\/fr\/wp-json\/wp\/v2\/product_tag?post=30764"}],"curies":[{"name":"wp","href":"https:\/\/api.w.org\/{rel}","templated":true}]}}